{"id":856,"date":"2024-03-11T21:11:02","date_gmt":"2024-03-12T00:11:02","guid":{"rendered":"https:\/\/executivaoffice.com.br\/?page_id=856"},"modified":"2024-03-11T21:17:23","modified_gmt":"2024-03-12T00:17:23","slug":"politica","status":"publish","type":"page","link":"https:\/\/executivaoffice.com.br\/index.php\/politica\/","title":{"rendered":"Politica"},"content":{"rendered":"\t\t<div data-elementor-type=\"wp-page\" data-elementor-id=\"856\" class=\"elementor elementor-856\" data-elementor-post-type=\"page\">\n\t\t\t\t\t\t<section class=\"elementor-section elementor-top-section elementor-element elementor-element-70336032 elementor-section-boxed elementor-section-height-default elementor-section-height-default\" data-id=\"70336032\" data-element_type=\"section\" data-settings=\"{&quot;background_background&quot;:&quot;classic&quot;}\">\n\t\t\t\t\t\t\t<div class=\"elementor-background-overlay\"><\/div>\n\t\t\t\t\t\t\t<div class=\"elementor-container elementor-column-gap-default\">\n\t\t\t\t\t<div class=\"elementor-column elementor-col-100 elementor-top-column elementor-element elementor-element-66ae4f9b\" data-id=\"66ae4f9b\" data-element_type=\"column\" data-settings=\"{&quot;background_background&quot;:&quot;classic&quot;}\">\n\t\t\t<div class=\"elementor-widget-wrap elementor-element-populated\">\n\t\t\t\t\t\t<div class=\"elementor-element elementor-element-2dfa9e4d elementor-absolute elementor-invisible elementor-widget elementor-widget-heading\" data-id=\"2dfa9e4d\" data-element_type=\"widget\" data-settings=\"{&quot;_position&quot;:&quot;absolute&quot;,&quot;_animation&quot;:&quot;fadeInUp&quot;}\" data-widget_type=\"heading.default\">\n\t\t\t\t<div class=\"elementor-widget-container\">\n\t\t\t\t\t<div class=\"elementor-heading-title elementor-size-default\">Privacidade<\/div>\t\t\t\t<\/div>\n\t\t\t\t<\/div>\n\t\t\t\t<section class=\"elementor-section elementor-inner-section elementor-element elementor-element-147665f elementor-section-boxed elementor-section-height-default elementor-section-height-default\" data-id=\"147665f\" data-element_type=\"section\">\n\t\t\t\t\t\t<div class=\"elementor-container elementor-column-gap-default\">\n\t\t\t\t\t<div class=\"elementor-column elementor-col-100 elementor-inner-column elementor-element elementor-element-e35a46c\" data-id=\"e35a46c\" data-element_type=\"column\">\n\t\t\t<div class=\"elementor-widget-wrap elementor-element-populated\">\n\t\t\t\t\t\t<div class=\"elementor-element elementor-element-2f152c0c elementor-invisible elementor-widget elementor-widget-heading\" data-id=\"2f152c0c\" data-element_type=\"widget\" data-settings=\"{&quot;_animation&quot;:&quot;fadeInLeft&quot;}\" data-widget_type=\"heading.default\">\n\t\t\t\t<div class=\"elementor-widget-container\">\n\t\t\t\t\t<h1 class=\"elementor-heading-title elementor-size-default\">Politica<\/h1>\t\t\t\t<\/div>\n\t\t\t\t<\/div>\n\t\t\t\t<div class=\"elementor-element elementor-element-7be25556 elementor-invisible elementor-widget elementor-widget-heading\" data-id=\"7be25556\" data-element_type=\"widget\" data-settings=\"{&quot;_animation&quot;:&quot;fadeInRight&quot;}\" data-widget_type=\"heading.default\">\n\t\t\t\t<div class=\"elementor-widget-container\">\n\t\t\t\t\t<h4 class=\"elementor-heading-title elementor-size-default\">Seus dados est\u00e3o seguros\n<\/h4>\t\t\t\t<\/div>\n\t\t\t\t<\/div>\n\t\t\t\t\t<\/div>\n\t\t<\/div>\n\t\t\t\t\t<\/div>\n\t\t<\/section>\n\t\t\t\t\t<\/div>\n\t\t<\/div>\n\t\t\t\t\t<\/div>\n\t\t<\/section>\n\t\t<div class=\"elementor-element elementor-element-0cb18f3 e-flex e-con-boxed e-con e-parent\" data-id=\"0cb18f3\" data-element_type=\"container\">\n\t\t\t\t\t<div class=\"e-con-inner\">\n\t\t\t\t<div class=\"elementor-element elementor-element-2fbbda5 elementor-widget elementor-widget-spacer\" data-id=\"2fbbda5\" data-element_type=\"widget\" data-widget_type=\"spacer.default\">\n\t\t\t\t<div class=\"elementor-widget-container\">\n\t\t\t\t\t\t\t<div class=\"elementor-spacer\">\n\t\t\t<div class=\"elementor-spacer-inner\"><\/div>\n\t\t<\/div>\n\t\t\t\t\t\t<\/div>\n\t\t\t\t<\/div>\n\t\t\t\t<div class=\"elementor-element elementor-element-c0ddcf2 elementor-widget elementor-widget-heading\" data-id=\"c0ddcf2\" data-element_type=\"widget\" data-widget_type=\"heading.default\">\n\t\t\t\t<div class=\"elementor-widget-container\">\n\t\t\t\t\t<h2 class=\"elementor-heading-title elementor-size-default\">Pol\u00edtica de Privacidade<\/h2>\t\t\t\t<\/div>\n\t\t\t\t<\/div>\n\t\t\t\t<div class=\"elementor-element elementor-element-5ffd3a4 elementor-widget elementor-widget-spacer\" data-id=\"5ffd3a4\" data-element_type=\"widget\" data-widget_type=\"spacer.default\">\n\t\t\t\t<div class=\"elementor-widget-container\">\n\t\t\t\t\t\t\t<div class=\"elementor-spacer\">\n\t\t\t<div class=\"elementor-spacer-inner\"><\/div>\n\t\t<\/div>\n\t\t\t\t\t\t<\/div>\n\t\t\t\t<\/div>\n\t\t\t\t\t<\/div>\n\t\t\t\t<\/div>\n\t\t<div class=\"elementor-element elementor-element-6e27a23 e-flex e-con-boxed e-con e-parent\" data-id=\"6e27a23\" data-element_type=\"container\">\n\t\t\t\t\t<div class=\"e-con-inner\">\n\t\t\t\t<div class=\"elementor-element elementor-element-bef0af5 elementor-widget elementor-widget-text-editor\" data-id=\"bef0af5\" data-element_type=\"widget\" data-widget_type=\"text-editor.default\">\n\t\t\t\t<div class=\"elementor-widget-container\">\n\t\t\t\t\t\t\t\t\t<p>Pol\u00edtica de Privacidade da Executiva Office:<\/p><p>Na Executiva Office, a privacidade dos nossos visitantes \u00e9 de extrema import\u00e2ncia para n\u00f3s. Esta pol\u00edtica de privacidade descreve os tipos de informa\u00e7\u00f5es pessoais que s\u00e3o coletadas e recebidas pelo site da Executiva Office (<a href=\"http:\/\/www.executiveoffice.com\/\" target=\"_new\">www.executiveoffice.com<\/a>) e como essas informa\u00e7\u00f5es s\u00e3o utilizadas.<\/p><ol><li><p><strong>Informa\u00e7\u00f5es coletadas:<\/strong><\/p><ul><li>Podemos coletar informa\u00e7\u00f5es pessoais, como nome, endere\u00e7o de e-mail, n\u00famero de telefone, endere\u00e7o postal, informa\u00e7\u00f5es de pagamento, entre outras, quando fornecidas voluntariamente pelos usu\u00e1rios ao preencher formul\u00e1rios de contato, realizar compras ou interagir de outras formas com o nosso site.<\/li><\/ul><\/li><li><p><strong>Uso das informa\u00e7\u00f5es:<\/strong><\/p><ul><li>As informa\u00e7\u00f5es pessoais fornecidas ser\u00e3o utilizadas para os fins espec\u00edficos para os quais foram fornecidas, como processar pedidos, fornecer suporte ao cliente, enviar atualiza\u00e7\u00f5es sobre produtos e servi\u00e7os, entre outros.<\/li><li>As informa\u00e7\u00f5es n\u00e3o pessoais coletadas automaticamente, como dados de navega\u00e7\u00e3o, podem ser utilizadas para melhorar a experi\u00eancia do usu\u00e1rio, personalizar o conte\u00fado do site, analisar tend\u00eancias e administrar o site.<\/li><\/ul><\/li><li><p><strong>Cookies:<\/strong><\/p><ul><li>O site da Executiva Office pode utilizar cookies para melhorar a experi\u00eancia do usu\u00e1rio. Os cookies s\u00e3o pequenos arquivos de texto armazenados no computador do usu\u00e1rio para rastrear informa\u00e7\u00f5es sobre sua visita ao site e permitir a personaliza\u00e7\u00e3o do conte\u00fado.<\/li><li>Os usu\u00e1rios podem optar por desativar os cookies nas configura\u00e7\u00f5es do navegador, mas isso pode afetar a funcionalidade e a experi\u00eancia de navega\u00e7\u00e3o do site.<\/li><\/ul><\/li><li><p><strong>Compartilhamento de informa\u00e7\u00f5es:<\/strong><\/p><ul><li>N\u00e3o compartilhamos informa\u00e7\u00f5es pessoais dos usu\u00e1rios com terceiros, exceto quando necess\u00e1rio para fornecer servi\u00e7os solicitados pelos usu\u00e1rios ou quando exigido por lei.<\/li><li>Podemos compartilhar informa\u00e7\u00f5es agregadas e n\u00e3o pessoais com parceiros de neg\u00f3cios ou para fins de marketing e publicidade.<\/li><\/ul><\/li><li><p><strong>Seguran\u00e7a:<\/strong><\/p><ul><li>Implementamos medidas de seguran\u00e7a para proteger as informa\u00e7\u00f5es pessoais dos usu\u00e1rios contra acesso n\u00e3o autorizado, altera\u00e7\u00e3o, divulga\u00e7\u00e3o ou destrui\u00e7\u00e3o.<\/li><li>No entanto, \u00e9 importante lembrar que nenhuma transmiss\u00e3o de dados pela Internet ou armazenamento eletr\u00f4nico \u00e9 100% seguro. Portanto, n\u00e3o podemos garantir a seguran\u00e7a absoluta das informa\u00e7\u00f5es.<\/li><\/ul><\/li><li><p><strong>Altera\u00e7\u00f5es na pol\u00edtica de privacidade:<\/strong><\/p><ul><li>Podemos atualizar esta pol\u00edtica de privacidade periodicamente para refletir mudan\u00e7as nas pr\u00e1ticas de privacidade. Recomendamos que os usu\u00e1rios revisem esta pol\u00edtica regularmente para estar cientes de quaisquer altera\u00e7\u00f5es.<\/li><\/ul><\/li><\/ol><p>Ao utilizar o site da Executiva Office, os usu\u00e1rios concordam com os termos desta pol\u00edtica de privacidade. Se tiverem alguma d\u00favida ou preocupa\u00e7\u00e3o sobre nossas pr\u00e1ticas de privacidade, os usu\u00e1rios podem entrar em contato conosco atrav\u00e9s das informa\u00e7\u00f5es fornecidas na se\u00e7\u00e3o de contatos do site.<\/p>\t\t\t\t\t\t\t\t<\/div>\n\t\t\t\t<\/div>\n\t\t\t\t\t<\/div>\n\t\t\t\t<\/div>\n\t\t<div class=\"elementor-element elementor-element-d3326e3 e-flex e-con-boxed e-con e-parent\" data-id=\"d3326e3\" data-element_type=\"container\">\n\t\t\t\t\t<div class=\"e-con-inner\">\n\t\t\t\t<div class=\"elementor-element elementor-element-189fde6 elementor-widget elementor-widget-spacer\" data-id=\"189fde6\" data-element_type=\"widget\" data-widget_type=\"spacer.default\">\n\t\t\t\t<div class=\"elementor-widget-container\">\n\t\t\t\t\t\t\t<div class=\"elementor-spacer\">\n\t\t\t<div class=\"elementor-spacer-inner\"><\/div>\n\t\t<\/div>\n\t\t\t\t\t\t<\/div>\n\t\t\t\t<\/div>\n\t\t\t\t\t<\/div>\n\t\t\t\t<\/div>\n\t\t\t\t<\/div>\n\t\t","protected":false},"excerpt":{"rendered":"<p>Privacidade Seus dados est\u00e3o seguros Pol\u00edtica de Privacidade Pol\u00edtica de Privacidade da Executiva Office: Na Executiva Office, a privacidade dos nossos visitantes \u00e9 de extrema import\u00e2ncia para n\u00f3s. Esta pol\u00edtica de privacidade descreve os tipos de informa\u00e7\u00f5es pessoais que s\u00e3o coletadas e recebidas pelo site da Executiva Office (www.executiveoffice.com) e como essas informa\u00e7\u00f5es s\u00e3o utilizadas. [&hellip;]<\/p>\n","protected":false},"author":1,"featured_media":0,"parent":0,"menu_order":0,"comment_status":"closed","ping_status":"closed","template":"","meta":{"_joinchat":[],"footnotes":""},"class_list":["post-856","page","type-page","status-publish","hentry"],"_links":{"self":[{"href":"https:\/\/executivaoffice.com.br\/index.php\/wp-json\/wp\/v2\/pages\/856","targetHints":{"allow":["GET"]}}],"collection":[{"href":"https:\/\/executivaoffice.com.br\/index.php\/wp-json\/wp\/v2\/pages"}],"about":[{"href":"https:\/\/executivaoffice.com.br\/index.php\/wp-json\/wp\/v2\/types\/page"}],"author":[{"embeddable":true,"href":"https:\/\/executivaoffice.com.br\/index.php\/wp-json\/wp\/v2\/users\/1"}],"replies":[{"embeddable":true,"href":"https:\/\/executivaoffice.com.br\/index.php\/wp-json\/wp\/v2\/comments?post=856"}],"version-history":[{"count":7,"href":"https:\/\/executivaoffice.com.br\/index.php\/wp-json\/wp\/v2\/pages\/856\/revisions"}],"predecessor-version":[{"id":866,"href":"https:\/\/executivaoffice.com.br\/index.php\/wp-json\/wp\/v2\/pages\/856\/revisions\/866"}],"wp:attachment":[{"href":"https:\/\/executivaoffice.com.br\/index.php\/wp-json\/wp\/v2\/media?parent=856"}],"curies":[{"name":"wp","href":"https:\/\/api.w.org\/{rel}","templated":true}]}}