{"id":1003,"date":"2024-03-26T13:57:49","date_gmt":"2024-03-26T16:57:49","guid":{"rendered":"https:\/\/executivaoffice.com.br\/?post_type=product&#038;p=1003"},"modified":"2025-09-01T13:30:31","modified_gmt":"2025-09-01T16:30:31","slug":"cadeira-fixa-secretaria","status":"publish","type":"product","link":"https:\/\/executivaoffice.com.br\/index.php\/produto\/cadeira-fixa-secretaria\/","title":{"rendered":"Cadeira Fixa Secretaria"},"content":{"rendered":"<p>&#8211; A cadeira secret\u00e1ria fixa foi projetada para proporcionar conforto e bem estar, tornando o dia-a-dia mais confort\u00e1vel. Utilizada para compor diversos tipos de ambientes profissionais ou particulares.<\/p>\n<p>&#8211; Assento e encosto: madeira compensada.<\/p>\n<p>&#8211; Assento e encosto: espuma injetada com densidade m\u00e9dia de 55kg\/m3.<\/p>\n<p>&#8211; Revestimento do assento e encosto: em tecido polipropileno azul com preto.<\/p>\n<p>&#8211; Base: Confeccionado em tubo de a\u00e7o de 7\/8&#8242;.<\/p>\n<p>&#8211; Medidas Assento: 41 cm largura x 39 cm profundidade x 50 cm espessura<\/p>\n<p>&#8211; Medidas Encosto: 36 cm largura x 29 cm altura x 45 espessura<\/p>\n<p>&#8211; Altura do Assento at\u00e9 o ch\u00e3o: 45 cm<\/p>\n<p>&#8211; Altura total at\u00e9 o ch\u00e3o: 83 cm<\/p>\n<p>&#8211; Dimens\u00f5es aproximadas do produto montado: 42 cm largura\u00a0 x 56 cm profundidade x 83 cm altura<\/p>\n<p>&#8211; Conte\u00fado da embalagem: 1 cadeira.<\/p>\n<p>&#8211;\u00a0Dimens\u00f5es aproximadas da embalagem: 39\u00a0cm largura x 51\u00a0cm profundidade x 70\u00a0cm altura<\/p>\n<p>&#8211; Peso l\u00edquido aproximado do produto: 4,7 kg<\/p>\n<p>&#8211; Peso recomendado: at\u00e9 120 kg<\/p>\n<p>&#8211; Garantia: 3 meses<\/p>\n<p>&nbsp;<\/p>\n<p>OBSERVA\u00c7\u00d5ES IMPORTANTES<\/p>\n<p>&#8211; Ao receber a mercadoria efetuar a confer\u00eancia.<\/p>\n<p>&#8211; Produto entregue desmontado, por\u00e9m de f\u00e1cil montagem. Acompanha manual.<\/p>\n<p>&#8211; Para montagem \u00e9 necess\u00e1rio ferramenta (chave Philips).<\/p>\n<p>&#8211; Confira as dimens\u00f5es do produto e certifique-se de que passar\u00e1 normalmente por elevadores, portas, escadas ou corredores de sua resid\u00eancia.<\/p>\n<p>&#8211; As medidas s\u00e3o aproximadas podendo sofrer pequenas varia\u00e7\u00f5es.<\/p>\n","protected":false},"excerpt":{"rendered":"<p><strong>A CADEIRA FIXA SECRETARIA PODE SER ENTREGUE TANTO MONTADA QUANTO DESMONTADA PARA SUA RESIDENCIA<\/strong><\/p>\n","protected":false},"featured_media":1004,"comment_status":"open","ping_status":"closed","template":"","meta":{"_joinchat":[]},"product_cat":[43],"product_tag":[],"class_list":{"0":"post-1003","1":"product","2":"type-product","3":"status-publish","4":"has-post-thumbnail","6":"product_cat-cadeira-fixa","8":"first","9":"instock","10":"shipping-taxable","11":"purchasable","12":"product-type-simple"},"_links":{"self":[{"href":"https:\/\/executivaoffice.com.br\/index.php\/wp-json\/wp\/v2\/product\/1003","targetHints":{"allow":["GET"]}}],"collection":[{"href":"https:\/\/executivaoffice.com.br\/index.php\/wp-json\/wp\/v2\/product"}],"about":[{"href":"https:\/\/executivaoffice.com.br\/index.php\/wp-json\/wp\/v2\/types\/product"}],"replies":[{"embeddable":true,"href":"https:\/\/executivaoffice.com.br\/index.php\/wp-json\/wp\/v2\/comments?post=1003"}],"wp:featuredmedia":[{"embeddable":true,"href":"https:\/\/executivaoffice.com.br\/index.php\/wp-json\/wp\/v2\/media\/1004"}],"wp:attachment":[{"href":"https:\/\/executivaoffice.com.br\/index.php\/wp-json\/wp\/v2\/media?parent=1003"}],"wp:term":[{"taxonomy":"product_cat","embeddable":true,"href":"https:\/\/executivaoffice.com.br\/index.php\/wp-json\/wp\/v2\/product_cat?post=1003"},{"taxonomy":"product_tag","embeddable":true,"href":"https:\/\/executivaoffice.com.br\/index.php\/wp-json\/wp\/v2\/product_tag?post=1003"}],"curies":[{"name":"wp","href":"https:\/\/api.w.org\/{rel}","templated":true}]}}