{"id":1005,"date":"2024-03-26T14:11:39","date_gmt":"2024-03-26T17:11:39","guid":{"rendered":"https:\/\/executivaoffice.com.br\/?post_type=product&#038;p=1005"},"modified":"2024-11-26T11:16:14","modified_gmt":"2024-11-26T14:16:14","slug":"cadeira-caixa-secretaria","status":"publish","type":"product","link":"https:\/\/executivaoffice.com.br\/index.php\/produto\/cadeira-caixa-secretaria\/","title":{"rendered":"Cadeira Caixa Secretaria"},"content":{"rendered":"<p>A Cadeira Caixa \u00e9 projetada para um dia-a-dia mais confort\u00e1vel, tendo uma estrutura desenvolvida com este prop\u00f3sito.<br \/>\nO produto \u00e9 uma mob\u00edlia sofisticada para compor diversos tipos de ambientes profissionais ou particulares.<br \/>\nO modelo \u00e9 nacional, feito de material resistente e est\u00e1 dispon\u00edvel. Produto de montagem simples e r\u00e1pida. Ela garante postura correta e equilibrada, contribuindo para a sua sa\u00fade postural.<br \/>\nApresenta sapatas nos p\u00e9s para f\u00e1cil locomo\u00e7\u00e3o e limpeza. O fato de ser girat\u00f3ria tamb\u00e9m \u00e9 um recurso positivo que faz com que o deslocamento ocorra em 360 graus sem a necessidade de mudan\u00e7a de posi\u00e7\u00e3o.<\/p>\n<p>Peso Real Suportado (kg): 110kg<br \/>\nEstrutura &#8211; Girat\u00f3ria: Sim<br \/>\nMaterial Assento\/Encosto: Tecido<br \/>\nDensidade Espuma: D45<br \/>\nLargura Assento(cm): 43cm<br \/>\nProfundidade Assento (cm): 38cm<br \/>\nEspessura Assento (cm): 4,5cm<br \/>\nLargura Encosto(cm): 36,5cm<br \/>\nAltura Encosto(cm): 28,5cm<br \/>\nEspessura Encosto(cm): 3,5cm<br \/>\nEstrutura &#8211; Regulagem de Altura a G\u00e1s: Sim<br \/>\nAtura Assento ao solo M\u00edn &#8211; M\u00e1x(cm):\u00a058cm &#8211; 68,5<br \/>\nLargura Total(cm): 57cm<br \/>\nAltura Total(cm): 110cm &#8211; 120cm<br \/>\nProfundidade Total(cm): 57cm \u00b1 3cm<br \/>\nAltura do Aro ao solo M\u00edn &#8211; M\u00e1x(cm): 20cm &#8211; 32cm<br \/>\nRegulagem de inclina\u00e7\u00e3o do encosto: N\u00e3o<br \/>\nRegulagem de altura encosto: N\u00e3o<br \/>\nCom Sistema RELAX: N\u00e3o<br \/>\nBra\u00e7os Regul\u00e1veis: N\u00e3o<br \/>\nCom Sapata: Sim<br \/>\nCom Aro: Sim<\/p>\n<p>Imagens ilustrativas. As tonalidades de cores dos produtos podem variar das visualizadas em monitores e impressos em geral.<\/p>\n<p>&nbsp;<\/p>\n","protected":false},"excerpt":{"rendered":"<p>A Cadeira Caixa \u00e9 projetada para um dia-a-dia mais confort\u00e1vel, tendo uma estrutura desenvolvida com este prop\u00f3sito. O produto \u00e9 uma mob\u00edlia sofisticada para compor diversos tipos de ambientes profissionais ou particulares. O modelo \u00e9 nacional, feito de material resistente e est\u00e1 dispon\u00edvel. Produto de montagem simples e r\u00e1pida. Ela garante postura correta e equilibrada, [&hellip;]<\/p>\n","protected":false},"featured_media":1398,"comment_status":"open","ping_status":"closed","template":"","meta":{"_joinchat":[]},"product_cat":[41],"product_tag":[],"class_list":{"0":"post-1005","1":"product","2":"type-product","3":"status-publish","4":"has-post-thumbnail","6":"product_cat-cadeira-caixa","8":"first","9":"instock","10":"shipping-taxable","11":"purchasable","12":"product-type-simple"},"_links":{"self":[{"href":"https:\/\/executivaoffice.com.br\/index.php\/wp-json\/wp\/v2\/product\/1005","targetHints":{"allow":["GET"]}}],"collection":[{"href":"https:\/\/executivaoffice.com.br\/index.php\/wp-json\/wp\/v2\/product"}],"about":[{"href":"https:\/\/executivaoffice.com.br\/index.php\/wp-json\/wp\/v2\/types\/product"}],"replies":[{"embeddable":true,"href":"https:\/\/executivaoffice.com.br\/index.php\/wp-json\/wp\/v2\/comments?post=1005"}],"wp:featuredmedia":[{"embeddable":true,"href":"https:\/\/executivaoffice.com.br\/index.php\/wp-json\/wp\/v2\/media\/1398"}],"wp:attachment":[{"href":"https:\/\/executivaoffice.com.br\/index.php\/wp-json\/wp\/v2\/media?parent=1005"}],"wp:term":[{"taxonomy":"product_cat","embeddable":true,"href":"https:\/\/executivaoffice.com.br\/index.php\/wp-json\/wp\/v2\/product_cat?post=1005"},{"taxonomy":"product_tag","embeddable":true,"href":"https:\/\/executivaoffice.com.br\/index.php\/wp-json\/wp\/v2\/product_tag?post=1005"}],"curies":[{"name":"wp","href":"https:\/\/api.w.org\/{rel}","templated":true}]}}