{"id":1008,"date":"2024-03-26T14:37:19","date_gmt":"2024-03-26T17:37:19","guid":{"rendered":"https:\/\/executivaoffice.com.br\/?post_type=product&#038;p=1008"},"modified":"2024-03-26T14:37:19","modified_gmt":"2024-03-26T17:37:19","slug":"longarina-aeroporto-de-4-lugares","status":"publish","type":"product","link":"https:\/\/executivaoffice.com.br\/index.php\/produto\/longarina-aeroporto-de-4-lugares\/","title":{"rendered":"Longarina Aeroporto De 4 Lugares"},"content":{"rendered":"<p>&nbsp;<\/p>\n<p>Dimens\u00f5es:<\/p>\n<p>&nbsp;<\/p>\n<p>Altura do encosto: Aproximadamente 50 cm;<\/p>\n<p>Largura do assento: Aproximadamente 52 cm;<\/p>\n<p>Profundidade assento: Aproximadamente 50 cm;<\/p>\n<p>Largura total da longarina: Aproximadamente 220cm;<\/p>\n<p>Altura do encosto com rela\u00e7\u00e3o ao ch\u00e3o: Aproximadamente 78cm.<\/p>\n<p>Profundidade da longarina: Aproximadamente 65cm<\/p>\n<p>&nbsp;<\/p>\n<p>Recursos:<\/p>\n<p>&nbsp;<\/p>\n<p>Cadeira tipo longarina com base fixa;<\/p>\n<p>Base fixa em formato de \u201dY\u201d em a\u00e7o cromado com quatro sapatas regul\u00e1veis;<\/p>\n<p>Encosto com estrutura em a\u00e7o perfurado;<\/p>\n<p>Assento com estrutura em a\u00e7o perfurado;<\/p>\n<p>Bra\u00e7o em a\u00e7o cromado com formato anat\u00f4mico;<\/p>\n<p>Peso m\u00e1ximo recomendado por assento: 120 Kg.<\/p>\n<p>&nbsp;<\/p>\n<p>Material:<\/p>\n<p>&nbsp;<\/p>\n<p>Encosto: Material sint\u00e9tico (detalhe cromado nas costas);<\/p>\n<p>Assento: Material sint\u00e9tico;<\/p>\n<p>Bra\u00e7o: Cromado com capa na cor do revestimento;<\/p>\n<p>Base: Cromada;<\/p>\n<p>&nbsp;<\/p>\n<p>Garantia:<\/p>\n<p>&nbsp;<\/p>\n<p>3 (tr\u00eas) meses de garantia legal.<\/p>\n<p>&nbsp;<\/p>\n<p>Sobre o Produto:<\/p>\n<p>&nbsp;<\/p>\n<p>A Cadeira Longarina de 4 Lugares \u00e9 a escolha certa para o seu escrit\u00f3rio, \u00e9 projetada para atender varias pessoas, mantendo a confortabilidade e efici\u00eancia. Com seu design moderno e cativante melhora a experi\u00eancia de qualquer usu\u00e1rio que a utilize.<\/p>\n<p>&nbsp;<\/p>\n<p>Preven\u00e7\u00e3o e Manuten\u00e7\u00e3o:<\/p>\n<p>&nbsp;<\/p>\n<p>A cadeira \u00e9 enviada desmontada. Para montar corretamente, siga todas as orienta\u00e7\u00f5es do manual de instru\u00e7\u00f5es que acompanha o produto. Para higieniza\u00e7\u00e3o, use um pano macio e limpe a superf\u00edcie da cadeira. Siga as orienta\u00e7\u00f5es de modo a preservar a vida \u00fatil e a garantia do produto.<\/p>\n<p>&nbsp;<\/p>\n<p>&nbsp;<\/p>\n<p>Sobre a Marca:<\/p>\n<p>&nbsp;<\/p>\n<p>A Show de Cadeiras \u00e9 uma empresa especializada em moveis para escrit\u00f3rio, cadeiras para escrit\u00f3rio, cadeiras para home office, cadeiras gamers, longarinas, entre outros. Em seu portf\u00f3lio, conta com produtos de alta qualidade e excelente rela\u00e7\u00e3o de custo-benef\u00edcio. Com mais de uma d\u00e9cada no mercado, destaca-se como uma marca s\u00f3lida presente em diversos escrit\u00f3rios e resid\u00eancias por todo o Brasil.<\/p>\n","protected":false},"excerpt":{"rendered":"<p><strong>LONGARNA AEROPORTO DE 4 LUGARES PODE IR TANTO MONTADA QUANTO DESMONTADA PARA SUA RESIDENCIA<\/strong><\/p>\n","protected":false},"featured_media":1009,"comment_status":"open","ping_status":"closed","template":"","meta":{"_joinchat":[]},"product_cat":[37],"product_tag":[],"class_list":{"0":"post-1008","1":"product","2":"type-product","3":"status-publish","4":"has-post-thumbnail","6":"product_cat-longarinas","8":"first","9":"instock","10":"shipping-taxable","11":"purchasable","12":"product-type-simple"},"_links":{"self":[{"href":"https:\/\/executivaoffice.com.br\/index.php\/wp-json\/wp\/v2\/product\/1008","targetHints":{"allow":["GET"]}}],"collection":[{"href":"https:\/\/executivaoffice.com.br\/index.php\/wp-json\/wp\/v2\/product"}],"about":[{"href":"https:\/\/executivaoffice.com.br\/index.php\/wp-json\/wp\/v2\/types\/product"}],"replies":[{"embeddable":true,"href":"https:\/\/executivaoffice.com.br\/index.php\/wp-json\/wp\/v2\/comments?post=1008"}],"wp:featuredmedia":[{"embeddable":true,"href":"https:\/\/executivaoffice.com.br\/index.php\/wp-json\/wp\/v2\/media\/1009"}],"wp:attachment":[{"href":"https:\/\/executivaoffice.com.br\/index.php\/wp-json\/wp\/v2\/media?parent=1008"}],"wp:term":[{"taxonomy":"product_cat","embeddable":true,"href":"https:\/\/executivaoffice.com.br\/index.php\/wp-json\/wp\/v2\/product_cat?post=1008"},{"taxonomy":"product_tag","embeddable":true,"href":"https:\/\/executivaoffice.com.br\/index.php\/wp-json\/wp\/v2\/product_tag?post=1008"}],"curies":[{"name":"wp","href":"https:\/\/api.w.org\/{rel}","templated":true}]}}