{"id":1014,"date":"2024-03-27T11:00:41","date_gmt":"2024-03-27T14:00:41","guid":{"rendered":"https:\/\/executivaoffice.com.br\/?post_type=product&#038;p=1014"},"modified":"2024-09-11T10:06:07","modified_gmt":"2024-09-11T13:06:07","slug":"longarina-executiva-3-lugares","status":"publish","type":"product","link":"https:\/\/executivaoffice.com.br\/index.php\/produto\/longarina-executiva-3-lugares\/","title":{"rendered":"Longarina Executiva 3 Lugares"},"content":{"rendered":"<h2 class=\"wp-block-heading\">Longarina 3 Lugares\u00a0Executiva<\/h2>\n<p>A longarina 3 lugares, \u00e9 ideal para quem precisa de uma longarina confort\u00e1vel, resistente e por um pre\u00e7o acess\u00edvel.<\/p>\n<p>A longarina 3 lugares \u00e9 confeccionada com base do assento e encosto em madeira reflorestada, para ajudar na preserva\u00e7\u00e3o do meio ambiente, de forma consciente. Possui espuma injetada, que \u00e9 uma espuma mais densa, que faz com que um uso cont\u00ednuo desta cadeira, n\u00e3o permita que a mesma seja marcada com facilidade, ou que ao sentar, sinta a base de madeira no decorrer do uso.<\/p>\n<p>A longarina 3 lugares possui estrutura met\u00e1lica, na cor preta, com os p\u00e9s com capa em polipropileno, na mesma cor da estrutura da longarina de 3 lugares, fabricada com barras met\u00e1licas de 30mmx50mm de espessura.<\/p>\n<p>O Assento e o encosto da longarina de 3 lugares s\u00e3o revestidos com tecido do tipo \u201cJ Serrano\u201d, que \u00e9 um tecido mais resistente, pois \u00e9 feito em fibra de polipropileno.<\/p>\n<h3 class=\"wp-block-heading\">Informa\u00e7\u00f5es sobre a Longarina de 3 Lugares Executiva<strong>\u00a0LES-001<\/strong>:<\/h3>\n<div class=\"wp-block-columns is-layout-flex wp-container-core-columns-layout-1 wp-block-columns-is-layout-flex\">\n<div class=\"wp-block-column is-layout-flow wp-block-column-is-layout-flow\">\n<p>Encosto: Espuma Laminada<br \/>\nAssento: Espuma Laminada<br \/>\nRevestimento: Tecido J Serrano<br \/>\nBase: Met\u00e1lica<br \/>\nRod\u00edzios: N\u00e3o<br \/>\nSistema: N\u00e3o Possui<br \/>\nBra\u00e7os: N\u00e3o possui<\/p>\n<\/div>\n<\/div>\n","protected":false},"excerpt":{"rendered":"<p><strong>LONGARINA EXECUTIVA VAI TANTO MONTADA QUANTO DESMONTADA PARA SUA RESIDENCIA\u00a0<\/strong><\/p>\n","protected":false},"featured_media":1015,"comment_status":"open","ping_status":"closed","template":"","meta":{"_joinchat":[]},"product_cat":[37],"product_tag":[],"class_list":{"0":"post-1014","1":"product","2":"type-product","3":"status-publish","4":"has-post-thumbnail","6":"product_cat-longarinas","8":"first","9":"instock","10":"shipping-taxable","11":"purchasable","12":"product-type-simple"},"_links":{"self":[{"href":"https:\/\/executivaoffice.com.br\/index.php\/wp-json\/wp\/v2\/product\/1014","targetHints":{"allow":["GET"]}}],"collection":[{"href":"https:\/\/executivaoffice.com.br\/index.php\/wp-json\/wp\/v2\/product"}],"about":[{"href":"https:\/\/executivaoffice.com.br\/index.php\/wp-json\/wp\/v2\/types\/product"}],"replies":[{"embeddable":true,"href":"https:\/\/executivaoffice.com.br\/index.php\/wp-json\/wp\/v2\/comments?post=1014"}],"wp:featuredmedia":[{"embeddable":true,"href":"https:\/\/executivaoffice.com.br\/index.php\/wp-json\/wp\/v2\/media\/1015"}],"wp:attachment":[{"href":"https:\/\/executivaoffice.com.br\/index.php\/wp-json\/wp\/v2\/media?parent=1014"}],"wp:term":[{"taxonomy":"product_cat","embeddable":true,"href":"https:\/\/executivaoffice.com.br\/index.php\/wp-json\/wp\/v2\/product_cat?post=1014"},{"taxonomy":"product_tag","embeddable":true,"href":"https:\/\/executivaoffice.com.br\/index.php\/wp-json\/wp\/v2\/product_tag?post=1014"}],"curies":[{"name":"wp","href":"https:\/\/api.w.org\/{rel}","templated":true}]}}