{"id":1027,"date":"2024-03-27T14:55:17","date_gmt":"2024-03-27T17:55:17","guid":{"rendered":"https:\/\/executivaoffice.com.br\/?post_type=product&#038;p=1027"},"modified":"2025-08-08T10:29:50","modified_gmt":"2025-08-08T13:29:50","slug":"kit-office","status":"publish","type":"product","link":"https:\/\/executivaoffice.com.br\/index.php\/produto\/kit-office\/","title":{"rendered":"Kit Office"},"content":{"rendered":"<h2 style=\"font-weight: 400;\">Descri\u00e7\u00e3o<\/h2>\n<p>&nbsp;<\/p>\n<p><b><strong>Especifica\u00e7\u00f5es T\u00e9cnicas:<\/strong><\/b><\/p>\n<p>Material: MDP<\/p>\n<p>Altura (cm): 75<\/p>\n<p>Largura (cm): 150<\/p>\n<p>Profundidade (cm): 170<\/p>\n<p>Peso (kg): 42,33<\/p>\n<p>&nbsp;<\/p>\n","protected":false},"excerpt":{"rendered":"<p><strong>O KIT OFFICE PODE IR TANTO MONTADO QUANTO DESMONTADO PARA SUA RESIDENCIA<\/strong><\/p>\n","protected":false},"featured_media":1770,"comment_status":"open","ping_status":"closed","template":"","meta":{"_joinchat":[]},"product_cat":[39],"product_tag":[],"class_list":{"0":"post-1027","1":"product","2":"type-product","3":"status-publish","4":"has-post-thumbnail","6":"product_cat-mesas","8":"first","9":"instock","10":"virtual","11":"purchasable","12":"product-type-simple"},"_links":{"self":[{"href":"https:\/\/executivaoffice.com.br\/index.php\/wp-json\/wp\/v2\/product\/1027","targetHints":{"allow":["GET"]}}],"collection":[{"href":"https:\/\/executivaoffice.com.br\/index.php\/wp-json\/wp\/v2\/product"}],"about":[{"href":"https:\/\/executivaoffice.com.br\/index.php\/wp-json\/wp\/v2\/types\/product"}],"replies":[{"embeddable":true,"href":"https:\/\/executivaoffice.com.br\/index.php\/wp-json\/wp\/v2\/comments?post=1027"}],"wp:featuredmedia":[{"embeddable":true,"href":"https:\/\/executivaoffice.com.br\/index.php\/wp-json\/wp\/v2\/media\/1770"}],"wp:attachment":[{"href":"https:\/\/executivaoffice.com.br\/index.php\/wp-json\/wp\/v2\/media?parent=1027"}],"wp:term":[{"taxonomy":"product_cat","embeddable":true,"href":"https:\/\/executivaoffice.com.br\/index.php\/wp-json\/wp\/v2\/product_cat?post=1027"},{"taxonomy":"product_tag","embeddable":true,"href":"https:\/\/executivaoffice.com.br\/index.php\/wp-json\/wp\/v2\/product_tag?post=1027"}],"curies":[{"name":"wp","href":"https:\/\/api.w.org\/{rel}","templated":true}]}}