{"id":1029,"date":"2024-03-27T15:03:19","date_gmt":"2024-03-27T18:03:19","guid":{"rendered":"https:\/\/executivaoffice.com.br\/?post_type=product&#038;p=1029"},"modified":"2024-09-11T10:02:56","modified_gmt":"2024-09-11T13:02:56","slug":"mesa-diretor-dinamica-em-l","status":"publish","type":"product","link":"https:\/\/executivaoffice.com.br\/index.php\/produto\/mesa-diretor-dinamica-em-l\/","title":{"rendered":"Mesa Diretor Dinamica Em L"},"content":{"rendered":"<table style=\"font-weight: 400;\">\n<tbody>\n<tr>\n<td width=\"100%\"><b>Mesa Diretor Din\u00e2mica em L com Tampo de Vidro e Arm\u00e1rio Pedestal Linha Edge 50mm 2019 &#8211; Gebb Work\u00a0<\/b><\/td>\n<\/tr>\n<tr>\n<td>O\u00a0<b>Mesa Diretor Din\u00e2mica em L com Tampo de Vidro e Arm\u00e1rio Pedestal Linha Edge 50mm 2018<\/b>\u00a0\u00e9 um m\u00f3vel vers\u00e1til, elegante e charmoso, que pode compor diferentes ambientes, tanto da sua casa como do seu ambiente comercial. Seja na sala de estar, escrit\u00f3rio, loja, consult\u00f3rio, ele decora e deixa o local ainda mais organizado e pr\u00e1tico. E ainda com um gaveteiro, um arm\u00e1rio e dois nichos voc\u00ea ganha mais possibilidades de espa\u00e7o e comodidade com este m\u00f3vel.<\/td>\n<\/tr>\n<tr>\n<td colspan=\"3\"><b><strong>PRINCIPAIS CARACTER\u00cdSTICAS:<\/strong><\/b><\/td>\n<\/tr>\n<tr>\n<td>Seja na sala de estar, escrit\u00f3rio, loja, consult\u00f3rio, ele decora e deixa o local ainda mais organizado e pr\u00e1tico. E ainda com um gaveteiro, um arm\u00e1rio e dois nichos voc\u00ea ganha mais possibilidades de espa\u00e7o e comodidade com este m\u00f3vel.<\/td>\n<\/tr>\n<tr>\n<td>\n<table>\n<tbody>\n<tr>\n<td colspan=\"0\" width=\"45%\"><b><strong>O QUE ESSE PRODUTO TEM ?<\/strong><\/b><\/td>\n<td width=\"10%\"><\/td>\n<td colspan=\"0\" width=\"45%\"><b><strong>PESOS E MEDIDAS<\/strong><\/b><\/td>\n<\/tr>\n<tr>\n<td>Cores: Marsala e Linho e Marsala e Preto<\/p>\n<p>Produto: MDP 50mm. Estrutura: Acabamento laminado melam\u00ednico<\/p>\n<p>Revestimento: Baixa press\u00e3o (BP).<\/p>\n<p>Estrutura: Verniz fosco.<\/p>\n<p>Portas: 1 Porta<\/p>\n<p>Gavetas: 4 Gavetas<\/p>\n<p>Prateleiras:\u00a0 2 Nichos<\/p>\n<p>P\u00e9s: 8 sapatas de alum\u00ednio.<\/p>\n<p>Puxadores: Puxador\u00a0 perfil\u00a0 de\u00a0 alum\u00ednio\u00a0 anodizado\u00a0 fosco\u00a0 tipo\u00a0 \u201cpega\u201d.<\/p>\n<p>Montagem revers\u00edvel: N\u00e3o.<\/p>\n<p>Indica\u00e7\u00f5es de uso: Sala de estar, home office e\u00a0 espa\u00e7os comerciais.<\/p>\n<p>Dobradi\u00e7a: Possui dobradi\u00e7as.<\/p>\n<p>Corredi\u00e7a: Possui corredi\u00e7a<\/td>\n<td><\/td>\n<td>Mesa:<\/p>\n<p>Altura: 760 mm<br \/>\nLargura: 1800 \/ 2025 mm<br \/>\nProfundidade: 800 mm<br \/>\nPeso:<\/p>\n<p>Arm\u00e1rio:<\/p>\n<p>Altura: 670mm<\/p>\n<p>Largura: 1800mm<\/p>\n<p>Profundidade: 450mm<\/td>\n<\/tr>\n<tr>\n<td><\/td>\n<\/tr>\n<\/tbody>\n<\/table>\n<\/td>\n<\/tr>\n<\/tbody>\n<\/table>\n","protected":false},"excerpt":{"rendered":"<p><strong>A MESA DIRETOR DINAMICA PODE SER ENTREGUE TANTO MONTADA QUANTO DESMONTADA PARA SUA RESIDENCIA<\/strong><\/p>\n","protected":false},"featured_media":1030,"comment_status":"open","ping_status":"closed","template":"","meta":{"_joinchat":[]},"product_cat":[39],"product_tag":[],"class_list":{"0":"post-1029","1":"product","2":"type-product","3":"status-publish","4":"has-post-thumbnail","6":"product_cat-mesas","8":"first","9":"instock","10":"shipping-taxable","11":"purchasable","12":"product-type-simple"},"_links":{"self":[{"href":"https:\/\/executivaoffice.com.br\/index.php\/wp-json\/wp\/v2\/product\/1029","targetHints":{"allow":["GET"]}}],"collection":[{"href":"https:\/\/executivaoffice.com.br\/index.php\/wp-json\/wp\/v2\/product"}],"about":[{"href":"https:\/\/executivaoffice.com.br\/index.php\/wp-json\/wp\/v2\/types\/product"}],"replies":[{"embeddable":true,"href":"https:\/\/executivaoffice.com.br\/index.php\/wp-json\/wp\/v2\/comments?post=1029"}],"wp:featuredmedia":[{"embeddable":true,"href":"https:\/\/executivaoffice.com.br\/index.php\/wp-json\/wp\/v2\/media\/1030"}],"wp:attachment":[{"href":"https:\/\/executivaoffice.com.br\/index.php\/wp-json\/wp\/v2\/media?parent=1029"}],"wp:term":[{"taxonomy":"product_cat","embeddable":true,"href":"https:\/\/executivaoffice.com.br\/index.php\/wp-json\/wp\/v2\/product_cat?post=1029"},{"taxonomy":"product_tag","embeddable":true,"href":"https:\/\/executivaoffice.com.br\/index.php\/wp-json\/wp\/v2\/product_tag?post=1029"}],"curies":[{"name":"wp","href":"https:\/\/api.w.org\/{rel}","templated":true}]}}