{"id":1038,"date":"2024-03-28T13:38:56","date_gmt":"2024-03-28T16:38:56","guid":{"rendered":"https:\/\/executivaoffice.com.br\/?post_type=product&#038;p=1038"},"modified":"2024-03-28T13:38:56","modified_gmt":"2024-03-28T16:38:56","slug":"mesa-diretoria-curve","status":"publish","type":"product","link":"https:\/\/executivaoffice.com.br\/index.php\/produto\/mesa-diretoria-curve\/","title":{"rendered":"Mesa Diretoria Curve"},"content":{"rendered":"<p><strong>Mesa Para Escrit\u00f3rio Curve Gold Glass &#8211; 1800mm X 800mm X 740mm<\/strong><br \/>\nEstimula a cria\u00e7\u00e3o de espa\u00e7os para uso colaborativo que agrega a criatividade do indiv\u00edduo ou do grupo, favorece a personaliza\u00e7\u00e3o do ambiente, pois adapta-se a qualquer ambiente de trabalho, al\u00e9m de aperfei\u00e7oar e valorizar o espa\u00e7o, atende as necessidades do consumidor que procura integra\u00e7\u00e3o e economia de espa\u00e7o nos escrit\u00f3rios, disp\u00f5em de diversas configura\u00e7\u00f5es, modelos e tamanhos. Podem ser utilizadas individualmente ou em grupo, proporcionando a integra\u00e7\u00e3o dos seus colaboradores.<\/p>\n<p>Se voc\u00ea est\u00e1 buscando uma mesa que valorize o ambiente do seu escrit\u00f3rio, seja confort\u00e1vel, pratica e proporcione um momento de trabalho ainda mais produtivo e eficaz a mesa delta \u00e9 uma excelente escolha.<\/p>\n<p>S\u00e3o um dos formatos mais usados em escrit\u00f3rios, pois \u00e9 um modelo que alia bastante praticidade e conforto na hora do trabalho, al\u00e9m de otimizar e valorizar o espa\u00e7o do ambiente ao m\u00e1ximo, o ambiente muito mais din\u00e2mico e descontra\u00eddo. \u00c9 ampla e resistente, ideal para ind\u00fastrias, com\u00e9rcios, consult\u00f3rios, obras e escrit\u00f3rios de v\u00e1rios tipos.<\/p>\n<p><strong>Mesa Para Escrit\u00f3rio Curve Gold Glass &#8211; 1800mm X 800mm X 740mm<\/strong><br \/>\nProduzida em MDP 15 mm com engrossamento de mais 25 mm nas bordas do tampo. Acabamento do tampo em fita de borda de 1mm. Tampo usinado para embutir vidro fundido com pintura preta, tampo frontal curvo e cantos frontais do tampo arredondados. 4 p\u00e9s produzidos em MDP 15 mm com acabamento de fita de borda de 0,45 mm. P\u00e9 com sistema de abertura por press\u00e3o no p\u00e9 externo com fecho magn\u00e9tico para facilitar passagem de fia\u00e7\u00e3o, sapatas para nivelamento. 4 espelhos produzidos em MDP 15 mm com acabamento de fita de borda 0,45 mm para fixar o p\u00e9 interno com o externo. Possui saia produzida em MDP 15 mm.<\/p>\n<p>Medida<br \/>\n1800mm Largura x 800mm Comprimento x 740mm Altura<\/p>\n<p>Observa\u00e7\u00f5es importantes<br \/>\nImagens s\u00e3o apenas ilustrativas, n\u00e3o acompanham objetos de decora\u00e7\u00e3o e<br \/>\nprodutos eletr\u00f4nicos.<\/p>\n<p>Montagem<br \/>\nProduto segue desmontado<br \/>\nN\u00e3o nos responsabilizamos, no ato da entrega, por subir escadas\/elevadores ou transporte por guincho em apartamentos<\/p>\n","protected":false},"excerpt":{"rendered":"<p><strong>A MESA DIRETORIA CURVE PODE IR TANTO MONTADA QUANTO DESMONTADA<\/strong><\/p>\n","protected":false},"featured_media":1040,"comment_status":"open","ping_status":"closed","template":"","meta":{"_joinchat":[]},"product_cat":[39],"product_tag":[],"class_list":{"0":"post-1038","1":"product","2":"type-product","3":"status-publish","4":"has-post-thumbnail","6":"product_cat-mesas","8":"first","9":"instock","10":"shipping-taxable","11":"purchasable","12":"product-type-simple"},"_links":{"self":[{"href":"https:\/\/executivaoffice.com.br\/index.php\/wp-json\/wp\/v2\/product\/1038","targetHints":{"allow":["GET"]}}],"collection":[{"href":"https:\/\/executivaoffice.com.br\/index.php\/wp-json\/wp\/v2\/product"}],"about":[{"href":"https:\/\/executivaoffice.com.br\/index.php\/wp-json\/wp\/v2\/types\/product"}],"replies":[{"embeddable":true,"href":"https:\/\/executivaoffice.com.br\/index.php\/wp-json\/wp\/v2\/comments?post=1038"}],"wp:featuredmedia":[{"embeddable":true,"href":"https:\/\/executivaoffice.com.br\/index.php\/wp-json\/wp\/v2\/media\/1040"}],"wp:attachment":[{"href":"https:\/\/executivaoffice.com.br\/index.php\/wp-json\/wp\/v2\/media?parent=1038"}],"wp:term":[{"taxonomy":"product_cat","embeddable":true,"href":"https:\/\/executivaoffice.com.br\/index.php\/wp-json\/wp\/v2\/product_cat?post=1038"},{"taxonomy":"product_tag","embeddable":true,"href":"https:\/\/executivaoffice.com.br\/index.php\/wp-json\/wp\/v2\/product_tag?post=1038"}],"curies":[{"name":"wp","href":"https:\/\/api.w.org\/{rel}","templated":true}]}}