{"id":1043,"date":"2024-03-28T15:42:18","date_gmt":"2024-03-28T18:42:18","guid":{"rendered":"https:\/\/executivaoffice.com.br\/?post_type=product&#038;p=1043"},"modified":"2024-09-17T09:28:43","modified_gmt":"2024-09-17T12:28:43","slug":"mesa-de-reuniao-up-320x120","status":"publish","type":"product","link":"https:\/\/executivaoffice.com.br\/index.php\/produto\/mesa-de-reuniao-up-320x120\/","title":{"rendered":"Mesa De Reuni\u00e3o UP 3,20X1,20"},"content":{"rendered":"<ul>\n<li>Mesa de reuni\u00e3o para escrit\u00f3rio semi oval<\/li>\n<li>Marca: Maranello<\/li>\n<li>Modelo Semi Oval UP.<\/li>\n<li>Cor do tampo da mesa nogal malaga.<\/li>\n<li>Estrutura da mesa e painel central preto.<\/li>\n<li>Dimens\u00f5es: comprimento 3200mm, largura 1200mm.<\/li>\n<li>Tampo de 25mm, p\u00e9 painel de 40mm, saia frontal de 15mm.<\/li>\n<li>Sistema de montagem fixa\u00e7\u00e3o minifix.<\/li>\n<li>Movel com fita de borda.<\/li>\n<li>Material MDP.<\/li>\n<li>Produto Nacional.<\/li>\n<li>Foto meramente ilustrativa.<\/li>\n<li>Maiores informa\u00e7\u00f5es entre em contato.<\/li>\n<li>Mercadoria entregue desmontada, montagem pelo cliente.<\/li>\n<li>Todas as informa\u00e7\u00f5es divulgadas s\u00e3o de responsabilidade do fabricante\/fornecedor.\u00a0Verifique com os fabricantes do produto e de seus componentes eventuais limita\u00e7\u00f5es \u00e0 utiliza\u00e7\u00e3o de todos os recursos e funcionalidade<\/li>\n<\/ul>\n","protected":false},"excerpt":{"rendered":"<p><strong>MESA DE REUNI\u00c3O UP PODE IR TANTO MONTADA QUANTO DESMONTADA PARA SUA RESIDENCIA<\/strong><\/p>\n","protected":false},"featured_media":1044,"comment_status":"open","ping_status":"closed","template":"","meta":{"_joinchat":[]},"product_cat":[39],"product_tag":[],"class_list":{"0":"post-1043","1":"product","2":"type-product","3":"status-publish","4":"has-post-thumbnail","6":"product_cat-mesas","8":"first","9":"instock","10":"shipping-taxable","11":"purchasable","12":"product-type-simple"},"_links":{"self":[{"href":"https:\/\/executivaoffice.com.br\/index.php\/wp-json\/wp\/v2\/product\/1043","targetHints":{"allow":["GET"]}}],"collection":[{"href":"https:\/\/executivaoffice.com.br\/index.php\/wp-json\/wp\/v2\/product"}],"about":[{"href":"https:\/\/executivaoffice.com.br\/index.php\/wp-json\/wp\/v2\/types\/product"}],"replies":[{"embeddable":true,"href":"https:\/\/executivaoffice.com.br\/index.php\/wp-json\/wp\/v2\/comments?post=1043"}],"wp:featuredmedia":[{"embeddable":true,"href":"https:\/\/executivaoffice.com.br\/index.php\/wp-json\/wp\/v2\/media\/1044"}],"wp:attachment":[{"href":"https:\/\/executivaoffice.com.br\/index.php\/wp-json\/wp\/v2\/media?parent=1043"}],"wp:term":[{"taxonomy":"product_cat","embeddable":true,"href":"https:\/\/executivaoffice.com.br\/index.php\/wp-json\/wp\/v2\/product_cat?post=1043"},{"taxonomy":"product_tag","embeddable":true,"href":"https:\/\/executivaoffice.com.br\/index.php\/wp-json\/wp\/v2\/product_tag?post=1043"}],"curies":[{"name":"wp","href":"https:\/\/api.w.org\/{rel}","templated":true}]}}