{"id":1061,"date":"2024-04-09T13:03:30","date_gmt":"2024-04-09T16:03:30","guid":{"rendered":"https:\/\/executivaoffice.com.br\/?post_type=product&#038;p=1061"},"modified":"2024-04-09T13:05:31","modified_gmt":"2024-04-09T16:05:31","slug":"cadeira-presidente-detroit","status":"publish","type":"product","link":"https:\/\/executivaoffice.com.br\/index.php\/produto\/cadeira-presidente-detroit\/","title":{"rendered":"Cadeira Presidente Detroit"},"content":{"rendered":"<h1 class=\"wp-block-heading\">Cadeira presidente Detroit<\/h1>\n<p>Cadeira presidente Detroit \u00e9 uma cadeira que combina o design de uma cadeira com a tecnologia de uma cadeira para escrit\u00f3rio, A cadeira Detroit \u00e9 fabricada com detalhes \u00fanicos tornando uma cadeira \u00fanica e de conforto para quem a utiliza , A base do assento \u00e9 fabricada em madeira, com estofamento revestido em tela mesh com detalhe central em courino, O encosto da cadeira para escrit\u00f3rio Detroid tamb\u00e9m \u00e9 produzido em tela mesh e com o detalhe superior em courino, Os bra\u00e7os s\u00e3o de polipropileno com detalhes em a\u00e7o cromado , A base da cadeira \u00e9 fabricada em a\u00e7o cromado, com 5 pontas e rod\u00edzios com capa anti risco.<\/p>\n<p>Possui ajuste de altura por pist\u00e3o \u00e0 g\u00e1s e tamb\u00e9m sistema de reclinamento tipo relax com trava no ponto inicial e ajuste de press\u00e3o para maior conforto.<\/p>\n","protected":false},"excerpt":{"rendered":"<h3 class=\"wp-block-heading\">Confira medidas da cadeira Detroit:<\/h3>\n<p>Encosto<br \/>\nLargura encosto : 48cm<br \/>\nAltura encosto: 76cm<br \/>\nAltura m\u00e1xima at\u00e9 o ch\u00e3o: 120cm<br \/>\nAltura m\u00ednima : 110cm<\/p>\n<p>Assento<br \/>\nProfundidade: 51cm<br \/>\nLargura: 50cm<br \/>\nAltura m\u00e1xima at\u00e9 o ch\u00e3o: 60cm<br \/>\nAltura m\u00ednima at\u00e9 o ch\u00e3o: 50cm<\/p>\n<p>Bra\u00e7os<br \/>\nComprimento:12 cm<br \/>\nLargura: 3cm<br \/>\nAltura m\u00e1xima at\u00e9 o ch\u00e3o: 77cm<br \/>\nAltura m\u00ednima at\u00e9 o ch\u00e3o: 67cm<\/p>\n<p>Sistema: Ajuste de altura e Relax<\/p>\n<h4 class=\"wp-block-heading\">Dimens\u00f5es da embalagem:<\/h4>\n<p>Altura: 76cm<\/p>\n<p>Largura: 58cm<\/p>\n<p>Profundidade: 23cm<\/p>\n<p>Peso: 12kg<\/p>\n","protected":false},"featured_media":1062,"comment_status":"open","ping_status":"closed","template":"","meta":{"_joinchat":[]},"product_cat":[35,31],"product_tag":[],"class_list":{"0":"post-1061","1":"product","2":"type-product","3":"status-publish","4":"has-post-thumbnail","6":"product_cat-cadeira-de-tela","7":"product_cat-cadeira-presidente","9":"first","10":"instock","11":"shipping-taxable","12":"purchasable","13":"product-type-simple"},"_links":{"self":[{"href":"https:\/\/executivaoffice.com.br\/index.php\/wp-json\/wp\/v2\/product\/1061","targetHints":{"allow":["GET"]}}],"collection":[{"href":"https:\/\/executivaoffice.com.br\/index.php\/wp-json\/wp\/v2\/product"}],"about":[{"href":"https:\/\/executivaoffice.com.br\/index.php\/wp-json\/wp\/v2\/types\/product"}],"replies":[{"embeddable":true,"href":"https:\/\/executivaoffice.com.br\/index.php\/wp-json\/wp\/v2\/comments?post=1061"}],"wp:featuredmedia":[{"embeddable":true,"href":"https:\/\/executivaoffice.com.br\/index.php\/wp-json\/wp\/v2\/media\/1062"}],"wp:attachment":[{"href":"https:\/\/executivaoffice.com.br\/index.php\/wp-json\/wp\/v2\/media?parent=1061"}],"wp:term":[{"taxonomy":"product_cat","embeddable":true,"href":"https:\/\/executivaoffice.com.br\/index.php\/wp-json\/wp\/v2\/product_cat?post=1061"},{"taxonomy":"product_tag","embeddable":true,"href":"https:\/\/executivaoffice.com.br\/index.php\/wp-json\/wp\/v2\/product_tag?post=1061"}],"curies":[{"name":"wp","href":"https:\/\/api.w.org\/{rel}","templated":true}]}}