{"id":1065,"date":"2024-04-09T13:49:33","date_gmt":"2024-04-09T16:49:33","guid":{"rendered":"https:\/\/executivaoffice.com.br\/?post_type=product&#038;p=1065"},"modified":"2024-04-09T13:49:33","modified_gmt":"2024-04-09T16:49:33","slug":"banqueta-confort-preta","status":"publish","type":"product","link":"https:\/\/executivaoffice.com.br\/index.php\/produto\/banqueta-confort-preta\/","title":{"rendered":"Banqueta Confort Preta"},"content":{"rendered":"<div class=\"col\">\n<div class=\"block\">\n<h3>Material<\/h3>\n<div>\n<p>Assento e encosto estofados com espuma D-28.<\/p>\n<\/div>\n<\/div>\n<div class=\"block\">\n<h3>Detalhes<\/h3>\n<div>\n<p>Suporta at\u00e9 120 kg.<\/p>\n<p>Produto entregue desmontado (necessita montagem). Acompanha pe\u00e7as e manual para montagem.<\/p>\n<\/div>\n<\/div>\n<\/div>\n<div class=\"col\">\n<div class=\"block\">\n<h3>Acabamentos<\/h3>\n<div>\n<p>Assento e encosto em couro ecol\u00f3gico.<\/p>\n<p>Base em a\u00e7o cromado.<\/p>\n<\/div>\n<\/div>\n<div class=\"block\">\n<h3>Medidas<\/h3>\n<div>\n<p>Altura: 91,5 a 113cm<br \/>\nLargura: 41cm<br \/>\nProfundidade: 36,5cm<br \/>\nAltura do ch\u00e3o ao assento: 64 a 85,5cm<\/p>\n<\/div>\n<\/div>\n<div class=\"block\">\n<h3>Cuidados<\/h3>\n<div>\n<p>Limpar com pano levemente umedecido e\u00e1gua, seguido de pano seco.<\/p>\n<p>N\u00e3o utilizar produtos qu\u00edmicos<\/p>\n<\/div>\n<\/div>\n<\/div>\n","protected":false},"excerpt":{"rendered":"<div class=\"breadcrumb\"><\/div>\n<div class=\"main-info\">\n<div class=\"images-wrapper\">\n<div class=\"main-gallery\">\n<div class=\"swiper-container swiper-container-horizontal\">\n<div class=\"swiper-wrapper\">\n<div class=\"tem_item item_17180 swiper-slide swiper-slide-duplicate swiper-slide-prev\" data-swiper-slide-index=\"3\">\n<div id=\"mygalone\" class=\"svw\">\n<div class=\"aligner\">\n<p><strong>A Banqueta Confort 6609, possui o seu assento e encosto em couro ecol\u00f3gico, com detalhes de costura quadriculada, e, base em a\u00e7o cromado. Uma banqueta aconchegante e de design vers\u00e1til para compor diversos ambientes.<\/strong><\/p>\n<p><strong>Resistente e de material dur\u00e1vel, a Banqueta chamar\u00e1 aten\u00e7\u00e3o seja na sua sala, varanda, quintal, cozinha ou onde escolher.<\/strong><\/p>\n<\/div>\n<\/div>\n<\/div>\n<div class=\"tem_item item_17180 swiper-slide swiper-slide-active\" data-swiper-slide-index=\"0\">\n<div id=\"mygalone\" class=\"svw\">\n<div class=\"aligner\"><\/div>\n<\/div>\n<\/div>\n<div class=\"tem_item item_17180 swiper-slide swiper-slide-next\" data-swiper-slide-index=\"1\">\n<div id=\"mygalone\" class=\"svw\">\n<div class=\"aligner\"><\/div>\n<\/div>\n<\/div>\n<div class=\"tem_item item_17180 swiper-slide\" data-swiper-slide-index=\"2\">\n<div id=\"mygalone\" class=\"svw\">\n<div class=\"aligner\"><\/div>\n<\/div>\n<\/div>\n<div class=\"tem_item item_17180 swiper-slide swiper-slide-duplicate-prev\" data-swiper-slide-index=\"3\">\n<div id=\"mygalone\" class=\"svw\">\n<div class=\"aligner\"><\/div>\n<\/div>\n<\/div>\n<div class=\"tem_item item_17180 swiper-slide swiper-slide-duplicate swiper-slide-duplicate-active\" data-swiper-slide-index=\"0\">\n<div id=\"mygalone\" class=\"svw\">\n<div class=\"aligner\"><\/div>\n<\/div>\n<\/div>\n<\/div>\n<p><i class=\"icon-chevron-right\" tabindex=\"0\" aria-label=\"Next slide\"><\/i><\/div>\n<\/div>\n<\/div>\n<\/div>\n","protected":false},"featured_media":1066,"comment_status":"open","ping_status":"closed","template":"","meta":{"_joinchat":[]},"product_cat":[38],"product_tag":[],"class_list":{"0":"post-1065","1":"product","2":"type-product","3":"status-publish","4":"has-post-thumbnail","6":"product_cat-banquetas","8":"first","9":"instock","10":"shipping-taxable","11":"purchasable","12":"product-type-simple"},"_links":{"self":[{"href":"https:\/\/executivaoffice.com.br\/index.php\/wp-json\/wp\/v2\/product\/1065","targetHints":{"allow":["GET"]}}],"collection":[{"href":"https:\/\/executivaoffice.com.br\/index.php\/wp-json\/wp\/v2\/product"}],"about":[{"href":"https:\/\/executivaoffice.com.br\/index.php\/wp-json\/wp\/v2\/types\/product"}],"replies":[{"embeddable":true,"href":"https:\/\/executivaoffice.com.br\/index.php\/wp-json\/wp\/v2\/comments?post=1065"}],"wp:featuredmedia":[{"embeddable":true,"href":"https:\/\/executivaoffice.com.br\/index.php\/wp-json\/wp\/v2\/media\/1066"}],"wp:attachment":[{"href":"https:\/\/executivaoffice.com.br\/index.php\/wp-json\/wp\/v2\/media?parent=1065"}],"wp:term":[{"taxonomy":"product_cat","embeddable":true,"href":"https:\/\/executivaoffice.com.br\/index.php\/wp-json\/wp\/v2\/product_cat?post=1065"},{"taxonomy":"product_tag","embeddable":true,"href":"https:\/\/executivaoffice.com.br\/index.php\/wp-json\/wp\/v2\/product_tag?post=1065"}],"curies":[{"name":"wp","href":"https:\/\/api.w.org\/{rel}","templated":true}]}}