{"id":1098,"date":"2024-04-12T08:51:51","date_gmt":"2024-04-12T11:51:51","guid":{"rendered":"https:\/\/executivaoffice.com.br\/?post_type=product&#038;p=1098"},"modified":"2024-04-12T08:51:51","modified_gmt":"2024-04-12T11:51:51","slug":"cadeira-caixa-costurada-giratoria","status":"publish","type":"product","link":"https:\/\/executivaoffice.com.br\/index.php\/produto\/cadeira-caixa-costurada-giratoria\/","title":{"rendered":"Cadeira Caixa Costurada Girat\u00f3ria"},"content":{"rendered":"<p><strong>Informa\u00e7\u00f5es T\u00e9cnicas<\/strong><\/p>\n<p><strong>Assento<\/strong><\/p>\n<p>&#8211; Espuma Injetada<br \/>\n&#8211; Espessura da Espuma do Assento: 4 cm<br \/>\n&#8211; Dimens\u00e3o do produto: Largura x Profundidade &#8211; 46 cm x 42 cm;<\/p>\n<p><strong>Encosto<\/strong><\/p>\n<p>&#8211; Dimens\u00e3o do produto: Altura x Largura &#8211; 36 cm x 40 cm<br \/>\n&#8211; Espessura da Espuma do Encosto: 4 cm<\/p>\n<p><strong>Base Girat\u00f3ria<\/strong><\/p>\n<p>&#8211; Estrutura: A\u00e7o com Capa Injetada<br \/>\n&#8211; Sapata: 05 sapatas<br \/>\n&#8211; Mecanismo: Back System<br \/>\n&#8211; Regulagem de Altura: Sim<br \/>\n&#8211; Regulagem do Encosto: Altura e Inclina\u00e7\u00e3o<br \/>\n&#8211; Pist\u00e3o a g\u00e1s: Sim, com telesc\u00f3pio<br \/>\n&#8211; Base possui di\u00e2metro de 58 cm<\/p>\n<p>&#8211; Apoia P\u00e9s: Sim<\/p>\n<p><strong>Revestimento<\/strong><\/p>\n<p>&#8211; Material: CGW \/ Vinil<br \/>\n&#8211; Composi\u00e7\u00e3o: 86,2% Resinas Vin\u00edlicas Plastificadas e 13,8% de Malha<br \/>\n&#8211; Forro: 33% Algod\u00e3o e 67% Poli\u00e9ster<br \/>\n&#8211; Espessura aproximada: 0,80 cm podendo haver varia\u00e7\u00e3o de 10%<br \/>\n&#8211; Imagens ilustrativas. As tonalidades de cores dos produtos podem variar das visualizadas em monitores e impressos em geral.<\/p>\n<p><strong>Dimens\u00f5es e Peso do Produto Montado<\/strong><\/p>\n<p>&#8211; Peso aproximado sem embalagem: 12,8\u00a0kg<br \/>\n&#8211; Peso suportado: 110 kg<\/p>\n<p><strong>Caixa<\/strong><\/p>\n<p>&#8211; Altura x Largura: 56 cm x 28 cm<br \/>\n&#8211; Profundidade: 54 cm<br \/>\n&#8211; Peso Aproximado com a Embalagem: 13,3\u00a0kg<\/p>\n<p><strong>Itens Inclusos<\/strong><\/p>\n<p>&#8211; 01 Assento Executivo<br \/>\n&#8211; 01 Encosto Executivo<br \/>\n&#8211; 01 Base Girat\u00f3ria Back System<br \/>\n&#8211; 06 Parafusos para Montagem<br \/>\n&#8211; 01 Manual de Montagem<\/p>\n<p>&#8211; 01 Apoia P\u00e9s<\/p>\n<p><strong>Instru\u00e7\u00f5es para Limpeza do Tecido<\/strong><\/p>\n<p>&#8211; Utilizar apenas sab\u00e3o neutro e esponja<br \/>\n&#8211; Secar \u00e0 sombra em ambiente arejado<br \/>\n&#8211; N\u00e3o utilizar produtos qu\u00edmicos<\/p>\n","protected":false},"excerpt":{"rendered":"<p><strong>CADEIRA EXECUTIVA \u00d4MEGA ERGON\u00d4MICA C\/ COSTURA EM BASE CAIXA GIRAT\u00d3RIA COM SAPATA E\u00a0BACK SYSTEM &#8211;\u00a0<\/strong><strong>REVESTIMENTO<\/strong><strong>\u00a0VIENA &#8211; PP130<\/strong><\/p>\n<p>&#8211; C\u00f3digo: PP130<br \/>\n&#8211; Modelo: Executiva \u00d4mega Ergon\u00f4mica c\/ Costura em Base Caixa Girat\u00f3ria com Sapta e Back System<\/p>\n","protected":false},"featured_media":1099,"comment_status":"open","ping_status":"closed","template":"","meta":{"_joinchat":[]},"product_cat":[41],"product_tag":[],"class_list":{"0":"post-1098","1":"product","2":"type-product","3":"status-publish","4":"has-post-thumbnail","6":"product_cat-cadeira-caixa","8":"first","9":"instock","10":"shipping-taxable","11":"purchasable","12":"product-type-simple"},"_links":{"self":[{"href":"https:\/\/executivaoffice.com.br\/index.php\/wp-json\/wp\/v2\/product\/1098","targetHints":{"allow":["GET"]}}],"collection":[{"href":"https:\/\/executivaoffice.com.br\/index.php\/wp-json\/wp\/v2\/product"}],"about":[{"href":"https:\/\/executivaoffice.com.br\/index.php\/wp-json\/wp\/v2\/types\/product"}],"replies":[{"embeddable":true,"href":"https:\/\/executivaoffice.com.br\/index.php\/wp-json\/wp\/v2\/comments?post=1098"}],"wp:featuredmedia":[{"embeddable":true,"href":"https:\/\/executivaoffice.com.br\/index.php\/wp-json\/wp\/v2\/media\/1099"}],"wp:attachment":[{"href":"https:\/\/executivaoffice.com.br\/index.php\/wp-json\/wp\/v2\/media?parent=1098"}],"wp:term":[{"taxonomy":"product_cat","embeddable":true,"href":"https:\/\/executivaoffice.com.br\/index.php\/wp-json\/wp\/v2\/product_cat?post=1098"},{"taxonomy":"product_tag","embeddable":true,"href":"https:\/\/executivaoffice.com.br\/index.php\/wp-json\/wp\/v2\/product_tag?post=1098"}],"curies":[{"name":"wp","href":"https:\/\/api.w.org\/{rel}","templated":true}]}}