{"id":1100,"date":"2024-04-12T09:19:14","date_gmt":"2024-04-12T12:19:14","guid":{"rendered":"https:\/\/executivaoffice.com.br\/?post_type=product&#038;p=1100"},"modified":"2026-02-05T14:05:41","modified_gmt":"2026-02-05T17:05:41","slug":"cadeira-secretaria-giratoria","status":"publish","type":"product","link":"https:\/\/executivaoffice.com.br\/index.php\/produto\/cadeira-secretaria-giratoria\/","title":{"rendered":"Cadeira Secretaria Giratoria"},"content":{"rendered":"<p><strong>Cadeira Secret\u00e1ria Girat\u00f3ria sem Bra\u00e7os \u2013 Corino Preto \u2013\u00a0 42003<\/strong><\/p>\n<p><strong>Ficha T\u00e9cnica:<\/strong><\/p>\n<p><strong>Garantia do Fornecedor:<\/strong> 11 Meses<\/p>\n<p><strong>Modelo: Cadeira para Escrit\u00f3rio<\/strong><\/p>\n<p><strong>Refer\u00eancia do Modelo:<\/strong>\u00a0Cadeira Secret\u00e1ria Girat\u00f3ria sem Bra\u00e7os<\/p>\n<p><strong>Conte\u00fado da Embalagem:<\/strong>\u00a0Secretaria\u00a0Courino Preto \/ Base Girat\u00f3ria<\/p>\n<p><strong>Peso Suportado (Kg): 110<\/strong><\/p>\n<p><strong>Estofado:<\/strong>\u00a0Courino Preto \/ Esponja Injetada \/ Madeira 15mm<\/p>\n<p><strong>Fabricante:<\/strong>\u00a0Pollo M\u00f3veis<\/p>\n<p>Peso da embalagem c\/ produto (kg): 15<\/p>\n<p>Total de Volumes: 01<\/p>\n<p><strong>Ambiente:<\/strong>\u00a0Escrit\u00f3rio<\/p>\n<p>Cores Dispon\u00edveis:\u00a0<strong>Preto (Outras cores sob consulta)<\/strong><\/p>\n<p><strong>Material do Revestimento:<\/strong>\u00a0Courino (Courvim) Preto<\/p>\n<p><strong>Outros Recursos \/ Mais informa\u00e7\u00f5es:<\/strong>\u00a0Assento Revestido \/\u00a005 Rod\u00edzios Duplos \/ Contra Capa Pl\u00e1stica \/ Telesc\u00f3pio 03 Est\u00e1gios<\/p>\n<p><strong>Material da Estrutura:<\/strong>\u00a0Metalon<\/p>\n<p><strong>Produto \u00e9 enviado desmontado (n\u00e3o realizamos a montagem) \u2013 Acompanha manual de instru\u00e7\u00f5es para montagem.<\/strong><\/p>\n<p>Primeiro consulte o valor do frete e prazo de entrega e s\u00f3 clique em comprar quando tiver certeza da compra e n\u00e3o tiver nenhuma d\u00favida.<\/p>\n<p>A Transportadora n\u00e3o se responsabiliza, no ato da entrega, por subir escadas\/elevadores ou transporte por guincho em apartamentos. Eventuais despesas s\u00e3o de responsabilidade do comprador. Confira as dimens\u00f5es deste produto e certifique-se de que passar\u00e1 normalmente por supostos elevadores, portas, escadas e\/ou corredores.<\/p>\n<p>Para mais informa\u00e7\u00f5es, acesse nossa Central de Atendimento.<\/p>\n<p><strong>Instru\u00e7\u00f5es de Limpeza:<\/strong><\/p>\n<p>Passar um pano levemente umedecido com \u00e1gua ou detergente neutro e em seguida um pano seco para as limpezas do dia a dia.<br \/>\nNunca use produtos abrasivos, como sapon\u00e1ceos, esponja de a\u00e7o, escova com cerdas duras, entre outros.<\/p>\n<p><strong>Instru\u00e7\u00f5es de Conserva\u00e7\u00e3o:<\/strong><\/p>\n<p>Evitar expor\/utilizar os produtos em ambientes com alta umidade, exemplo: c\u00e2maras frias, saunas e \u00e1reas molhadas.<br \/>\nN\u00e3o armazenar produtos corrosivos, exemplo: \u00e1cido, cloro etc.<\/p>\n","protected":false},"excerpt":{"rendered":"<p><strong>Produto:<\/strong> Cadeira Secret\u00e1ria Girat\u00f3ria sem Bra\u00e7os \u2013 Corino Preto \u2013 42003<\/p>\n<p><strong>Modelo:<\/strong>\u00a0Cadeira Escrit\u00f3rio<\/p>\n<p><strong>Refer\u00eancia do Modelo:<\/strong>\u00a0Cadeira Secret\u00e1ria Girat\u00f3ria sem Bra\u00e7os<\/p>\n<p><strong>Cor:<\/strong>\u00a0Preto<\/p>\n<p><strong>Estofado:<\/strong>\u00a0Corino<\/p>\n<p><strong>Material da Base:<\/strong>\u00a005 Rod\u00edzios Duplos \/ Contra Capa Pl\u00e1stica \/ Telesc\u00f3pio 03 Est\u00e1gios<\/p>\n","protected":false},"featured_media":1101,"comment_status":"open","ping_status":"closed","template":"","meta":{"_joinchat":[]},"product_cat":[33],"product_tag":[],"class_list":{"0":"post-1100","1":"product","2":"type-product","3":"status-publish","4":"has-post-thumbnail","6":"product_cat-cadeira-executiva","8":"first","9":"instock","10":"shipping-taxable","11":"purchasable","12":"product-type-simple"},"_links":{"self":[{"href":"https:\/\/executivaoffice.com.br\/index.php\/wp-json\/wp\/v2\/product\/1100","targetHints":{"allow":["GET"]}}],"collection":[{"href":"https:\/\/executivaoffice.com.br\/index.php\/wp-json\/wp\/v2\/product"}],"about":[{"href":"https:\/\/executivaoffice.com.br\/index.php\/wp-json\/wp\/v2\/types\/product"}],"replies":[{"embeddable":true,"href":"https:\/\/executivaoffice.com.br\/index.php\/wp-json\/wp\/v2\/comments?post=1100"}],"wp:featuredmedia":[{"embeddable":true,"href":"https:\/\/executivaoffice.com.br\/index.php\/wp-json\/wp\/v2\/media\/1101"}],"wp:attachment":[{"href":"https:\/\/executivaoffice.com.br\/index.php\/wp-json\/wp\/v2\/media?parent=1100"}],"wp:term":[{"taxonomy":"product_cat","embeddable":true,"href":"https:\/\/executivaoffice.com.br\/index.php\/wp-json\/wp\/v2\/product_cat?post=1100"},{"taxonomy":"product_tag","embeddable":true,"href":"https:\/\/executivaoffice.com.br\/index.php\/wp-json\/wp\/v2\/product_tag?post=1100"}],"curies":[{"name":"wp","href":"https:\/\/api.w.org\/{rel}","templated":true}]}}