{"id":1103,"date":"2024-04-12T09:26:50","date_gmt":"2024-04-12T12:26:50","guid":{"rendered":"https:\/\/executivaoffice.com.br\/?post_type=product&#038;p=1103"},"modified":"2026-02-05T14:30:49","modified_gmt":"2026-02-05T17:30:49","slug":"cadeira-secretaria-4-pes","status":"publish","type":"product","link":"https:\/\/executivaoffice.com.br\/index.php\/produto\/cadeira-secretaria-4-pes\/","title":{"rendered":"Cadeira Secretaria 4 P\u00e9s"},"content":{"rendered":"<p><strong>Cadeira Secret\u00e1ria 04 p\u00e9s \u2013 Corino Preto \u2013 31102<\/strong><\/p>\n<p><strong>Ficha T\u00e9cnica:<\/strong><\/p>\n<p>Garantia do Fornecedor: 11 Meses<\/p>\n<p><strong>Modelo: Cadeira para Escrit\u00f3rio<\/strong><\/p>\n<p>Refer\u00eancia do Modelo: Cadeira Secret\u00e1ria 04 P\u00e9s<\/p>\n<p>Conte\u00fado da Embalagem:\u00a0Secretaria\u00a0Courino Preto \/ Estrutura 04 p\u00e9s<\/p>\n<p><strong>Peso Suportado (Kg): 130<\/strong><\/p>\n<p>Estofado: Courino Preto \/ Esponja Injetada \/ Madeira 15mm<\/p>\n<p>Fabricante: Pollo M\u00f3veis<\/p>\n<p>Peso da embalagem c\/ produto (kg): 15<\/p>\n<p>Total de Volumes: 01<\/p>\n<p><strong>Ambiente:<\/strong>\u00a0Escrit\u00f3rio<\/p>\n<p>Cores Dispon\u00edveis:\u00a0<strong>Preto (Outras cores sob consulta)<\/strong><\/p>\n<p>Material do Revestimento: Courino (Courvim) Preto<\/p>\n<p><strong>Outros Recursos \/ Mais informa\u00e7\u00f5es:<\/strong>\u00a0Assento Revestido \/\u00a0Base Fixa 04 P\u00e9s \/ Contra Capa Pl\u00e1stica<\/p>\n<p>Material da Estrutura: Metalon<\/p>\n","protected":false},"excerpt":{"rendered":"<p><strong>Produto:<\/strong> Cadeira Secret\u00e1ria 04 p\u00e9s \u2013 Corino Preto \u2013 31102<\/p>\n<p><strong>Modelo:<\/strong>\u00a0Cadeira Escrit\u00f3rio<\/p>\n<p><strong>Refer\u00eancia do Modelo:<\/strong>\u00a0Cadeira Secret\u00e1ria 04 P\u00e9s<\/p>\n<p><strong>Cor:<\/strong>\u00a0Preto<\/p>\n<p><strong>Estofado:<\/strong>\u00a0Courino Preto \/ Esponja Injetada \/ Madeira 15mm<\/p>\n<p><strong>Material da Base:<\/strong>\u00a0Base Fixa 04 P\u00e9s<\/p>\n","protected":false},"featured_media":1104,"comment_status":"open","ping_status":"closed","template":"","meta":{"_joinchat":[]},"product_cat":[43],"product_tag":[],"class_list":{"0":"post-1103","1":"product","2":"type-product","3":"status-publish","4":"has-post-thumbnail","6":"product_cat-cadeira-fixa","8":"first","9":"instock","10":"shipping-taxable","11":"purchasable","12":"product-type-simple"},"_links":{"self":[{"href":"https:\/\/executivaoffice.com.br\/index.php\/wp-json\/wp\/v2\/product\/1103","targetHints":{"allow":["GET"]}}],"collection":[{"href":"https:\/\/executivaoffice.com.br\/index.php\/wp-json\/wp\/v2\/product"}],"about":[{"href":"https:\/\/executivaoffice.com.br\/index.php\/wp-json\/wp\/v2\/types\/product"}],"replies":[{"embeddable":true,"href":"https:\/\/executivaoffice.com.br\/index.php\/wp-json\/wp\/v2\/comments?post=1103"}],"wp:featuredmedia":[{"embeddable":true,"href":"https:\/\/executivaoffice.com.br\/index.php\/wp-json\/wp\/v2\/media\/1104"}],"wp:attachment":[{"href":"https:\/\/executivaoffice.com.br\/index.php\/wp-json\/wp\/v2\/media?parent=1103"}],"wp:term":[{"taxonomy":"product_cat","embeddable":true,"href":"https:\/\/executivaoffice.com.br\/index.php\/wp-json\/wp\/v2\/product_cat?post=1103"},{"taxonomy":"product_tag","embeddable":true,"href":"https:\/\/executivaoffice.com.br\/index.php\/wp-json\/wp\/v2\/product_tag?post=1103"}],"curies":[{"name":"wp","href":"https:\/\/api.w.org\/{rel}","templated":true}]}}