{"id":1126,"date":"2024-09-11T13:28:15","date_gmt":"2024-09-11T16:28:15","guid":{"rendered":"https:\/\/executivaoffice.com.br\/?post_type=product&#038;p=1126"},"modified":"2026-04-30T08:18:35","modified_gmt":"2026-04-30T11:18:35","slug":"poltrona-presidente-tribeca","status":"publish","type":"product","link":"https:\/\/executivaoffice.com.br\/index.php\/produto\/poltrona-presidente-tribeca\/","title":{"rendered":"POLTRONA PRESIDENTE TRIBECA"},"content":{"rendered":"","protected":false},"excerpt":{"rendered":"<p><b>Material:<\/b>\u00a0Polipropileno, Tela de alta resist\u00eancia e Base em Alum\u00ednio. Rodizio em nylon com borda de PU (poliuretano).<\/p>\n<p><b>Cor Dispon\u00edvel:<\/b>\u00a0Preto<\/p>\n<p><b>Peso Suportado:<\/b>\u00a0130 kg<\/p>\n<p><b>Dimens\u00f5es:<\/b>\u00a0C 69 x L 65 x A 127-135 cm | Altura Assento: 48-56 cm<\/p>\n<p><b>Caracter\u00edsticas:<\/b>\u00a0Regulagem de altura do assento | Regulagem dos bra\u00e7os 3D (Altura \u2013 cima e baixo , Dire\u00e7\u00e3o \u2013 frente e tr\u00e1s e diagonal) | Assento e encosto em tela de alta resist\u00eancia | Regulagem da inclina\u00e7\u00e3o do encosto | Sistema sincronizado (travamento do encosto em qualquer posi\u00e7\u00e3o) | Apoio de lombar\u00a0 | Apoio de cabe\u00e7a |\u00a0 Mecanismo Slide no assento (ajuste do assento ir pra frente ou tr\u00e1s) | Ergon\u00f4mica \u2013 Certifica\u00e7\u00e3o NR17<\/p>\n<p><b>Certifica\u00e7\u00e3o:<\/b>\u00a0Ergonomia \u2013 NR 17<\/p>\n","protected":false},"featured_media":1131,"comment_status":"open","ping_status":"closed","template":"","meta":{"_joinchat":[]},"product_cat":[35,31],"product_tag":[],"class_list":{"0":"post-1126","1":"product","2":"type-product","3":"status-publish","4":"has-post-thumbnail","6":"product_cat-cadeira-de-tela","7":"product_cat-cadeira-presidente","9":"first","10":"instock","11":"shipping-taxable","12":"purchasable","13":"product-type-simple"},"_links":{"self":[{"href":"https:\/\/executivaoffice.com.br\/index.php\/wp-json\/wp\/v2\/product\/1126","targetHints":{"allow":["GET"]}}],"collection":[{"href":"https:\/\/executivaoffice.com.br\/index.php\/wp-json\/wp\/v2\/product"}],"about":[{"href":"https:\/\/executivaoffice.com.br\/index.php\/wp-json\/wp\/v2\/types\/product"}],"replies":[{"embeddable":true,"href":"https:\/\/executivaoffice.com.br\/index.php\/wp-json\/wp\/v2\/comments?post=1126"}],"wp:featuredmedia":[{"embeddable":true,"href":"https:\/\/executivaoffice.com.br\/index.php\/wp-json\/wp\/v2\/media\/1131"}],"wp:attachment":[{"href":"https:\/\/executivaoffice.com.br\/index.php\/wp-json\/wp\/v2\/media?parent=1126"}],"wp:term":[{"taxonomy":"product_cat","embeddable":true,"href":"https:\/\/executivaoffice.com.br\/index.php\/wp-json\/wp\/v2\/product_cat?post=1126"},{"taxonomy":"product_tag","embeddable":true,"href":"https:\/\/executivaoffice.com.br\/index.php\/wp-json\/wp\/v2\/product_tag?post=1126"}],"curies":[{"name":"wp","href":"https:\/\/api.w.org\/{rel}","templated":true}]}}