{"id":1135,"date":"2024-09-19T13:43:44","date_gmt":"2024-09-19T16:43:44","guid":{"rendered":"https:\/\/executivaoffice.com.br\/?post_type=product&#038;p=1135"},"modified":"2026-04-30T08:23:38","modified_gmt":"2026-04-30T11:23:38","slug":"poltrona-diretor-genebra","status":"publish","type":"product","link":"https:\/\/executivaoffice.com.br\/index.php\/produto\/poltrona-diretor-genebra\/","title":{"rendered":"POLTRONA DIRETOR GENEBRA"},"content":{"rendered":"","protected":false},"excerpt":{"rendered":"<p>&nbsp;<\/p>\n<p><b>Material:\u00a0<\/b>Polipropileno, Tela de alta resist\u00eancia e Base de nylon. Rodizio em nylon com borda de PU (poliuretano).<\/p>\n<p><b>Cor Dispon\u00edvel:<\/b>\u00a0Preto<\/p>\n<p><b>Peso Suportado:<\/b>\u00a0150 kg<\/p>\n<p><b>Dimens\u00f5es:\u00a0<\/b>C 47 x L 64,5 x A 102-112 cm | Altura Assento: 43-53 cm<\/p>\n<p><b>Densidade da Espuma:\u00a055 g\/cm<sup>3\u00a0<\/sup><\/b>\u00a0(Espuma Injetada)<\/p>\n<p><b>Caracter\u00edsticas:\u00a0<\/b>Regulagem de altura do assento | Regulagem de altura dos bra\u00e7os | Assento com espuma injetada | Regulagem da inclina\u00e7\u00e3o do encosto | Sistema sincronizado (travamento do encosto em qualquer posi\u00e7\u00e3o) | Apoio de lombar regul\u00e1vel | Ergon\u00f4mica \u2013 Certifica\u00e7\u00e3o NR 17 e NBR 13962<\/p>\n<p><b>Certifica\u00e7\u00e3o:<\/b>\u00a0Ergonomia \u2013 NR 17 e NBR 13962:2018<\/p>\n","protected":false},"featured_media":1140,"comment_status":"open","ping_status":"closed","template":"","meta":{"_joinchat":[]},"product_cat":[35,32,45],"product_tag":[],"class_list":{"0":"post-1135","1":"product","2":"type-product","3":"status-publish","4":"has-post-thumbnail","6":"product_cat-cadeira-de-tela","7":"product_cat-cadeira-diretor","8":"product_cat-cadeiras","10":"first","11":"instock","12":"shipping-taxable","13":"purchasable","14":"product-type-simple"},"_links":{"self":[{"href":"https:\/\/executivaoffice.com.br\/index.php\/wp-json\/wp\/v2\/product\/1135","targetHints":{"allow":["GET"]}}],"collection":[{"href":"https:\/\/executivaoffice.com.br\/index.php\/wp-json\/wp\/v2\/product"}],"about":[{"href":"https:\/\/executivaoffice.com.br\/index.php\/wp-json\/wp\/v2\/types\/product"}],"replies":[{"embeddable":true,"href":"https:\/\/executivaoffice.com.br\/index.php\/wp-json\/wp\/v2\/comments?post=1135"}],"wp:featuredmedia":[{"embeddable":true,"href":"https:\/\/executivaoffice.com.br\/index.php\/wp-json\/wp\/v2\/media\/1140"}],"wp:attachment":[{"href":"https:\/\/executivaoffice.com.br\/index.php\/wp-json\/wp\/v2\/media?parent=1135"}],"wp:term":[{"taxonomy":"product_cat","embeddable":true,"href":"https:\/\/executivaoffice.com.br\/index.php\/wp-json\/wp\/v2\/product_cat?post=1135"},{"taxonomy":"product_tag","embeddable":true,"href":"https:\/\/executivaoffice.com.br\/index.php\/wp-json\/wp\/v2\/product_tag?post=1135"}],"curies":[{"name":"wp","href":"https:\/\/api.w.org\/{rel}","templated":true}]}}