{"id":1149,"date":"2024-09-24T11:25:07","date_gmt":"2024-09-24T14:25:07","guid":{"rendered":"https:\/\/executivaoffice.com.br\/?post_type=product&#038;p=1149"},"modified":"2024-09-24T12:15:31","modified_gmt":"2024-09-24T15:15:31","slug":"kopenhagen-presidente","status":"publish","type":"product","link":"https:\/\/executivaoffice.com.br\/index.php\/produto\/kopenhagen-presidente\/","title":{"rendered":"Kopenhagen Presidente"},"content":{"rendered":"<p><strong>Caracter\u00edsticas:<\/strong>\u00a0Regulagem de altura do assento | Bra\u00e7os Fixos | Sistema relax (travamento do encosto na vertical ou de acordo com o balan\u00e7o do corpo) | Apoio de cabe\u00e7a fixo<\/p>\n<p><strong>Descri\u00e7\u00e3o:<\/strong>\u00a0A cadeira Kopenhagen Presidente \u00e9 luxuosa, revestida em couro ecol\u00f3gico (PU) com estrutura em madeira. Seu design \u00e9 perfeito para salas de reuni\u00f5es. Com mecanismo relax e ajuste de altura do assento, proporciona conforto m\u00e1ximo. Possui encosto de cabe\u00e7a fixo, adicionando ainda mais conforto \u00e0 experi\u00eancia.<\/p>\n<h1 class=\"text-center\"><\/h1>\n","protected":false},"excerpt":{"rendered":"<p>Caracter\u00edsticas:\u00a0Regulagem de altura do assento | Bra\u00e7os Fixos | Sistema relax (travamento do encosto na vertical ou de acordo com o balan\u00e7o do corpo) | Apoio de cabe\u00e7a fixo Descri\u00e7\u00e3o:\u00a0A cadeira Kopenhagen Presidente \u00e9 luxuosa, revestida em couro ecol\u00f3gico (PU) com estrutura em madeira. Seu design \u00e9 perfeito para salas de reuni\u00f5es. Com mecanismo relax [&hellip;]<\/p>\n","protected":false},"featured_media":1143,"comment_status":"open","ping_status":"closed","template":"","meta":{"_joinchat":[]},"product_cat":[31],"product_tag":[48,49,47,46],"class_list":{"0":"post-1149","1":"product","2":"type-product","3":"status-publish","4":"has-post-thumbnail","6":"product_cat-cadeira-presidente","7":"product_tag-escritorio","8":"product_tag-luxo","9":"product_tag-moveis","10":"product_tag-poltrona","12":"first","13":"instock","14":"shipping-taxable","15":"purchasable","16":"product-type-simple"},"_links":{"self":[{"href":"https:\/\/executivaoffice.com.br\/index.php\/wp-json\/wp\/v2\/product\/1149","targetHints":{"allow":["GET"]}}],"collection":[{"href":"https:\/\/executivaoffice.com.br\/index.php\/wp-json\/wp\/v2\/product"}],"about":[{"href":"https:\/\/executivaoffice.com.br\/index.php\/wp-json\/wp\/v2\/types\/product"}],"replies":[{"embeddable":true,"href":"https:\/\/executivaoffice.com.br\/index.php\/wp-json\/wp\/v2\/comments?post=1149"}],"wp:featuredmedia":[{"embeddable":true,"href":"https:\/\/executivaoffice.com.br\/index.php\/wp-json\/wp\/v2\/media\/1143"}],"wp:attachment":[{"href":"https:\/\/executivaoffice.com.br\/index.php\/wp-json\/wp\/v2\/media?parent=1149"}],"wp:term":[{"taxonomy":"product_cat","embeddable":true,"href":"https:\/\/executivaoffice.com.br\/index.php\/wp-json\/wp\/v2\/product_cat?post=1149"},{"taxonomy":"product_tag","embeddable":true,"href":"https:\/\/executivaoffice.com.br\/index.php\/wp-json\/wp\/v2\/product_tag?post=1149"}],"curies":[{"name":"wp","href":"https:\/\/api.w.org\/{rel}","templated":true}]}}