{"id":1158,"date":"2024-09-24T12:31:07","date_gmt":"2024-09-24T15:31:07","guid":{"rendered":"https:\/\/executivaoffice.com.br\/?post_type=product&#038;p=1158"},"modified":"2025-11-18T14:03:22","modified_gmt":"2025-11-18T17:03:22","slug":"kopenhagen-presidente-marrom","status":"publish","type":"product","link":"https:\/\/executivaoffice.com.br\/index.php\/produto\/kopenhagen-presidente-marrom\/","title":{"rendered":"Kopenhagen Presidente Marrom"},"content":{"rendered":"<p><strong>Peso Suportado:<\/strong>\u00a0120 kg<\/p>\n<p><strong>Dimens\u00f5es:<\/strong>\u00a0C 63 x L 61 x A 116-124 cm | Altura Assento: 45-50 cm<\/p>\n<p><b>Densidade da Espuma:\u00a0<\/b>30g\/cm<sup>3<\/sup><\/p>\n<p><strong>Caracter\u00edsticas:<\/strong>\u00a0Regulagem de altura do assento | Bra\u00e7os Fixos | Sistema relax (travamento do encosto na vertical ou de acordo com o balan\u00e7o do corpo) | Apoio de cabe\u00e7a fixo<\/p>\n<p><strong>Descri\u00e7\u00e3o:<\/strong>\u00a0A cadeira Kopenhagen Presidente \u00e9 luxuosa, revestida em couro ecol\u00f3gico (PU) com estrutura em madeira. Seu design \u00e9 perfeito para salas de reuni\u00f5es. Com mecanismo relax e ajuste de altura do assento, proporciona conforto m\u00e1ximo. Possui encosto de cabe\u00e7a fixo, adicionando ainda mais conforto \u00e0 experi\u00eancia.<\/p>\n","protected":false},"excerpt":{"rendered":"<p><strong>Peso Suportado:<\/strong>\u00a0120 kg<\/p>\n<p><strong>Dimens\u00f5es:<\/strong>\u00a0C 63 x L 61 x A 116-124 cm | Altura Assento: 45-50 cm<\/p>\n<p><b>Densidade da Espuma:\u00a0<\/b>30g\/cm<sup>3<\/sup><\/p>\n<p><strong>Caracter\u00edsticas:<\/strong>\u00a0Regulagem de altura do assento | Bra\u00e7os Fixos | Sistema relax (travamento do encosto na vertical ou de acordo com o balan\u00e7o do corpo) | Apoio de cabe\u00e7a fixo<\/p>\n<p><strong>Descri\u00e7\u00e3o:<\/strong>\u00a0A cadeira Kopenhagen Presidente \u00e9 luxuosa, revestida em couro ecol\u00f3gico (PU) com estrutura em madeira. Seu design \u00e9 perfeito para salas de reuni\u00f5es. Com mecanismo relax e ajuste de altura do assento, proporciona conforto m\u00e1ximo. Possui encosto de cabe\u00e7a fixo, adicionando ainda mais conforto \u00e0 experi\u00eancia.<\/p>\n","protected":false},"featured_media":1992,"comment_status":"open","ping_status":"closed","template":"","meta":{"_joinchat":[]},"product_cat":[31],"product_tag":[50,62,48,47,61,63,51,46],"class_list":{"0":"post-1158","1":"product","2":"type-product","3":"status-publish","4":"has-post-thumbnail","6":"product_cat-cadeira-presidente","7":"product_tag-cadeira","8":"product_tag-cadeira-para-escritorio","9":"product_tag-escritorio","10":"product_tag-moveis","11":"product_tag-moveis-escritorio","12":"product_tag-moveis-para-escritorio","13":"product_tag-office","14":"product_tag-poltrona","16":"first","17":"instock","18":"shipping-taxable","19":"purchasable","20":"product-type-simple"},"_links":{"self":[{"href":"https:\/\/executivaoffice.com.br\/index.php\/wp-json\/wp\/v2\/product\/1158","targetHints":{"allow":["GET"]}}],"collection":[{"href":"https:\/\/executivaoffice.com.br\/index.php\/wp-json\/wp\/v2\/product"}],"about":[{"href":"https:\/\/executivaoffice.com.br\/index.php\/wp-json\/wp\/v2\/types\/product"}],"replies":[{"embeddable":true,"href":"https:\/\/executivaoffice.com.br\/index.php\/wp-json\/wp\/v2\/comments?post=1158"}],"wp:featuredmedia":[{"embeddable":true,"href":"https:\/\/executivaoffice.com.br\/index.php\/wp-json\/wp\/v2\/media\/1992"}],"wp:attachment":[{"href":"https:\/\/executivaoffice.com.br\/index.php\/wp-json\/wp\/v2\/media?parent=1158"}],"wp:term":[{"taxonomy":"product_cat","embeddable":true,"href":"https:\/\/executivaoffice.com.br\/index.php\/wp-json\/wp\/v2\/product_cat?post=1158"},{"taxonomy":"product_tag","embeddable":true,"href":"https:\/\/executivaoffice.com.br\/index.php\/wp-json\/wp\/v2\/product_tag?post=1158"}],"curies":[{"name":"wp","href":"https:\/\/api.w.org\/{rel}","templated":true}]}}