{"id":1165,"date":"2024-09-24T12:41:33","date_gmt":"2024-09-24T15:41:33","guid":{"rendered":"https:\/\/executivaoffice.com.br\/?post_type=product&#038;p=1165"},"modified":"2026-02-05T14:19:15","modified_gmt":"2026-02-05T17:19:15","slug":"cadeira-presidente-esteirinha-cor-branco","status":"publish","type":"product","link":"https:\/\/executivaoffice.com.br\/index.php\/produto\/cadeira-presidente-esteirinha-cor-branco\/","title":{"rendered":"Poltrona Presidente  Esteirinha \u2013 Cor Branco"},"content":{"rendered":"<ul>\n<li>Cor Branco<\/li>\n<li>Base de A\u00e7o cromado<\/li>\n<li>Base Girat\u00f3ria<\/li>\n<li>Assento em Corino<\/li>\n<li>Encosto em Corino<\/li>\n<li>Rod\u00edzio refor\u00e7ado<\/li>\n<\/ul>\n<p><strong>Garantia do Fornecedor: 11 Meses<\/strong><\/p>\n<ul>\n<li>Peso Suportado (Kg): 120<\/li>\n<\/ul>\n<p><strong>Modelo: Cadeira para escrit\u00f3rio<\/strong><\/p>\n<ul>\n<li>Refer\u00eancia do Modelo: Charles Eames Branco<\/li>\n<\/ul>\n","protected":false},"excerpt":{"rendered":"<p>Cor Branco Base de A\u00e7o cromado Base Girat\u00f3ria Assento em Corino Encosto em Corino Rod\u00edzio refor\u00e7ado Garantia do Fornecedor: 11 Meses Peso Suportado (Kg): 120 Modelo: Cadeira para escrit\u00f3rio Refer\u00eancia do Modelo: Charles Eames Branco<\/p>\n","protected":false},"featured_media":1166,"comment_status":"open","ping_status":"closed","template":"","meta":{"_joinchat":[]},"product_cat":[31],"product_tag":[],"class_list":{"0":"post-1165","1":"product","2":"type-product","3":"status-publish","4":"has-post-thumbnail","6":"product_cat-cadeira-presidente","8":"first","9":"instock","10":"shipping-taxable","11":"purchasable","12":"product-type-simple"},"_links":{"self":[{"href":"https:\/\/executivaoffice.com.br\/index.php\/wp-json\/wp\/v2\/product\/1165","targetHints":{"allow":["GET"]}}],"collection":[{"href":"https:\/\/executivaoffice.com.br\/index.php\/wp-json\/wp\/v2\/product"}],"about":[{"href":"https:\/\/executivaoffice.com.br\/index.php\/wp-json\/wp\/v2\/types\/product"}],"replies":[{"embeddable":true,"href":"https:\/\/executivaoffice.com.br\/index.php\/wp-json\/wp\/v2\/comments?post=1165"}],"wp:featuredmedia":[{"embeddable":true,"href":"https:\/\/executivaoffice.com.br\/index.php\/wp-json\/wp\/v2\/media\/1166"}],"wp:attachment":[{"href":"https:\/\/executivaoffice.com.br\/index.php\/wp-json\/wp\/v2\/media?parent=1165"}],"wp:term":[{"taxonomy":"product_cat","embeddable":true,"href":"https:\/\/executivaoffice.com.br\/index.php\/wp-json\/wp\/v2\/product_cat?post=1165"},{"taxonomy":"product_tag","embeddable":true,"href":"https:\/\/executivaoffice.com.br\/index.php\/wp-json\/wp\/v2\/product_tag?post=1165"}],"curies":[{"name":"wp","href":"https:\/\/api.w.org\/{rel}","templated":true}]}}