{"id":1178,"date":"2024-09-24T13:29:37","date_gmt":"2024-09-24T16:29:37","guid":{"rendered":"https:\/\/executivaoffice.com.br\/?post_type=product&#038;p=1178"},"modified":"2025-09-01T13:17:58","modified_gmt":"2025-09-01T16:17:58","slug":"poltrona-de-escritorio-rosa-claro","status":"publish","type":"product","link":"https:\/\/executivaoffice.com.br\/index.php\/produto\/poltrona-de-escritorio-rosa-claro\/","title":{"rendered":"Poltrona Esteirinha presidente  ROSA"},"content":{"rendered":"<p><strong>Especifica\u00e7\u00f5es:<\/strong><\/p>\n<ul>\n<li>Cor Rosa<\/li>\n<li>Base de A\u00e7o cromado<\/li>\n<li>Base Girat\u00f3ria<\/li>\n<li>Assento em Corino<\/li>\n<li>Encosto em Corino<\/li>\n<li>Rod\u00edzio refor\u00e7ado<\/li>\n<\/ul>\n<p>&nbsp;<\/p>\n<ul>\n<li>Peso Suportado (Kg): 120<\/li>\n<\/ul>\n","protected":false},"excerpt":{"rendered":"<p>Especifica\u00e7\u00f5es: Cor Rosa Base de A\u00e7o cromado Base Girat\u00f3ria Assento em Corino Encosto em Corino Rod\u00edzio refor\u00e7ado &nbsp; Peso Suportado (Kg): 120<\/p>\n","protected":false},"featured_media":1887,"comment_status":"open","ping_status":"closed","template":"","meta":{"_joinchat":[]},"product_cat":[31],"product_tag":[65,50,62,48,70,47,58,61,63,66],"class_list":{"0":"post-1178","1":"product","2":"type-product","3":"status-publish","4":"has-post-thumbnail","6":"product_cat-cadeira-presidente","7":"product_tag-banquetas","8":"product_tag-cadeira","9":"product_tag-cadeira-para-escritorio","10":"product_tag-escritorio","11":"product_tag-goiania","12":"product_tag-moveis","13":"product_tag-moveis-escolar","14":"product_tag-moveis-escritorio","15":"product_tag-moveis-para-escritorio","16":"product_tag-recepcao","18":"first","19":"instock","20":"shipping-taxable","21":"purchasable","22":"product-type-simple"},"_links":{"self":[{"href":"https:\/\/executivaoffice.com.br\/index.php\/wp-json\/wp\/v2\/product\/1178","targetHints":{"allow":["GET"]}}],"collection":[{"href":"https:\/\/executivaoffice.com.br\/index.php\/wp-json\/wp\/v2\/product"}],"about":[{"href":"https:\/\/executivaoffice.com.br\/index.php\/wp-json\/wp\/v2\/types\/product"}],"replies":[{"embeddable":true,"href":"https:\/\/executivaoffice.com.br\/index.php\/wp-json\/wp\/v2\/comments?post=1178"}],"wp:featuredmedia":[{"embeddable":true,"href":"https:\/\/executivaoffice.com.br\/index.php\/wp-json\/wp\/v2\/media\/1887"}],"wp:attachment":[{"href":"https:\/\/executivaoffice.com.br\/index.php\/wp-json\/wp\/v2\/media?parent=1178"}],"wp:term":[{"taxonomy":"product_cat","embeddable":true,"href":"https:\/\/executivaoffice.com.br\/index.php\/wp-json\/wp\/v2\/product_cat?post=1178"},{"taxonomy":"product_tag","embeddable":true,"href":"https:\/\/executivaoffice.com.br\/index.php\/wp-json\/wp\/v2\/product_tag?post=1178"}],"curies":[{"name":"wp","href":"https:\/\/api.w.org\/{rel}","templated":true}]}}