{"id":1196,"date":"2024-09-24T14:07:14","date_gmt":"2024-09-24T17:07:14","guid":{"rendered":"https:\/\/executivaoffice.com.br\/?post_type=product&#038;p=1196"},"modified":"2024-09-24T14:13:44","modified_gmt":"2024-09-24T17:13:44","slug":"poltrona-presidente-california-caramelo","status":"publish","type":"product","link":"https:\/\/executivaoffice.com.br\/index.php\/produto\/poltrona-presidente-california-caramelo\/","title":{"rendered":"Poltrona Presidente Calif\u00f3rnia Caramelo"},"content":{"rendered":"<p><b>Material:<\/b>\u00a0Assento com tecnologia de mola ensacada, garantindo m\u00e1ximo conforto. Revestimento em couro ecol\u00f3gico (PU). Base e bra\u00e7os em a\u00e7o cromado. Rodizio em PU (poliuretano).<\/p>\n<p><b>Peso Suportado:<\/b>\u00a0150 kg<\/p>\n<p><b>Dimens\u00f5es:\u00a0<\/b>C 60 x L 65 x A 112-123 cm | Altura Assento: 50-61 cm<\/p>\n<p><b>Densidade da Espuma:\u00a0<\/b>Espuma Superior: 30 g\/cm<sup>3\u00a0<\/sup>| Espuma Inferior:60 g\/cm<sup>3<\/sup><\/p>\n<p><b>Caracter\u00edsticas:<\/b>\u00a0Regulagem de altura do assento | Assento com mola ensacada | Sistema sincronizado (travamento do encosto em qualquer posi\u00e7\u00e3o) | Bra\u00e7os fixos<\/p>\n<p><b>Certifica\u00e7\u00e3o:<\/b>\u00a0Ergonomia \u2013 NR 17<\/p>\n<p><b>Descri\u00e7\u00e3o:<\/b>A cadeira Calif\u00f3rnia \u00e9 perfeita para salas presidenciais. Seu conforto \u00e9 proporcionado pelo assento em mola ensacada e pelo mecanismo sincronizado que permite travar a inclina\u00e7\u00e3o do encosto em qualquer posi\u00e7\u00e3o. Al\u00e9m disso, \u00e9 revestida em couro ecol\u00f3gico (PU), garantindo sofistica\u00e7\u00e3o e durabilidade. Certificada pela NR 17, ela proporciona conforto e uma postura adequada para quem a utiliza.<\/p>\n","protected":false},"excerpt":{"rendered":"<p>Material:\u00a0Assento com tecnologia de mola ensacada, garantindo m\u00e1ximo conforto. Revestimento em couro ecol\u00f3gico (PU). Base e bra\u00e7os em a\u00e7o cromado. Rodizio em PU (poliuretano). Peso Suportado:\u00a0150 kg Dimens\u00f5es:\u00a0C 60 x L 65 x A 112-123 cm | Altura Assento: 50-61 cm Densidade da Espuma:\u00a0Espuma Superior: 30 g\/cm3\u00a0| Espuma Inferior:60 g\/cm3 Caracter\u00edsticas:\u00a0Regulagem de altura do assento [&hellip;]<\/p>\n","protected":false},"featured_media":1197,"comment_status":"open","ping_status":"closed","template":"","meta":{"_joinchat":[]},"product_brand":[],"product_cat":[31],"product_tag":[],"class_list":{"0":"post-1196","1":"product","2":"type-product","3":"status-publish","4":"has-post-thumbnail","6":"product_cat-cadeira-presidente","8":"first","9":"instock","10":"shipping-taxable","11":"purchasable","12":"product-type-simple"},"_links":{"self":[{"href":"https:\/\/executivaoffice.com.br\/index.php\/wp-json\/wp\/v2\/product\/1196","targetHints":{"allow":["GET"]}}],"collection":[{"href":"https:\/\/executivaoffice.com.br\/index.php\/wp-json\/wp\/v2\/product"}],"about":[{"href":"https:\/\/executivaoffice.com.br\/index.php\/wp-json\/wp\/v2\/types\/product"}],"replies":[{"embeddable":true,"href":"https:\/\/executivaoffice.com.br\/index.php\/wp-json\/wp\/v2\/comments?post=1196"}],"wp:featuredmedia":[{"embeddable":true,"href":"https:\/\/executivaoffice.com.br\/index.php\/wp-json\/wp\/v2\/media\/1197"}],"wp:attachment":[{"href":"https:\/\/executivaoffice.com.br\/index.php\/wp-json\/wp\/v2\/media?parent=1196"}],"wp:term":[{"taxonomy":"product_brand","embeddable":true,"href":"https:\/\/executivaoffice.com.br\/index.php\/wp-json\/wp\/v2\/product_brand?post=1196"},{"taxonomy":"product_cat","embeddable":true,"href":"https:\/\/executivaoffice.com.br\/index.php\/wp-json\/wp\/v2\/product_cat?post=1196"},{"taxonomy":"product_tag","embeddable":true,"href":"https:\/\/executivaoffice.com.br\/index.php\/wp-json\/wp\/v2\/product_tag?post=1196"}],"curies":[{"name":"wp","href":"https:\/\/api.w.org\/{rel}","templated":true}]}}