{"id":1201,"date":"2024-09-24T14:16:38","date_gmt":"2024-09-24T17:16:38","guid":{"rendered":"https:\/\/executivaoffice.com.br\/?post_type=product&#038;p=1201"},"modified":"2026-02-05T14:08:01","modified_gmt":"2026-02-05T17:08:01","slug":"cadeira-diretor-giratoria-tela-mesh","status":"publish","type":"product","link":"https:\/\/executivaoffice.com.br\/index.php\/produto\/cadeira-diretor-giratoria-tela-mesh\/","title":{"rendered":"Cadeira Diretor  Girat\u00f3ria Tela Mesh"},"content":{"rendered":"<p><strong>Especifica\u00e7\u00f5es:<\/strong><\/p>\n<ul>\n<li>Cor Preto<\/li>\n<li>Base de A\u00e7o cromado<\/li>\n<li>Base Girat\u00f3ria<\/li>\n<li>Assento em Poli\u00e9ster Space<\/li>\n<li>Encosto em Tela Mesh<\/li>\n<li>Rod\u00edzio refor\u00e7ado<strong>Assento:<\/strong>\u00a0em Poli\u00e9ster Space<strong>Encosto:<\/strong>\u00a0em Tela Mesh\n<p><strong>Material da Base:<\/strong>\u00a0A\u00e7o Cromado<\/p>\n<p><strong>Peso Suportado:<\/strong> (Kg) 120<\/p>\n<p><strong>Garantia do Fornecedor:11<\/strong>\u00a0Meses<\/li>\n<\/ul>\n","protected":false},"excerpt":{"rendered":"<p>Especifica\u00e7\u00f5es: Cor Preto Base de A\u00e7o cromado Base Girat\u00f3ria Assento em Poli\u00e9ster Space Encosto em Tela Mesh Rod\u00edzio refor\u00e7adoAssento:\u00a0em Poli\u00e9ster SpaceEncosto:\u00a0em Tela Mesh Material da Base:\u00a0A\u00e7o Cromado Peso Suportado: (Kg) 120 Garantia do Fornecedor:11\u00a0Meses<\/p>\n","protected":false},"featured_media":1204,"comment_status":"open","ping_status":"closed","template":"","meta":{"_joinchat":[]},"product_cat":[35,32],"product_tag":[],"class_list":{"0":"post-1201","1":"product","2":"type-product","3":"status-publish","4":"has-post-thumbnail","6":"product_cat-cadeira-de-tela","7":"product_cat-cadeira-diretor","9":"first","10":"instock","11":"shipping-taxable","12":"purchasable","13":"product-type-simple"},"_links":{"self":[{"href":"https:\/\/executivaoffice.com.br\/index.php\/wp-json\/wp\/v2\/product\/1201","targetHints":{"allow":["GET"]}}],"collection":[{"href":"https:\/\/executivaoffice.com.br\/index.php\/wp-json\/wp\/v2\/product"}],"about":[{"href":"https:\/\/executivaoffice.com.br\/index.php\/wp-json\/wp\/v2\/types\/product"}],"replies":[{"embeddable":true,"href":"https:\/\/executivaoffice.com.br\/index.php\/wp-json\/wp\/v2\/comments?post=1201"}],"wp:featuredmedia":[{"embeddable":true,"href":"https:\/\/executivaoffice.com.br\/index.php\/wp-json\/wp\/v2\/media\/1204"}],"wp:attachment":[{"href":"https:\/\/executivaoffice.com.br\/index.php\/wp-json\/wp\/v2\/media?parent=1201"}],"wp:term":[{"taxonomy":"product_cat","embeddable":true,"href":"https:\/\/executivaoffice.com.br\/index.php\/wp-json\/wp\/v2\/product_cat?post=1201"},{"taxonomy":"product_tag","embeddable":true,"href":"https:\/\/executivaoffice.com.br\/index.php\/wp-json\/wp\/v2\/product_tag?post=1201"}],"curies":[{"name":"wp","href":"https:\/\/api.w.org\/{rel}","templated":true}]}}