{"id":1233,"date":"2024-09-26T12:54:14","date_gmt":"2024-09-26T15:54:14","guid":{"rendered":"https:\/\/executivaoffice.com.br\/?post_type=product&#038;p=1233"},"modified":"2026-02-05T14:07:14","modified_gmt":"2026-02-05T17:07:14","slug":"cadeira-diretor-esteirinha-fendi","status":"publish","type":"product","link":"https:\/\/executivaoffice.com.br\/index.php\/produto\/cadeira-diretor-esteirinha-fendi\/","title":{"rendered":"Cadeira DIRETOR  Esteirinha FENDI \u2013"},"content":{"rendered":"<p><strong>Cadeira DIRETOR Charles Eames Esteirinha FENDI \u2013<\/strong><\/p>\n<ul>\n<li>Sistema Relax de regulagem<\/li>\n<li>Rod\u00edzio duplo refor\u00e7ado<\/li>\n<li>Base de a\u00e7o cromado<\/li>\n<li>Bra\u00e7os cromados com acabamento em corino<\/li>\n<\/ul>\n<p><strong>Garantia do Fornecedor: 11 Meses<\/strong><\/p>\n","protected":false},"excerpt":{"rendered":"<p>Cadeira DIRETOR Charles Eames Esteirinha FENDI \u2013 Sistema Relax de regulagem Rod\u00edzio duplo refor\u00e7ado Base de a\u00e7o cromado Bra\u00e7os cromados com acabamento em corino Garantia do Fornecedor: 11 Meses<\/p>\n","protected":false},"featured_media":1234,"comment_status":"open","ping_status":"closed","template":"","meta":{"_joinchat":[]},"product_cat":[32,45],"product_tag":[],"class_list":{"0":"post-1233","1":"product","2":"type-product","3":"status-publish","4":"has-post-thumbnail","6":"product_cat-cadeira-diretor","7":"product_cat-cadeiras","9":"first","10":"instock","11":"shipping-taxable","12":"purchasable","13":"product-type-simple"},"_links":{"self":[{"href":"https:\/\/executivaoffice.com.br\/index.php\/wp-json\/wp\/v2\/product\/1233","targetHints":{"allow":["GET"]}}],"collection":[{"href":"https:\/\/executivaoffice.com.br\/index.php\/wp-json\/wp\/v2\/product"}],"about":[{"href":"https:\/\/executivaoffice.com.br\/index.php\/wp-json\/wp\/v2\/types\/product"}],"replies":[{"embeddable":true,"href":"https:\/\/executivaoffice.com.br\/index.php\/wp-json\/wp\/v2\/comments?post=1233"}],"wp:featuredmedia":[{"embeddable":true,"href":"https:\/\/executivaoffice.com.br\/index.php\/wp-json\/wp\/v2\/media\/1234"}],"wp:attachment":[{"href":"https:\/\/executivaoffice.com.br\/index.php\/wp-json\/wp\/v2\/media?parent=1233"}],"wp:term":[{"taxonomy":"product_cat","embeddable":true,"href":"https:\/\/executivaoffice.com.br\/index.php\/wp-json\/wp\/v2\/product_cat?post=1233"},{"taxonomy":"product_tag","embeddable":true,"href":"https:\/\/executivaoffice.com.br\/index.php\/wp-json\/wp\/v2\/product_tag?post=1233"}],"curies":[{"name":"wp","href":"https:\/\/api.w.org\/{rel}","templated":true}]}}