{"id":1241,"date":"2024-09-26T13:25:34","date_gmt":"2024-09-26T16:25:34","guid":{"rendered":"https:\/\/executivaoffice.com.br\/?post_type=product&#038;p=1241"},"modified":"2026-02-05T14:30:05","modified_gmt":"2026-02-05T17:30:05","slug":"cadeira-interlocutor-esteirinha-fixa-caramelo","status":"publish","type":"product","link":"https:\/\/executivaoffice.com.br\/index.php\/produto\/cadeira-interlocutor-esteirinha-fixa-caramelo\/","title":{"rendered":"Cadeira INTERLOCUTOR Esteirinha FIXA \u2013 CARAMELO"},"content":{"rendered":"<p><strong>Especifica\u00e7\u00f5es:<\/strong><\/p>\n<ul>\n<li>Cor Caramelo<\/li>\n<li>Base de A\u00e7o cromado<\/li>\n<li>Base Fixa<\/li>\n<li>Assento em Corino<\/li>\n<li>Encosto em Corino<\/li>\n<li>Rod\u00edzio refor\u00e7ado<\/li>\n<\/ul>\n<p><strong>Garantia do Fornecedor: 11 Meses<\/strong><\/p>\n","protected":false},"excerpt":{"rendered":"<p>Especifica\u00e7\u00f5es: Cor Caramelo Base de A\u00e7o cromado Base Fixa Assento em Corino Encosto em Corino Rod\u00edzio refor\u00e7ado Garantia do Fornecedor: 11 Meses<\/p>\n","protected":false},"featured_media":1242,"comment_status":"open","ping_status":"closed","template":"","meta":{"_joinchat":[]},"product_cat":[43],"product_tag":[],"class_list":{"0":"post-1241","1":"product","2":"type-product","3":"status-publish","4":"has-post-thumbnail","6":"product_cat-cadeira-fixa","8":"first","9":"instock","10":"shipping-taxable","11":"purchasable","12":"product-type-simple"},"_links":{"self":[{"href":"https:\/\/executivaoffice.com.br\/index.php\/wp-json\/wp\/v2\/product\/1241","targetHints":{"allow":["GET"]}}],"collection":[{"href":"https:\/\/executivaoffice.com.br\/index.php\/wp-json\/wp\/v2\/product"}],"about":[{"href":"https:\/\/executivaoffice.com.br\/index.php\/wp-json\/wp\/v2\/types\/product"}],"replies":[{"embeddable":true,"href":"https:\/\/executivaoffice.com.br\/index.php\/wp-json\/wp\/v2\/comments?post=1241"}],"wp:featuredmedia":[{"embeddable":true,"href":"https:\/\/executivaoffice.com.br\/index.php\/wp-json\/wp\/v2\/media\/1242"}],"wp:attachment":[{"href":"https:\/\/executivaoffice.com.br\/index.php\/wp-json\/wp\/v2\/media?parent=1241"}],"wp:term":[{"taxonomy":"product_cat","embeddable":true,"href":"https:\/\/executivaoffice.com.br\/index.php\/wp-json\/wp\/v2\/product_cat?post=1241"},{"taxonomy":"product_tag","embeddable":true,"href":"https:\/\/executivaoffice.com.br\/index.php\/wp-json\/wp\/v2\/product_tag?post=1241"}],"curies":[{"name":"wp","href":"https:\/\/api.w.org\/{rel}","templated":true}]}}