{"id":1246,"date":"2024-09-26T13:36:05","date_gmt":"2024-09-26T16:36:05","guid":{"rendered":"https:\/\/executivaoffice.com.br\/?post_type=product&#038;p=1246"},"modified":"2026-02-05T14:29:24","modified_gmt":"2026-02-05T17:29:24","slug":"cadeira-interlocutor-esteirinha-cor-preta","status":"publish","type":"product","link":"https:\/\/executivaoffice.com.br\/index.php\/produto\/cadeira-interlocutor-esteirinha-cor-preta\/","title":{"rendered":"Cadeira Interlocutor Esteirinha  \u2013 Cor Preta"},"content":{"rendered":"<p><strong>Cadeira Interlocutor Esteirinha CHARLES EAMES \u2013 Cor Preta<\/strong><\/p>\n<p><strong>Ficha T\u00e9cnica:<\/strong><\/p>\n<p>Garantia do Fornecedor: 11 Meses<\/p>\n<p><strong>Modelo: Cadeira para Escrit\u00f3rio<\/strong><\/p>\n<p>Refer\u00eancia do Modelo: Interlocutor Charles Eames<\/p>\n<p>Conte\u00fado da Embalagem: Assento e Encosto \/ Base Fixa<\/p>\n","protected":false},"excerpt":{"rendered":"<p>Cadeira Interlocutor Esteirinha CHARLES EAMES \u2013 Cor Preta Ficha T\u00e9cnica: Garantia do Fornecedor: 11 Meses Modelo: Cadeira para Escrit\u00f3rio Refer\u00eancia do Modelo: Interlocutor Charles Eames Conte\u00fado da Embalagem: Assento e Encosto \/ Base Fixa<\/p>\n","protected":false},"featured_media":1247,"comment_status":"open","ping_status":"closed","template":"","meta":{"_joinchat":[]},"product_cat":[43],"product_tag":[],"class_list":{"0":"post-1246","1":"product","2":"type-product","3":"status-publish","4":"has-post-thumbnail","6":"product_cat-cadeira-fixa","8":"first","9":"instock","10":"shipping-taxable","11":"purchasable","12":"product-type-simple"},"_links":{"self":[{"href":"https:\/\/executivaoffice.com.br\/index.php\/wp-json\/wp\/v2\/product\/1246","targetHints":{"allow":["GET"]}}],"collection":[{"href":"https:\/\/executivaoffice.com.br\/index.php\/wp-json\/wp\/v2\/product"}],"about":[{"href":"https:\/\/executivaoffice.com.br\/index.php\/wp-json\/wp\/v2\/types\/product"}],"replies":[{"embeddable":true,"href":"https:\/\/executivaoffice.com.br\/index.php\/wp-json\/wp\/v2\/comments?post=1246"}],"wp:featuredmedia":[{"embeddable":true,"href":"https:\/\/executivaoffice.com.br\/index.php\/wp-json\/wp\/v2\/media\/1247"}],"wp:attachment":[{"href":"https:\/\/executivaoffice.com.br\/index.php\/wp-json\/wp\/v2\/media?parent=1246"}],"wp:term":[{"taxonomy":"product_cat","embeddable":true,"href":"https:\/\/executivaoffice.com.br\/index.php\/wp-json\/wp\/v2\/product_cat?post=1246"},{"taxonomy":"product_tag","embeddable":true,"href":"https:\/\/executivaoffice.com.br\/index.php\/wp-json\/wp\/v2\/product_tag?post=1246"}],"curies":[{"name":"wp","href":"https:\/\/api.w.org\/{rel}","templated":true}]}}