{"id":1267,"date":"2024-09-30T16:24:29","date_gmt":"2024-09-30T19:24:29","guid":{"rendered":"https:\/\/executivaoffice.com.br\/?post_type=product&#038;p=1267"},"modified":"2026-03-10T13:22:01","modified_gmt":"2026-03-10T16:22:01","slug":"armario-de-aco-pa120","status":"publish","type":"product","link":"https:\/\/executivaoffice.com.br\/index.php\/produto\/armario-de-aco-pa120\/","title":{"rendered":"ARM\u00c1RIO DE A\u00c7O PA120"},"content":{"rendered":"<h5>ARM\u00c1RIO DE A\u00c7O PA120\u00a0 CINZA 1.94X1.20X0.40<\/h5>\n","protected":false},"excerpt":{"rendered":"<p>ARM\u00c1RIO DE A\u00c7O PA120\u00a0 CINZA 1.94X1.20X0.40<\/p>\n","protected":false},"featured_media":1268,"comment_status":"open","ping_status":"closed","template":"","meta":{"_joinchat":[]},"product_cat":[29],"product_tag":[],"class_list":{"0":"post-1267","1":"product","2":"type-product","3":"status-publish","4":"has-post-thumbnail","6":"product_cat-armario-de-aco","8":"first","9":"instock","10":"shipping-taxable","11":"purchasable","12":"product-type-simple"},"_links":{"self":[{"href":"https:\/\/executivaoffice.com.br\/index.php\/wp-json\/wp\/v2\/product\/1267","targetHints":{"allow":["GET"]}}],"collection":[{"href":"https:\/\/executivaoffice.com.br\/index.php\/wp-json\/wp\/v2\/product"}],"about":[{"href":"https:\/\/executivaoffice.com.br\/index.php\/wp-json\/wp\/v2\/types\/product"}],"replies":[{"embeddable":true,"href":"https:\/\/executivaoffice.com.br\/index.php\/wp-json\/wp\/v2\/comments?post=1267"}],"wp:featuredmedia":[{"embeddable":true,"href":"https:\/\/executivaoffice.com.br\/index.php\/wp-json\/wp\/v2\/media\/1268"}],"wp:attachment":[{"href":"https:\/\/executivaoffice.com.br\/index.php\/wp-json\/wp\/v2\/media?parent=1267"}],"wp:term":[{"taxonomy":"product_cat","embeddable":true,"href":"https:\/\/executivaoffice.com.br\/index.php\/wp-json\/wp\/v2\/product_cat?post=1267"},{"taxonomy":"product_tag","embeddable":true,"href":"https:\/\/executivaoffice.com.br\/index.php\/wp-json\/wp\/v2\/product_tag?post=1267"}],"curies":[{"name":"wp","href":"https:\/\/api.w.org\/{rel}","templated":true}]}}