{"id":1272,"date":"2024-09-30T16:30:53","date_gmt":"2024-09-30T19:30:53","guid":{"rendered":"https:\/\/executivaoffice.com.br\/?post_type=product&#038;p=1272"},"modified":"2025-06-27T12:39:08","modified_gmt":"2025-06-27T15:39:08","slug":"armario-de-aco-pa75","status":"publish","type":"product","link":"https:\/\/executivaoffice.com.br\/index.php\/produto\/armario-de-aco-pa75\/","title":{"rendered":"ARM\u00c1RIO DE A\u00c7O PA75"},"content":{"rendered":"<h5>ARM\u00c1RIO DE A\u00c7O\u00a0 PA75\u00a0 CINZA 1.66X0.75X0.35.<\/h5>\n","protected":false},"excerpt":{"rendered":"<p>ARM\u00c1RIO DE A\u00c7O\u00a0 PA75\u00a0 CINZA 1.66X0.75X0.35.<\/p>\n","protected":false},"featured_media":1273,"comment_status":"open","ping_status":"closed","template":"","meta":{"_joinchat":[]},"product_cat":[29],"product_tag":[],"class_list":{"0":"post-1272","1":"product","2":"type-product","3":"status-publish","4":"has-post-thumbnail","6":"product_cat-armario-de-aco","8":"first","9":"instock","10":"shipping-taxable","11":"purchasable","12":"product-type-simple"},"_links":{"self":[{"href":"https:\/\/executivaoffice.com.br\/index.php\/wp-json\/wp\/v2\/product\/1272","targetHints":{"allow":["GET"]}}],"collection":[{"href":"https:\/\/executivaoffice.com.br\/index.php\/wp-json\/wp\/v2\/product"}],"about":[{"href":"https:\/\/executivaoffice.com.br\/index.php\/wp-json\/wp\/v2\/types\/product"}],"replies":[{"embeddable":true,"href":"https:\/\/executivaoffice.com.br\/index.php\/wp-json\/wp\/v2\/comments?post=1272"}],"wp:featuredmedia":[{"embeddable":true,"href":"https:\/\/executivaoffice.com.br\/index.php\/wp-json\/wp\/v2\/media\/1273"}],"wp:attachment":[{"href":"https:\/\/executivaoffice.com.br\/index.php\/wp-json\/wp\/v2\/media?parent=1272"}],"wp:term":[{"taxonomy":"product_cat","embeddable":true,"href":"https:\/\/executivaoffice.com.br\/index.php\/wp-json\/wp\/v2\/product_cat?post=1272"},{"taxonomy":"product_tag","embeddable":true,"href":"https:\/\/executivaoffice.com.br\/index.php\/wp-json\/wp\/v2\/product_tag?post=1272"}],"curies":[{"name":"wp","href":"https:\/\/api.w.org\/{rel}","templated":true}]}}