{"id":1278,"date":"2024-09-30T16:37:47","date_gmt":"2024-09-30T19:37:47","guid":{"rendered":"https:\/\/executivaoffice.com.br\/?post_type=product&#038;p=1278"},"modified":"2025-06-27T12:44:49","modified_gmt":"2025-06-27T15:44:49","slug":"roupeiro-de-aco-04-portas","status":"publish","type":"product","link":"https:\/\/executivaoffice.com.br\/index.php\/produto\/roupeiro-de-aco-04-portas\/","title":{"rendered":"ROUPEIRO DE A\u00c7O 04 PORTAS"},"content":{"rendered":"<h5>ROUPEIRO DE A\u00c7O AMAP\u00c1\u00a0 04 PORTAS 196X033X036 CINZA<\/h5>\n","protected":false},"excerpt":{"rendered":"<p>ROUPEIRO DE A\u00c7O AMAP\u00c1\u00a0 04 PORTAS 196X033X036 CINZA<\/p>\n","protected":false},"featured_media":1279,"comment_status":"open","ping_status":"closed","template":"","meta":{"_joinchat":[]},"product_cat":[44],"product_tag":[],"class_list":{"0":"post-1278","1":"product","2":"type-product","3":"status-publish","4":"has-post-thumbnail","6":"product_cat-roupeiros-em-aco","8":"first","9":"instock","10":"shipping-taxable","11":"purchasable","12":"product-type-simple"},"_links":{"self":[{"href":"https:\/\/executivaoffice.com.br\/index.php\/wp-json\/wp\/v2\/product\/1278","targetHints":{"allow":["GET"]}}],"collection":[{"href":"https:\/\/executivaoffice.com.br\/index.php\/wp-json\/wp\/v2\/product"}],"about":[{"href":"https:\/\/executivaoffice.com.br\/index.php\/wp-json\/wp\/v2\/types\/product"}],"replies":[{"embeddable":true,"href":"https:\/\/executivaoffice.com.br\/index.php\/wp-json\/wp\/v2\/comments?post=1278"}],"wp:featuredmedia":[{"embeddable":true,"href":"https:\/\/executivaoffice.com.br\/index.php\/wp-json\/wp\/v2\/media\/1279"}],"wp:attachment":[{"href":"https:\/\/executivaoffice.com.br\/index.php\/wp-json\/wp\/v2\/media?parent=1278"}],"wp:term":[{"taxonomy":"product_cat","embeddable":true,"href":"https:\/\/executivaoffice.com.br\/index.php\/wp-json\/wp\/v2\/product_cat?post=1278"},{"taxonomy":"product_tag","embeddable":true,"href":"https:\/\/executivaoffice.com.br\/index.php\/wp-json\/wp\/v2\/product_tag?post=1278"}],"curies":[{"name":"wp","href":"https:\/\/api.w.org\/{rel}","templated":true}]}}