{"id":1309,"date":"2024-10-09T13:57:53","date_gmt":"2024-10-09T16:57:53","guid":{"rendered":"https:\/\/executivaoffice.com.br\/?post_type=product&#038;p=1309"},"modified":"2026-04-30T08:33:23","modified_gmt":"2026-04-30T11:33:23","slug":"cadeira-presidente-tela-or-designer","status":"publish","type":"product","link":"https:\/\/executivaoffice.com.br\/index.php\/produto\/cadeira-presidente-tela-or-designer\/","title":{"rendered":"POLTRONA  PRESIDENTE TELA PRATA"},"content":{"rendered":"","protected":false},"excerpt":{"rendered":"<p><b>Material:<\/b>\u00a0A\u00e7o cromado e tela. Rodizio em nylon.<\/p>\n<p><b>Cores dispon\u00edveis:<\/b>\u00a0Preto e Cinza.<\/p>\n<p><b>Peso Suportado:\u00a0<\/b>120 kg<\/p>\n<p><b>Dimens\u00f5es:\u00a0<\/b>C 60 x L 56 x A 105-113 cm | Altura Assento: 42-50 cm<\/p>\n<p><b>Caracter\u00edsticas:\u00a0<\/b>Regulagem de altura do assento | Sistema Airplane ( Sistema relax com possibilidade de travar em 03 posi\u00e7\u00f5es, ou balan\u00e7ar de acordo com o balan\u00e7o do corpo)<\/p>\n","protected":false},"featured_media":2336,"comment_status":"open","ping_status":"closed","template":"","meta":{"_joinchat":[]},"product_cat":[35,31],"product_tag":[50,62,48,47,63,46],"class_list":{"0":"post-1309","1":"product","2":"type-product","3":"status-publish","4":"has-post-thumbnail","6":"product_cat-cadeira-de-tela","7":"product_cat-cadeira-presidente","8":"product_tag-cadeira","9":"product_tag-cadeira-para-escritorio","10":"product_tag-escritorio","11":"product_tag-moveis","12":"product_tag-moveis-para-escritorio","13":"product_tag-poltrona","15":"first","16":"instock","17":"shipping-taxable","18":"purchasable","19":"product-type-simple"},"_links":{"self":[{"href":"https:\/\/executivaoffice.com.br\/index.php\/wp-json\/wp\/v2\/product\/1309","targetHints":{"allow":["GET"]}}],"collection":[{"href":"https:\/\/executivaoffice.com.br\/index.php\/wp-json\/wp\/v2\/product"}],"about":[{"href":"https:\/\/executivaoffice.com.br\/index.php\/wp-json\/wp\/v2\/types\/product"}],"replies":[{"embeddable":true,"href":"https:\/\/executivaoffice.com.br\/index.php\/wp-json\/wp\/v2\/comments?post=1309"}],"wp:featuredmedia":[{"embeddable":true,"href":"https:\/\/executivaoffice.com.br\/index.php\/wp-json\/wp\/v2\/media\/2336"}],"wp:attachment":[{"href":"https:\/\/executivaoffice.com.br\/index.php\/wp-json\/wp\/v2\/media?parent=1309"}],"wp:term":[{"taxonomy":"product_cat","embeddable":true,"href":"https:\/\/executivaoffice.com.br\/index.php\/wp-json\/wp\/v2\/product_cat?post=1309"},{"taxonomy":"product_tag","embeddable":true,"href":"https:\/\/executivaoffice.com.br\/index.php\/wp-json\/wp\/v2\/product_tag?post=1309"}],"curies":[{"name":"wp","href":"https:\/\/api.w.org\/{rel}","templated":true}]}}