{"id":1329,"date":"2024-10-22T14:24:10","date_gmt":"2024-10-22T17:24:10","guid":{"rendered":"https:\/\/executivaoffice.com.br\/?post_type=product&#038;p=1329"},"modified":"2026-03-12T13:24:05","modified_gmt":"2026-03-12T16:24:05","slug":"sofa-confort-1-lugar","status":"publish","type":"product","link":"https:\/\/executivaoffice.com.br\/index.php\/produto\/sofa-confort-1-lugar\/","title":{"rendered":"Sof\u00e1 confort 1 lugar"},"content":{"rendered":"<p>Recep\u00e7\u00e3o com conforto \u00e9 sin\u00f4nimo de boas-vindas! \ud83d\udecb\ufe0f\u2728 Deixe seus clientes e visitantes \u00e0 vontade com nosso sof\u00e1 Confort \u2013 design elegante e acolhimento na medida certa. Transforme a primeira impress\u00e3o em uma experi\u00eancia \u00fanica<\/p>\n<p>70X70<\/p>\n","protected":false},"excerpt":{"rendered":"<p>Recep\u00e7\u00e3o com conforto \u00e9 sin\u00f4nimo de boas-vindas! \ud83d\udecb\ufe0f\u2728 Deixe seus clientes e visitantes \u00e0 vontade com nosso sof\u00e1 Confort \u2013 design elegante e acolhimento na medida certa. Transforme a primeira impress\u00e3o em uma experi\u00eancia \u00fanica 70X70<\/p>\n","protected":false},"featured_media":1829,"comment_status":"open","ping_status":"closed","template":"","meta":{"_joinchat":[]},"product_cat":[42],"product_tag":[46,66,68],"class_list":{"0":"post-1329","1":"product","2":"type-product","3":"status-publish","4":"has-post-thumbnail","6":"product_cat-sofas-recepcao","7":"product_tag-poltrona","8":"product_tag-recepcao","9":"product_tag-sofa","11":"first","12":"instock","13":"shipping-taxable","14":"purchasable","15":"product-type-simple"},"_links":{"self":[{"href":"https:\/\/executivaoffice.com.br\/index.php\/wp-json\/wp\/v2\/product\/1329","targetHints":{"allow":["GET"]}}],"collection":[{"href":"https:\/\/executivaoffice.com.br\/index.php\/wp-json\/wp\/v2\/product"}],"about":[{"href":"https:\/\/executivaoffice.com.br\/index.php\/wp-json\/wp\/v2\/types\/product"}],"replies":[{"embeddable":true,"href":"https:\/\/executivaoffice.com.br\/index.php\/wp-json\/wp\/v2\/comments?post=1329"}],"wp:featuredmedia":[{"embeddable":true,"href":"https:\/\/executivaoffice.com.br\/index.php\/wp-json\/wp\/v2\/media\/1829"}],"wp:attachment":[{"href":"https:\/\/executivaoffice.com.br\/index.php\/wp-json\/wp\/v2\/media?parent=1329"}],"wp:term":[{"taxonomy":"product_cat","embeddable":true,"href":"https:\/\/executivaoffice.com.br\/index.php\/wp-json\/wp\/v2\/product_cat?post=1329"},{"taxonomy":"product_tag","embeddable":true,"href":"https:\/\/executivaoffice.com.br\/index.php\/wp-json\/wp\/v2\/product_tag?post=1329"}],"curies":[{"name":"wp","href":"https:\/\/api.w.org\/{rel}","templated":true}]}}