{"id":1337,"date":"2024-11-06T12:05:29","date_gmt":"2024-11-06T15:05:29","guid":{"rendered":"https:\/\/executivaoffice.com.br\/?post_type=product&#038;p=1337"},"modified":"2026-01-15T09:37:18","modified_gmt":"2026-01-15T12:37:18","slug":"kit-escolar-individual-azul-mesa-e-cadeira-infantil-03-a-06-anos","status":"publish","type":"product","link":"https:\/\/executivaoffice.com.br\/index.php\/produto\/kit-escolar-individual-azul-mesa-e-cadeira-infantil-03-a-06-anos\/","title":{"rendered":"Kit Escolar Individual AZUL \u2013 (Mesa e Cadeira) \u2013 INFANTIL 03 a 06 Anos"},"content":{"rendered":"<p><strong>Kit Escolar Individual AZUL \u2013 (Mesa e Cadeira) \u2013 INFANTIL 03 a 06 Anos\u00a0<\/strong><\/p>\n<p><strong>Especifica\u00e7\u00f5es:<\/strong><\/p>\n<ul>\n<li>Tampo em pol\u00edmero termopl\u00e1stico (polipropileno)<\/li>\n<li>Porta Copos<\/li>\n<li>Porta Livros<\/li>\n<li>Modelo infantil 03 a 06 anos<\/li>\n<\/ul>\n<p><strong>Garantia do Fornecedor: 24 Meses<\/strong><\/p>\n<p><strong>Medidas:<\/strong><\/p>\n<ul>\n<li>Altura: 0,60m<\/li>\n<li>Largura: 0,60m<\/li>\n<li>Profundidade: 0,45m<\/li>\n<\/ul>\n<p><strong>Modelo:<\/strong><\/p>\n<ul>\n<li>Modelo: Kit Escolar Individual<\/li>\n<li>Refer\u00eancia do Modelo: 03 a 06 anos azul<\/li>\n<\/ul>\n<ul>\n<li><strong>Itens inclusos na embalagem do Conjunto<\/strong><\/li>\n<\/ul>\n<ul>\n<li>01 mesa completa<\/li>\n<li>01 cadeira completa<\/li>\n<li>01 Kit de parafusos para montagem<\/li>\n<\/ul>\n<p>&nbsp;<\/p>\n","protected":false},"excerpt":{"rendered":"<p>Kit Escolar Individual AZUL \u2013 (Mesa e Cadeira) \u2013 INFANTIL 03 a 06 Anos\u00a0 Especifica\u00e7\u00f5es: Tampo em pol\u00edmero termopl\u00e1stico (polipropileno) Porta Copos Porta Livros Modelo infantil 03 a 06 anos Garantia do Fornecedor: 24 Meses Medidas: Altura: 0,60m Largura: 0,60m Profundidade: 0,45m Modelo: Modelo: Kit Escolar Individual Refer\u00eancia do Modelo: 03 a 06 anos azul [&hellip;]<\/p>\n","protected":false},"featured_media":1341,"comment_status":"open","ping_status":"closed","template":"","meta":{"_joinchat":[]},"product_cat":[73],"product_tag":[],"class_list":{"0":"post-1337","1":"product","2":"type-product","3":"status-publish","4":"has-post-thumbnail","6":"product_cat-moveis-escolar","8":"first","9":"instock","10":"shipping-taxable","11":"product-type-simple"},"_links":{"self":[{"href":"https:\/\/executivaoffice.com.br\/index.php\/wp-json\/wp\/v2\/product\/1337","targetHints":{"allow":["GET"]}}],"collection":[{"href":"https:\/\/executivaoffice.com.br\/index.php\/wp-json\/wp\/v2\/product"}],"about":[{"href":"https:\/\/executivaoffice.com.br\/index.php\/wp-json\/wp\/v2\/types\/product"}],"replies":[{"embeddable":true,"href":"https:\/\/executivaoffice.com.br\/index.php\/wp-json\/wp\/v2\/comments?post=1337"}],"wp:featuredmedia":[{"embeddable":true,"href":"https:\/\/executivaoffice.com.br\/index.php\/wp-json\/wp\/v2\/media\/1341"}],"wp:attachment":[{"href":"https:\/\/executivaoffice.com.br\/index.php\/wp-json\/wp\/v2\/media?parent=1337"}],"wp:term":[{"taxonomy":"product_cat","embeddable":true,"href":"https:\/\/executivaoffice.com.br\/index.php\/wp-json\/wp\/v2\/product_cat?post=1337"},{"taxonomy":"product_tag","embeddable":true,"href":"https:\/\/executivaoffice.com.br\/index.php\/wp-json\/wp\/v2\/product_tag?post=1337"}],"curies":[{"name":"wp","href":"https:\/\/api.w.org\/{rel}","templated":true}]}}