{"id":1347,"date":"2024-11-06T12:15:21","date_gmt":"2024-11-06T15:15:21","guid":{"rendered":"https:\/\/executivaoffice.com.br\/?post_type=product&#038;p=1347"},"modified":"2026-01-15T09:37:10","modified_gmt":"2026-01-15T12:37:10","slug":"kit-escolar-individual-mesa-e-cadeira-infantil-03-a-06-anos-cor-vermelho","status":"publish","type":"product","link":"https:\/\/executivaoffice.com.br\/index.php\/produto\/kit-escolar-individual-mesa-e-cadeira-infantil-03-a-06-anos-cor-vermelho\/","title":{"rendered":"Kit Escolar Individual \u2013 (Mesa e Cadeira) \u2013 INFANTIL 03 a 06 Anos COR VERMELHO \u2013"},"content":{"rendered":"<h1 class=\"product_title entry-title\">Kit Escolar Individual \u2013 (Mesa e Cadeira) \u2013 INFANTIL 03 a 06 Anos COR VERMELHO<\/h1>\n<p class=\"price\">\n<div class=\"clear\"><\/div>\n<p class=\"stock in-stock\">\n<form class=\"cart\" action=\"https:\/\/pollodistribuidora.com.br\/kit-escolar-individual-mesa-e-cadeira-infantil-03-a-06-anos-realplast-cor-vermelho-41090\/\" enctype=\"multipart\/form-data\" method=\"post\">\n<div class=\"quantity buttons_added\"><label class=\"screen-reader-text\" for=\"quantity_672b867783467\">Kit Escolar Individual \u2013 (Mesa e Cadeira) \u2013 INFANTIL 03 a 06 Anos <\/label><\/div>\n<div id=\"shipping-calc\"><\/div>\n<div id=\"altEmail_container\"><\/div>\n<\/form>\n<div class=\"commercekit-inventory\">\n<div class=\"progress-bar active\"><\/div>\n<\/div>\n<div class=\"woocommerce-product-details__short-description\">\n<p><strong>Produto:<\/strong> Kit Escolar Individual \u2013 (Mesa e Cadeira) \u2013 INFANTIL 03 a 06 Anos COR VERMELHO \u2013<\/p>\n<p><strong>Modelo:\u00a0<\/strong>Kit Escolar Individual<\/p>\n<p><strong>Refer\u00eancia do Modelo:<\/strong>\u00a003 a 06 anos vermelho<\/p>\n<p><strong>Altura mesa (cm):<\/strong>\u00a060<\/p>\n<p><strong>Largura (cm):<\/strong>\u00a060<\/p>\n<p><strong>Profundidade (cm):<\/strong>\u00a00,45<\/p>\n<p><strong>Cor:<\/strong>\u00a0Vermelho<\/p>\n<p><strong>Garantia do Fornecedor:<\/strong>\u00a024 Meses<\/p>\n<p><strong>Marca:<\/strong>\u00a0PME<\/p>\n<p><strong>Mais Informa\u00e7\u00f5es:<\/strong>\u00a0Assento e encosto em pol\u00edmero termopl\u00e1stico (polipropileno), Estrutura de a\u00e7o, Pl\u00e1stico n\u00e3o t\u00f3xico, Pl\u00e1stico 100% sustent\u00e1vel, Porta Copos, Porta Livros.<\/p>\n<\/div>\n","protected":false},"excerpt":{"rendered":"<p>Kit Escolar Individual \u2013 (Mesa e Cadeira) \u2013 INFANTIL 03 a 06 Anos COR VERMELHO Kit Escolar Individual \u2013 (Mesa e Cadeira) \u2013 INFANTIL 03 a 06 Anos Produto: Kit Escolar Individual \u2013 (Mesa e Cadeira) \u2013 INFANTIL 03 a 06 Anos COR VERMELHO \u2013 Modelo:\u00a0Kit Escolar Individual Refer\u00eancia do Modelo:\u00a003 a 06 anos vermelho [&hellip;]<\/p>\n","protected":false},"featured_media":1351,"comment_status":"open","ping_status":"closed","template":"","meta":{"_joinchat":[]},"product_cat":[73],"product_tag":[],"class_list":{"0":"post-1347","1":"product","2":"type-product","3":"status-publish","4":"has-post-thumbnail","6":"product_cat-moveis-escolar","8":"first","9":"instock","10":"shipping-taxable","11":"product-type-simple"},"_links":{"self":[{"href":"https:\/\/executivaoffice.com.br\/index.php\/wp-json\/wp\/v2\/product\/1347","targetHints":{"allow":["GET"]}}],"collection":[{"href":"https:\/\/executivaoffice.com.br\/index.php\/wp-json\/wp\/v2\/product"}],"about":[{"href":"https:\/\/executivaoffice.com.br\/index.php\/wp-json\/wp\/v2\/types\/product"}],"replies":[{"embeddable":true,"href":"https:\/\/executivaoffice.com.br\/index.php\/wp-json\/wp\/v2\/comments?post=1347"}],"wp:featuredmedia":[{"embeddable":true,"href":"https:\/\/executivaoffice.com.br\/index.php\/wp-json\/wp\/v2\/media\/1351"}],"wp:attachment":[{"href":"https:\/\/executivaoffice.com.br\/index.php\/wp-json\/wp\/v2\/media?parent=1347"}],"wp:term":[{"taxonomy":"product_cat","embeddable":true,"href":"https:\/\/executivaoffice.com.br\/index.php\/wp-json\/wp\/v2\/product_cat?post=1347"},{"taxonomy":"product_tag","embeddable":true,"href":"https:\/\/executivaoffice.com.br\/index.php\/wp-json\/wp\/v2\/product_tag?post=1347"}],"curies":[{"name":"wp","href":"https:\/\/api.w.org\/{rel}","templated":true}]}}