{"id":1359,"date":"2024-11-06T13:17:37","date_gmt":"2024-11-06T16:17:37","guid":{"rendered":"https:\/\/executivaoffice.com.br\/?post_type=product&#038;p=1359"},"modified":"2026-01-15T09:36:57","modified_gmt":"2026-01-15T12:36:57","slug":"conjunto-hexagonal-mesas-e-cadeiras-02-a-06-anos-infantil","status":"publish","type":"product","link":"https:\/\/executivaoffice.com.br\/index.php\/produto\/conjunto-hexagonal-mesas-e-cadeiras-02-a-06-anos-infantil\/","title":{"rendered":"Conjunto HEXAGONAL Mesas e Cadeiras \u2013 02 A 06 anos \u2013 INFANTIL\u00a0"},"content":{"rendered":"<p><strong>Conjunto HEXAGONAL Mesas e Cadeiras \u2013 02 A 06 anos \u2013 INFANTIL\u00a0<\/strong><\/p>\n<p><strong>Especifica\u00e7\u00f5es:<\/strong><\/p>\n<ul>\n<li>Assento e encosto em pol\u00edmero termopl\u00e1stico (polipropileno)<\/li>\n<li>Estrutura de a\u00e7o<\/li>\n<li>Pl\u00e1stico n\u00e3o t\u00f3xico<\/li>\n<li>Pl\u00e1stico 100% sustent\u00e1vel<\/li>\n<li>Modelo Baby 02 \u00e0 06 anos<\/li>\n<\/ul>\n<p><strong>Garantia do Fornecedor: 24 Meses<\/strong><\/p>\n<ul>\n<li>Peso Suportado (Kg): 100 por cadeira<\/li>\n<\/ul>\n<p><strong>Medidas Mesa (cm):<\/strong><\/p>\n<ul>\n<li>Altura: 60<\/li>\n<li>Largura: 66<\/li>\n<li>Profundidade: 40<\/li>\n<\/ul>\n<p><strong>Medidas Cadeira (cm):\u00a0<\/strong><\/p>\n<ul>\n<li>Altura: 65 total<\/li>\n<li>Altura do assento: 36<\/li>\n<li>Largura: 32<\/li>\n<li>Profundidade: 32<\/li>\n<\/ul>\n<p><strong>Modelo: Conjunto Escolar Hexagonal Baby<\/strong><\/p>\n<ul>\n<li>Refer\u00eancia do Modelo: Conjunto Escolar Hexagonal Baby<\/li>\n<\/ul>\n<p><strong>Itens inclusos na embalagem do Conjunto Escolar<\/strong><\/p>\n<ul>\n<li>06 Mesas<\/li>\n<li>06 Cadeiras<\/li>\n<li>01 Mesa de Centro<\/li>\n<li>01 Kit completo de parafusos para montagem<\/li>\n<\/ul>\n","protected":false},"excerpt":{"rendered":"<p>Conjunto HEXAGONAL Mesas e Cadeiras \u2013 02 A 06 anos \u2013 INFANTIL\u00a0 Especifica\u00e7\u00f5es: Assento e encosto em pol\u00edmero termopl\u00e1stico (polipropileno) Estrutura de a\u00e7o Pl\u00e1stico n\u00e3o t\u00f3xico Pl\u00e1stico 100% sustent\u00e1vel Modelo Baby 02 \u00e0 06 anos Garantia do Fornecedor: 24 Meses Peso Suportado (Kg): 100 por cadeira Medidas Mesa (cm): Altura: 60 Largura: 66 Profundidade: 40 [&hellip;]<\/p>\n","protected":false},"featured_media":1360,"comment_status":"open","ping_status":"closed","template":"","meta":{"_joinchat":[]},"product_cat":[73],"product_tag":[],"class_list":{"0":"post-1359","1":"product","2":"type-product","3":"status-publish","4":"has-post-thumbnail","6":"product_cat-moveis-escolar","8":"first","9":"instock","10":"shipping-taxable","11":"product-type-simple"},"_links":{"self":[{"href":"https:\/\/executivaoffice.com.br\/index.php\/wp-json\/wp\/v2\/product\/1359","targetHints":{"allow":["GET"]}}],"collection":[{"href":"https:\/\/executivaoffice.com.br\/index.php\/wp-json\/wp\/v2\/product"}],"about":[{"href":"https:\/\/executivaoffice.com.br\/index.php\/wp-json\/wp\/v2\/types\/product"}],"replies":[{"embeddable":true,"href":"https:\/\/executivaoffice.com.br\/index.php\/wp-json\/wp\/v2\/comments?post=1359"}],"wp:featuredmedia":[{"embeddable":true,"href":"https:\/\/executivaoffice.com.br\/index.php\/wp-json\/wp\/v2\/media\/1360"}],"wp:attachment":[{"href":"https:\/\/executivaoffice.com.br\/index.php\/wp-json\/wp\/v2\/media?parent=1359"}],"wp:term":[{"taxonomy":"product_cat","embeddable":true,"href":"https:\/\/executivaoffice.com.br\/index.php\/wp-json\/wp\/v2\/product_cat?post=1359"},{"taxonomy":"product_tag","embeddable":true,"href":"https:\/\/executivaoffice.com.br\/index.php\/wp-json\/wp\/v2\/product_tag?post=1359"}],"curies":[{"name":"wp","href":"https:\/\/api.w.org\/{rel}","templated":true}]}}