{"id":1366,"date":"2024-11-06T13:20:02","date_gmt":"2024-11-06T16:20:02","guid":{"rendered":"https:\/\/executivaoffice.com.br\/?post_type=product&#038;p=1366"},"modified":"2026-01-15T09:36:50","modified_gmt":"2026-01-15T12:36:50","slug":"conjunto-hexagonal-mesas-e-cadeiras-02-a-06-anos-infantil-2","status":"publish","type":"product","link":"https:\/\/executivaoffice.com.br\/index.php\/produto\/conjunto-hexagonal-mesas-e-cadeiras-02-a-06-anos-infantil-2\/","title":{"rendered":"Conjunto HEXAGONAL Mesas e Cadeiras \u2013 02 A 06 anos \u2013 INFANTIL\u00a0"},"content":{"rendered":"<p><strong>Conjunto HEXAGONAL Mesas e Cadeiras \u2013 02 A 06 anos \u2013 INFANTIL\u00a0<\/strong><\/p>\n<p><strong>Especifica\u00e7\u00f5es:<\/strong><\/p>\n<ul>\n<li>06 Conjutos mesa e cadeira + Mesa Central<\/li>\n<li>Pl\u00e1stico em polipropileno (n\u00e3o t\u00f3xico)<\/li>\n<li>Suporte para livros e material escolar<\/li>\n<li>Estrutura de A\u00e7o<\/li>\n<\/ul>\n<p><strong>Garantia do Fornecedor: 24 Meses\u00a0<\/strong><\/p>\n<p><strong>Medidas:\u00a0<\/strong><\/p>\n<p>Largura: 1,40<\/p>\n<p><strong>Altura: 0,60m<\/strong><\/p>\n<p><strong>Marca:\u00a0<\/strong><\/p>\n<ul>\n<li><strong>Realplast<\/strong><\/li>\n<\/ul>\n<p><strong>Modelo: Hexagonal Infantil<\/strong><\/p>\n<ul>\n<li>Refer\u00eancia do Modelo: Conjunto Hexagonal infantil<\/li>\n<\/ul>\n<p><strong>Itens inclusos na embalagem do conjunto hexagonal<\/strong><\/p>\n<ul>\n<li>06 Assentos e encostos<\/li>\n<li>06 Mesas completa<\/li>\n<li>01 Mesa Central<\/li>\n<li>06 Kits para montagem<\/li>\n<\/ul>\n","protected":false},"excerpt":{"rendered":"<p>Conjunto HEXAGONAL Mesas e Cadeiras \u2013 02 A 06 anos \u2013 INFANTIL\u00a0 Especifica\u00e7\u00f5es: 06 Conjutos mesa e cadeira + Mesa Central Pl\u00e1stico em polipropileno (n\u00e3o t\u00f3xico) Suporte para livros e material escolar Estrutura de A\u00e7o Garantia do Fornecedor: 24 Meses\u00a0 Medidas:\u00a0 Largura: 1,40 Altura: 0,60m Marca:\u00a0 Realplast Modelo: Hexagonal Infantil Refer\u00eancia do Modelo: Conjunto Hexagonal [&hellip;]<\/p>\n","protected":false},"featured_media":1369,"comment_status":"open","ping_status":"closed","template":"","meta":{"_joinchat":[]},"product_cat":[15,73],"product_tag":[],"class_list":{"0":"post-1366","1":"product","2":"type-product","3":"status-publish","4":"has-post-thumbnail","6":"product_cat-uncategorized","7":"product_cat-moveis-escolar","9":"first","10":"instock","11":"shipping-taxable","12":"product-type-simple"},"_links":{"self":[{"href":"https:\/\/executivaoffice.com.br\/index.php\/wp-json\/wp\/v2\/product\/1366","targetHints":{"allow":["GET"]}}],"collection":[{"href":"https:\/\/executivaoffice.com.br\/index.php\/wp-json\/wp\/v2\/product"}],"about":[{"href":"https:\/\/executivaoffice.com.br\/index.php\/wp-json\/wp\/v2\/types\/product"}],"replies":[{"embeddable":true,"href":"https:\/\/executivaoffice.com.br\/index.php\/wp-json\/wp\/v2\/comments?post=1366"}],"wp:featuredmedia":[{"embeddable":true,"href":"https:\/\/executivaoffice.com.br\/index.php\/wp-json\/wp\/v2\/media\/1369"}],"wp:attachment":[{"href":"https:\/\/executivaoffice.com.br\/index.php\/wp-json\/wp\/v2\/media?parent=1366"}],"wp:term":[{"taxonomy":"product_cat","embeddable":true,"href":"https:\/\/executivaoffice.com.br\/index.php\/wp-json\/wp\/v2\/product_cat?post=1366"},{"taxonomy":"product_tag","embeddable":true,"href":"https:\/\/executivaoffice.com.br\/index.php\/wp-json\/wp\/v2\/product_tag?post=1366"}],"curies":[{"name":"wp","href":"https:\/\/api.w.org\/{rel}","templated":true}]}}