{"id":1383,"date":"2024-11-26T10:24:09","date_gmt":"2024-11-26T13:24:09","guid":{"rendered":"https:\/\/executivaoffice.com.br\/?post_type=product&#038;p=1383"},"modified":"2024-11-26T10:24:10","modified_gmt":"2024-11-26T13:24:10","slug":"cadeira-executiva-athenas","status":"publish","type":"product","link":"https:\/\/executivaoffice.com.br\/index.php\/produto\/cadeira-executiva-athenas\/","title":{"rendered":"CADEIRA EXECUTIVA Athenas"},"content":{"rendered":"<p><b>Material:\u00a0<\/b>Polipropileno, Tela e Base Cromada.<\/p>\n<p><b>Cor Dispon\u00edvel:\u00a0<\/b>Preto<\/p>\n<p><b>Peso Suportado:<\/b>\u00a0120kg<\/p>\n<p><b>Dimens\u00f5es:<\/b>\u00a0C 53 x L 58 x A 88-97,5 cm | Altura Assento: 51 cm<\/p>\n<p><b>Caracter\u00edsticas:<\/b>\u00a0Regulagem de altura do assento | Bra\u00e7os Fixos | Encosto em polipropileno com tela.<\/p>\n<p><b>Descri\u00e7\u00e3o:<\/b>\u00a0A cadeira Athenas \u00e9 uma op\u00e7\u00e3o simples e confort\u00e1vel, ideal para espa\u00e7os compartilhados e ambientes de trabalho com alta rotatividade. Seu encosto em tela e assento em espuma, acompanhados por faixas de polipropileno, proporcionam conforto e durabilidade.<\/p>\n","protected":false},"excerpt":{"rendered":"<p>Material:\u00a0Polipropileno, Tela e Base Cromada. Cor Dispon\u00edvel:\u00a0Preto Peso Suportado:\u00a0120kg Dimens\u00f5es:\u00a0C 53 x L 58 x A 88-97,5 cm | Altura Assento: 51 cm Caracter\u00edsticas:\u00a0Regulagem de altura do assento | Bra\u00e7os Fixos | Encosto em polipropileno com tela. Descri\u00e7\u00e3o:\u00a0A cadeira Athenas \u00e9 uma op\u00e7\u00e3o simples e confort\u00e1vel, ideal para espa\u00e7os compartilhados e ambientes de trabalho com [&hellip;]<\/p>\n","protected":false},"featured_media":1384,"comment_status":"open","ping_status":"closed","template":"","meta":{"_joinchat":[]},"product_cat":[35,33],"product_tag":[],"class_list":{"0":"post-1383","1":"product","2":"type-product","3":"status-publish","4":"has-post-thumbnail","6":"product_cat-cadeira-de-tela","7":"product_cat-cadeira-executiva","9":"first","10":"instock","11":"shipping-taxable","12":"purchasable","13":"product-type-simple"},"_links":{"self":[{"href":"https:\/\/executivaoffice.com.br\/index.php\/wp-json\/wp\/v2\/product\/1383","targetHints":{"allow":["GET"]}}],"collection":[{"href":"https:\/\/executivaoffice.com.br\/index.php\/wp-json\/wp\/v2\/product"}],"about":[{"href":"https:\/\/executivaoffice.com.br\/index.php\/wp-json\/wp\/v2\/types\/product"}],"replies":[{"embeddable":true,"href":"https:\/\/executivaoffice.com.br\/index.php\/wp-json\/wp\/v2\/comments?post=1383"}],"wp:featuredmedia":[{"embeddable":true,"href":"https:\/\/executivaoffice.com.br\/index.php\/wp-json\/wp\/v2\/media\/1384"}],"wp:attachment":[{"href":"https:\/\/executivaoffice.com.br\/index.php\/wp-json\/wp\/v2\/media?parent=1383"}],"wp:term":[{"taxonomy":"product_cat","embeddable":true,"href":"https:\/\/executivaoffice.com.br\/index.php\/wp-json\/wp\/v2\/product_cat?post=1383"},{"taxonomy":"product_tag","embeddable":true,"href":"https:\/\/executivaoffice.com.br\/index.php\/wp-json\/wp\/v2\/product_tag?post=1383"}],"curies":[{"name":"wp","href":"https:\/\/api.w.org\/{rel}","templated":true}]}}