{"id":1406,"date":"2024-11-26T13:29:45","date_gmt":"2024-11-26T16:29:45","guid":{"rendered":"https:\/\/executivaoffice.com.br\/?post_type=product&#038;p=1406"},"modified":"2026-02-05T14:24:26","modified_gmt":"2026-02-05T17:24:26","slug":"cadeira-caixa-executiva-costurada-braco-corsa","status":"publish","type":"product","link":"https:\/\/executivaoffice.com.br\/index.php\/produto\/cadeira-caixa-executiva-costurada-braco-corsa\/","title":{"rendered":"Cadeira Caixa Executiva Costurada Bra\u00e7o Corsa"},"content":{"rendered":"<p><strong>Cadeira Caixa Executiva Costurada Bra\u00e7o Corsa\u00a0<\/strong><\/p>\n<p><strong>Especifica\u00e7\u00f5es:<\/strong><\/p>\n<ul>\n<li>Cor Preto<\/li>\n<li>Base Caixa Girat\u00f3ria<\/li>\n<li>Assento e encosto em Corino<\/li>\n<li>Espuma injetada<\/li>\n<li>Bra\u00e7o Fixo em Polipropileno<\/li>\n<\/ul>\n<p><strong>Garantia do Fornecedor: 11 Meses<\/strong><\/p>\n<ul>\n<li>Peso Suportado (Kg): 120<\/li>\n<\/ul>\n","protected":false},"excerpt":{"rendered":"<p>Cadeira Caixa Executiva Costurada Bra\u00e7o Corsa\u00a0 Especifica\u00e7\u00f5es: Cor Preto Base Caixa Girat\u00f3ria Assento e encosto em Corino Espuma injetada Bra\u00e7o Fixo em Polipropileno Garantia do Fornecedor: 11 Meses Peso Suportado (Kg): 120<\/p>\n","protected":false},"featured_media":1407,"comment_status":"open","ping_status":"closed","template":"","meta":{"_joinchat":[]},"product_cat":[41],"product_tag":[],"class_list":{"0":"post-1406","1":"product","2":"type-product","3":"status-publish","4":"has-post-thumbnail","6":"product_cat-cadeira-caixa","8":"first","9":"instock","10":"shipping-taxable","11":"purchasable","12":"product-type-simple"},"_links":{"self":[{"href":"https:\/\/executivaoffice.com.br\/index.php\/wp-json\/wp\/v2\/product\/1406","targetHints":{"allow":["GET"]}}],"collection":[{"href":"https:\/\/executivaoffice.com.br\/index.php\/wp-json\/wp\/v2\/product"}],"about":[{"href":"https:\/\/executivaoffice.com.br\/index.php\/wp-json\/wp\/v2\/types\/product"}],"replies":[{"embeddable":true,"href":"https:\/\/executivaoffice.com.br\/index.php\/wp-json\/wp\/v2\/comments?post=1406"}],"wp:featuredmedia":[{"embeddable":true,"href":"https:\/\/executivaoffice.com.br\/index.php\/wp-json\/wp\/v2\/media\/1407"}],"wp:attachment":[{"href":"https:\/\/executivaoffice.com.br\/index.php\/wp-json\/wp\/v2\/media?parent=1406"}],"wp:term":[{"taxonomy":"product_cat","embeddable":true,"href":"https:\/\/executivaoffice.com.br\/index.php\/wp-json\/wp\/v2\/product_cat?post=1406"},{"taxonomy":"product_tag","embeddable":true,"href":"https:\/\/executivaoffice.com.br\/index.php\/wp-json\/wp\/v2\/product_tag?post=1406"}],"curies":[{"name":"wp","href":"https:\/\/api.w.org\/{rel}","templated":true}]}}