{"id":1416,"date":"2024-11-26T14:43:00","date_gmt":"2024-11-26T17:43:00","guid":{"rendered":"https:\/\/executivaoffice.com.br\/?post_type=product&#038;p=1416"},"modified":"2025-09-01T13:29:20","modified_gmt":"2025-09-01T16:29:20","slug":"cadeira-executiva-costurada-base-trapezio","status":"publish","type":"product","link":"https:\/\/executivaoffice.com.br\/index.php\/produto\/cadeira-executiva-costurada-base-trapezio\/","title":{"rendered":"Cadeira Executiva COSTURADA Base Trap\u00e9zio"},"content":{"rendered":"<p>&nbsp;<\/p>\n<p>Garantia do Fornecedor: 12 MESES<\/p>\n<p><strong>Modelo: Cadeira para Escrit\u00f3rio<\/strong><\/p>\n<p>Refer\u00eancia do Modelo: Cadeira Executiva Interlocutor Trap\u00e9zio<\/p>\n<p>Conte\u00fado da Embalagem: Assento e Encosto Executivo\u00a0 \/ Base Trap\u00e9zio<\/p>\n<p>&nbsp;<\/p>\n<p><strong>Peso Suportado (Kg): 130<\/strong><\/p>\n<p>Estofado: Madeira Anat\u00f3mica de 15mm \/ Espuma Injetada \/ Corino Preto<\/p>\n<p>Estrutura: Fixa Modelo Trap\u00e9zio<\/p>\n","protected":false},"excerpt":{"rendered":"<p>&nbsp; Garantia do Fornecedor: 12 MESES Modelo: Cadeira para Escrit\u00f3rio Refer\u00eancia do Modelo: Cadeira Executiva Interlocutor Trap\u00e9zio Conte\u00fado da Embalagem: Assento e Encosto Executivo\u00a0 \/ Base Trap\u00e9zio &nbsp; Peso Suportado (Kg): 130 Estofado: Madeira Anat\u00f3mica de 15mm \/ Espuma Injetada \/ Corino Preto Estrutura: Fixa Modelo Trap\u00e9zio<\/p>\n","protected":false},"featured_media":1417,"comment_status":"open","ping_status":"closed","template":"","meta":{"_joinchat":[]},"product_cat":[43],"product_tag":[],"class_list":{"0":"post-1416","1":"product","2":"type-product","3":"status-publish","4":"has-post-thumbnail","6":"product_cat-cadeira-fixa","8":"first","9":"instock","10":"shipping-taxable","11":"purchasable","12":"product-type-simple"},"_links":{"self":[{"href":"https:\/\/executivaoffice.com.br\/index.php\/wp-json\/wp\/v2\/product\/1416","targetHints":{"allow":["GET"]}}],"collection":[{"href":"https:\/\/executivaoffice.com.br\/index.php\/wp-json\/wp\/v2\/product"}],"about":[{"href":"https:\/\/executivaoffice.com.br\/index.php\/wp-json\/wp\/v2\/types\/product"}],"replies":[{"embeddable":true,"href":"https:\/\/executivaoffice.com.br\/index.php\/wp-json\/wp\/v2\/comments?post=1416"}],"wp:featuredmedia":[{"embeddable":true,"href":"https:\/\/executivaoffice.com.br\/index.php\/wp-json\/wp\/v2\/media\/1417"}],"wp:attachment":[{"href":"https:\/\/executivaoffice.com.br\/index.php\/wp-json\/wp\/v2\/media?parent=1416"}],"wp:term":[{"taxonomy":"product_cat","embeddable":true,"href":"https:\/\/executivaoffice.com.br\/index.php\/wp-json\/wp\/v2\/product_cat?post=1416"},{"taxonomy":"product_tag","embeddable":true,"href":"https:\/\/executivaoffice.com.br\/index.php\/wp-json\/wp\/v2\/product_tag?post=1416"}],"curies":[{"name":"wp","href":"https:\/\/api.w.org\/{rel}","templated":true}]}}