{"id":1431,"date":"2024-11-27T13:29:51","date_gmt":"2024-11-27T16:29:51","guid":{"rendered":"https:\/\/executivaoffice.com.br\/?post_type=product&#038;p=1431"},"modified":"2024-11-27T13:29:51","modified_gmt":"2024-11-27T16:29:51","slug":"cadeira-marcella-nude","status":"publish","type":"product","link":"https:\/\/executivaoffice.com.br\/index.php\/produto\/cadeira-marcella-nude\/","title":{"rendered":"Cadeira Marcella Nude"},"content":{"rendered":"<p><strong>Material:<\/strong>\u00a0Polipropileno e assento com revestimento em couro ecol\u00f3gico (PU).<\/p>\n<p><strong>Cores dispon\u00edveis:<\/strong> Nude, Preto<\/p>\n<p><strong>Dimens\u00f5es:<\/strong>\u00a0C 55\u00a0 x L 58\u00a0 x A 83\u00a0 cm | Altura Assento: 46cm<\/p>\n<p><strong>Descri\u00e7\u00e3o:<\/strong>\u00a0A cadeira Montreal \u00e9 uma excelente op\u00e7\u00e3o, com assento em polipropileno e estofado em couro ecol\u00f3gico. Seu encosto levemente curvado e vazado adiciona uma sensa\u00e7\u00e3o de leveza ao ambiente. \u00c9 perfeita para complementar espa\u00e7os com estilo urbano, que est\u00e3o em alta na decora\u00e7\u00e3o.<\/p>\n","protected":false},"excerpt":{"rendered":"<p>Material:\u00a0Polipropileno e assento com revestimento em couro ecol\u00f3gico (PU). Cores dispon\u00edveis: Nude, Preto Dimens\u00f5es:\u00a0C 55\u00a0 x L 58\u00a0 x A 83\u00a0 cm | Altura Assento: 46cm Descri\u00e7\u00e3o:\u00a0A cadeira Montreal \u00e9 uma excelente op\u00e7\u00e3o, com assento em polipropileno e estofado em couro ecol\u00f3gico. Seu encosto levemente curvado e vazado adiciona uma sensa\u00e7\u00e3o de leveza ao ambiente. [&hellip;]<\/p>\n","protected":false},"featured_media":1432,"comment_status":"open","ping_status":"closed","template":"","meta":{"_joinchat":[]},"product_cat":[43],"product_tag":[],"class_list":{"0":"post-1431","1":"product","2":"type-product","3":"status-publish","4":"has-post-thumbnail","6":"product_cat-cadeira-fixa","8":"first","9":"instock","10":"shipping-taxable","11":"purchasable","12":"product-type-simple"},"_links":{"self":[{"href":"https:\/\/executivaoffice.com.br\/index.php\/wp-json\/wp\/v2\/product\/1431","targetHints":{"allow":["GET"]}}],"collection":[{"href":"https:\/\/executivaoffice.com.br\/index.php\/wp-json\/wp\/v2\/product"}],"about":[{"href":"https:\/\/executivaoffice.com.br\/index.php\/wp-json\/wp\/v2\/types\/product"}],"replies":[{"embeddable":true,"href":"https:\/\/executivaoffice.com.br\/index.php\/wp-json\/wp\/v2\/comments?post=1431"}],"wp:featuredmedia":[{"embeddable":true,"href":"https:\/\/executivaoffice.com.br\/index.php\/wp-json\/wp\/v2\/media\/1432"}],"wp:attachment":[{"href":"https:\/\/executivaoffice.com.br\/index.php\/wp-json\/wp\/v2\/media?parent=1431"}],"wp:term":[{"taxonomy":"product_cat","embeddable":true,"href":"https:\/\/executivaoffice.com.br\/index.php\/wp-json\/wp\/v2\/product_cat?post=1431"},{"taxonomy":"product_tag","embeddable":true,"href":"https:\/\/executivaoffice.com.br\/index.php\/wp-json\/wp\/v2\/product_tag?post=1431"}],"curies":[{"name":"wp","href":"https:\/\/api.w.org\/{rel}","templated":true}]}}