{"id":1440,"date":"2024-11-27T13:35:02","date_gmt":"2024-11-27T16:35:02","guid":{"rendered":"https:\/\/executivaoffice.com.br\/?post_type=product&#038;p=1440"},"modified":"2024-11-27T13:35:03","modified_gmt":"2024-11-27T16:35:03","slug":"cadeira-allegra-vermelha","status":"publish","type":"product","link":"https:\/\/executivaoffice.com.br\/index.php\/produto\/cadeira-allegra-vermelha\/","title":{"rendered":"Cadeira Allegra VERMELHA"},"content":{"rendered":"<p><strong>Designer:\u00a0<\/strong>Philippe Starck<\/p>\n<p><strong>Material:\u00a0<\/strong>Polipropileno<\/p>\n<p><strong>Peso Suportado:\u00a0<\/strong>182 kg<\/p>\n<p><strong>Dimens\u00f5es:<\/strong>\u00a0C 56 x L 51 x A 83 cm | Altura Assento: 45cm<\/p>\n<p><strong>Certifica\u00e7\u00f5es:<\/strong>\u00a0Inmetro<\/p>\n<p><strong>Descri\u00e7\u00e3o:<\/strong>\u00a0cadeira Aviv \u00e9 imponente e detalhada, ideal para uso residencial ou em ambientes corporativos. Sendo uma cadeira monobloco, \u00e9 empilh\u00e1vel, resistente e f\u00e1cil de limpar e manter. Sua variedade de cores permite combina\u00e7\u00f5es vers\u00e1teis, para diversos ambientes.<\/p>\n","protected":false},"excerpt":{"rendered":"<p>Designer:\u00a0Philippe Starck Material:\u00a0Polipropileno Peso Suportado:\u00a0182 kg Dimens\u00f5es:\u00a0C 56 x L 51 x A 83 cm | Altura Assento: 45cm Certifica\u00e7\u00f5es:\u00a0Inmetro Descri\u00e7\u00e3o:\u00a0cadeira Aviv \u00e9 imponente e detalhada, ideal para uso residencial ou em ambientes corporativos. Sendo uma cadeira monobloco, \u00e9 empilh\u00e1vel, resistente e f\u00e1cil de limpar e manter. Sua variedade de cores permite combina\u00e7\u00f5es vers\u00e1teis, para [&hellip;]<\/p>\n","protected":false},"featured_media":1441,"comment_status":"open","ping_status":"closed","template":"","meta":{"_joinchat":[]},"product_cat":[43],"product_tag":[],"class_list":{"0":"post-1440","1":"product","2":"type-product","3":"status-publish","4":"has-post-thumbnail","6":"product_cat-cadeira-fixa","8":"first","9":"instock","10":"shipping-taxable","11":"purchasable","12":"product-type-simple"},"_links":{"self":[{"href":"https:\/\/executivaoffice.com.br\/index.php\/wp-json\/wp\/v2\/product\/1440","targetHints":{"allow":["GET"]}}],"collection":[{"href":"https:\/\/executivaoffice.com.br\/index.php\/wp-json\/wp\/v2\/product"}],"about":[{"href":"https:\/\/executivaoffice.com.br\/index.php\/wp-json\/wp\/v2\/types\/product"}],"replies":[{"embeddable":true,"href":"https:\/\/executivaoffice.com.br\/index.php\/wp-json\/wp\/v2\/comments?post=1440"}],"wp:featuredmedia":[{"embeddable":true,"href":"https:\/\/executivaoffice.com.br\/index.php\/wp-json\/wp\/v2\/media\/1441"}],"wp:attachment":[{"href":"https:\/\/executivaoffice.com.br\/index.php\/wp-json\/wp\/v2\/media?parent=1440"}],"wp:term":[{"taxonomy":"product_cat","embeddable":true,"href":"https:\/\/executivaoffice.com.br\/index.php\/wp-json\/wp\/v2\/product_cat?post=1440"},{"taxonomy":"product_tag","embeddable":true,"href":"https:\/\/executivaoffice.com.br\/index.php\/wp-json\/wp\/v2\/product_tag?post=1440"}],"curies":[{"name":"wp","href":"https:\/\/api.w.org\/{rel}","templated":true}]}}