{"id":1476,"date":"2024-11-27T14:11:46","date_gmt":"2024-11-27T17:11:46","guid":{"rendered":"https:\/\/executivaoffice.com.br\/?post_type=product&#038;p=1476"},"modified":"2024-11-27T14:12:26","modified_gmt":"2024-11-27T17:12:26","slug":"cadeira-eiffe","status":"publish","type":"product","link":"https:\/\/executivaoffice.com.br\/index.php\/produto\/cadeira-eiffe\/","title":{"rendered":"Cadeira Eiffe VERMELHA"},"content":{"rendered":"<p><strong>Nomes Comerciais:<\/strong> Eiffel<\/p>\n<p><strong>Designer:<\/strong>\u00a0Ray e Charles Eames<\/p>\n<p><strong>Material:<\/strong>\u00a0Assento em polipropileno. Base em madeira.<\/p>\n<p><strong>Peso Suportado:<\/strong>\u00a0100 kg<\/p>\n<p><strong>Dimens\u00f5es:<\/strong>\u00a0C 52 x L 45 x A 83 cm | Altura Assento: 46cm<\/p>\n<p><strong>Descri\u00e7\u00e3o:<\/strong>\u00a0A cadeira Fl\u00f3rida sem Bra\u00e7o possui um design atemporal, com assento em polipropileno e p\u00e9s em madeira, conferindo-lhe um toque de modernidade e sofistica\u00e7\u00e3o. \u00c9 a maneira perfeita de incorporar um \u00edcone do design \u00e0 sua resid\u00eancia. Al\u00e9m disso, sua limpeza \u00e9 extremamente simples, requerendo apenas um pano \u00famido.<\/p>\n","protected":false},"excerpt":{"rendered":"<p>Nomes Comerciais: Eiffel Designer:\u00a0Ray e Charles Eames Material:\u00a0Assento em polipropileno. Base em madeira. Peso Suportado:\u00a0100 kg Dimens\u00f5es:\u00a0C 52 x L 45 x A 83 cm | Altura Assento: 46cm Descri\u00e7\u00e3o:\u00a0A cadeira Fl\u00f3rida sem Bra\u00e7o possui um design atemporal, com assento em polipropileno e p\u00e9s em madeira, conferindo-lhe um toque de modernidade e sofistica\u00e7\u00e3o. \u00c9 a [&hellip;]<\/p>\n","protected":false},"featured_media":1470,"comment_status":"open","ping_status":"closed","template":"","meta":{"_joinchat":[]},"product_cat":[43],"product_tag":[],"class_list":{"0":"post-1476","1":"product","2":"type-product","3":"status-publish","4":"has-post-thumbnail","6":"product_cat-cadeira-fixa","8":"first","9":"instock","10":"shipping-taxable","11":"purchasable","12":"product-type-simple"},"_links":{"self":[{"href":"https:\/\/executivaoffice.com.br\/index.php\/wp-json\/wp\/v2\/product\/1476","targetHints":{"allow":["GET"]}}],"collection":[{"href":"https:\/\/executivaoffice.com.br\/index.php\/wp-json\/wp\/v2\/product"}],"about":[{"href":"https:\/\/executivaoffice.com.br\/index.php\/wp-json\/wp\/v2\/types\/product"}],"replies":[{"embeddable":true,"href":"https:\/\/executivaoffice.com.br\/index.php\/wp-json\/wp\/v2\/comments?post=1476"}],"wp:featuredmedia":[{"embeddable":true,"href":"https:\/\/executivaoffice.com.br\/index.php\/wp-json\/wp\/v2\/media\/1470"}],"wp:attachment":[{"href":"https:\/\/executivaoffice.com.br\/index.php\/wp-json\/wp\/v2\/media?parent=1476"}],"wp:term":[{"taxonomy":"product_cat","embeddable":true,"href":"https:\/\/executivaoffice.com.br\/index.php\/wp-json\/wp\/v2\/product_cat?post=1476"},{"taxonomy":"product_tag","embeddable":true,"href":"https:\/\/executivaoffice.com.br\/index.php\/wp-json\/wp\/v2\/product_tag?post=1476"}],"curies":[{"name":"wp","href":"https:\/\/api.w.org\/{rel}","templated":true}]}}