{"id":1573,"date":"2025-01-08T13:32:36","date_gmt":"2025-01-08T16:32:36","guid":{"rendered":"https:\/\/executivaoffice.com.br\/?post_type=product&#038;p=1573"},"modified":"2026-01-15T09:36:35","modified_gmt":"2026-01-15T12:36:35","slug":"kit-escolar-individual-mesa-e-cadeira-juvenil-06-a-09-anos-cor-vermelho","status":"publish","type":"product","link":"https:\/\/executivaoffice.com.br\/index.php\/produto\/kit-escolar-individual-mesa-e-cadeira-juvenil-06-a-09-anos-cor-vermelho\/","title":{"rendered":"Kit Escolar Individual \u2013 (Mesa e Cadeira) \u2013 JUVENIL 06 a 09 Anos COR VERMELHO"},"content":{"rendered":"<p><strong>Kit Escolar Individual \u2013 (Mesa e Cadeira) \u2013 JUVENIL 06 a 09 Anos COR VERMELHO \u2013\u00a0<\/strong><\/p>\n<p><strong>Especifica\u00e7\u00f5es:<\/strong><\/p>\n<ul>\n<li>Assento e encosto em pol\u00edmero termopl\u00e1stico (polipropileno)<\/li>\n<li>Estrutura de a\u00e7o<\/li>\n<li>Pl\u00e1stico n\u00e3o t\u00f3xico<\/li>\n<li>Pl\u00e1stico 100% sustent\u00e1vel<\/li>\n<\/ul>\n<p><strong>Garantia do Fornecedor: 24 Meses<\/strong><\/p>\n<ul>\n<li>Peso Suportado (Kg): 100<\/li>\n<\/ul>\n<p><strong>Medidas Mesa:<\/strong><\/p>\n<ul>\n<li>Altura: 0,70<\/li>\n<li>Largura: 0,60<\/li>\n<li>Profundidade: 0,45<\/li>\n<\/ul>\n<p><strong>Medidas Cadeira:\u00a0<\/strong><\/p>\n<ul>\n<li>Altura: 0,70<\/li>\n<li>Largura: 0,33<\/li>\n<li>Profundidade: 0,32<\/li>\n<\/ul>\n","protected":false},"excerpt":{"rendered":"<p>Kit Escolar Individual \u2013 (Mesa e Cadeira) \u2013 JUVENIL 06 a 09 Anos COR VERMELHO \u2013\u00a0 Especifica\u00e7\u00f5es: Assento e encosto em pol\u00edmero termopl\u00e1stico (polipropileno) Estrutura de a\u00e7o Pl\u00e1stico n\u00e3o t\u00f3xico Pl\u00e1stico 100% sustent\u00e1vel Garantia do Fornecedor: 24 Meses Peso Suportado (Kg): 100 Medidas Mesa: Altura: 0,70 Largura: 0,60 Profundidade: 0,45 Medidas Cadeira:\u00a0 Altura: 0,70 Largura: [&hellip;]<\/p>\n","protected":false},"featured_media":1351,"comment_status":"open","ping_status":"closed","template":"","meta":{"_joinchat":[]},"product_cat":[73],"product_tag":[],"class_list":{"0":"post-1573","1":"product","2":"type-product","3":"status-publish","4":"has-post-thumbnail","6":"product_cat-moveis-escolar","8":"first","9":"instock","10":"shipping-taxable","11":"product-type-simple"},"_links":{"self":[{"href":"https:\/\/executivaoffice.com.br\/index.php\/wp-json\/wp\/v2\/product\/1573","targetHints":{"allow":["GET"]}}],"collection":[{"href":"https:\/\/executivaoffice.com.br\/index.php\/wp-json\/wp\/v2\/product"}],"about":[{"href":"https:\/\/executivaoffice.com.br\/index.php\/wp-json\/wp\/v2\/types\/product"}],"replies":[{"embeddable":true,"href":"https:\/\/executivaoffice.com.br\/index.php\/wp-json\/wp\/v2\/comments?post=1573"}],"wp:featuredmedia":[{"embeddable":true,"href":"https:\/\/executivaoffice.com.br\/index.php\/wp-json\/wp\/v2\/media\/1351"}],"wp:attachment":[{"href":"https:\/\/executivaoffice.com.br\/index.php\/wp-json\/wp\/v2\/media?parent=1573"}],"wp:term":[{"taxonomy":"product_cat","embeddable":true,"href":"https:\/\/executivaoffice.com.br\/index.php\/wp-json\/wp\/v2\/product_cat?post=1573"},{"taxonomy":"product_tag","embeddable":true,"href":"https:\/\/executivaoffice.com.br\/index.php\/wp-json\/wp\/v2\/product_tag?post=1573"}],"curies":[{"name":"wp","href":"https:\/\/api.w.org\/{rel}","templated":true}]}}