{"id":1574,"date":"2025-01-08T13:35:41","date_gmt":"2025-01-08T16:35:41","guid":{"rendered":"https:\/\/executivaoffice.com.br\/?post_type=product&#038;p=1574"},"modified":"2026-01-15T09:36:30","modified_gmt":"2026-01-15T12:36:30","slug":"conjunto-escolar-hexagonal-mesas-e-cadeiras-06-a-09-anos-juvenil","status":"publish","type":"product","link":"https:\/\/executivaoffice.com.br\/index.php\/produto\/conjunto-escolar-hexagonal-mesas-e-cadeiras-06-a-09-anos-juvenil\/","title":{"rendered":"Conjunto Escolar Hexagonal Mesas e Cadeiras \u2013 06 A 09 anos \u2013 JUVENIL"},"content":{"rendered":"<p><strong>Conjunto Escolar Hexagonal BABY Mesas e Cadeiras \u2013 06 A 09 anos \u2013 JUVENIL\u00a0<\/strong><\/p>\n<p><strong>Especifica\u00e7\u00f5es:<\/strong><\/p>\n<ul>\n<li>06 Conjutos mesa e cadeira<\/li>\n<li>Pl\u00e1stico em polipropileno (n\u00e3o t\u00f3xico)<\/li>\n<li>suporte para livros e material escolar<\/li>\n<li>Estrutura de A\u00e7o<\/li>\n<li>Apoio para material escolar<\/li>\n<\/ul>\n<p><strong>Garantia do Fornecedor: 24 Meses\u00a0<\/strong><\/p>\n<p><strong>Medidas:\u00a0<\/strong><\/p>\n<p>Largura: 1,40<\/p>\n<p><strong>Altura (Mesa): 0,65m<\/strong><\/p>\n<p><strong>Altura (Cadeira): 0,70m<\/strong><\/p>\n","protected":false},"excerpt":{"rendered":"<p>Conjunto Escolar Hexagonal BABY Mesas e Cadeiras \u2013 06 A 09 anos \u2013 JUVENIL\u00a0 Especifica\u00e7\u00f5es: 06 Conjutos mesa e cadeira Pl\u00e1stico em polipropileno (n\u00e3o t\u00f3xico) suporte para livros e material escolar Estrutura de A\u00e7o Apoio para material escolar Garantia do Fornecedor: 24 Meses\u00a0 Medidas:\u00a0 Largura: 1,40 Altura (Mesa): 0,65m Altura (Cadeira): 0,70m<\/p>\n","protected":false},"featured_media":1360,"comment_status":"open","ping_status":"closed","template":"","meta":{"_joinchat":[]},"product_cat":[73],"product_tag":[],"class_list":{"0":"post-1574","1":"product","2":"type-product","3":"status-publish","4":"has-post-thumbnail","6":"product_cat-moveis-escolar","8":"first","9":"instock","10":"shipping-taxable","11":"product-type-simple"},"_links":{"self":[{"href":"https:\/\/executivaoffice.com.br\/index.php\/wp-json\/wp\/v2\/product\/1574","targetHints":{"allow":["GET"]}}],"collection":[{"href":"https:\/\/executivaoffice.com.br\/index.php\/wp-json\/wp\/v2\/product"}],"about":[{"href":"https:\/\/executivaoffice.com.br\/index.php\/wp-json\/wp\/v2\/types\/product"}],"replies":[{"embeddable":true,"href":"https:\/\/executivaoffice.com.br\/index.php\/wp-json\/wp\/v2\/comments?post=1574"}],"wp:featuredmedia":[{"embeddable":true,"href":"https:\/\/executivaoffice.com.br\/index.php\/wp-json\/wp\/v2\/media\/1360"}],"wp:attachment":[{"href":"https:\/\/executivaoffice.com.br\/index.php\/wp-json\/wp\/v2\/media?parent=1574"}],"wp:term":[{"taxonomy":"product_cat","embeddable":true,"href":"https:\/\/executivaoffice.com.br\/index.php\/wp-json\/wp\/v2\/product_cat?post=1574"},{"taxonomy":"product_tag","embeddable":true,"href":"https:\/\/executivaoffice.com.br\/index.php\/wp-json\/wp\/v2\/product_tag?post=1574"}],"curies":[{"name":"wp","href":"https:\/\/api.w.org\/{rel}","templated":true}]}}