{"id":1584,"date":"2025-01-08T13:39:27","date_gmt":"2025-01-08T16:39:27","guid":{"rendered":"https:\/\/executivaoffice.com.br\/?post_type=product&#038;p=1584"},"modified":"2026-01-15T09:36:21","modified_gmt":"2026-01-15T12:36:21","slug":"conjunto-hexagonal-mesas-e-cadeiras-06-a-09-anos-infanto-juvenil-2","status":"publish","type":"product","link":"https:\/\/executivaoffice.com.br\/index.php\/produto\/conjunto-hexagonal-mesas-e-cadeiras-06-a-09-anos-infanto-juvenil-2\/","title":{"rendered":"Conjunto HEXAGONAL Mesas e Cadeiras \u2013 06 A 09 anos \u2013 INFANTO JUVENIL"},"content":{"rendered":"<p><strong>Conjunto HEXAGONAL Mesas e Cadeiras \u2013 06 A 09 anos \u2013 INFANTO JUVENIL 42000<\/strong><\/p>\n<p><strong>Especifica\u00e7\u00f5es:<\/strong><\/p>\n<ul>\n<li>06 Conjuntos mesa e cadeira<\/li>\n<li>Pl\u00e1stico em polipropileno (n\u00e3o t\u00f3xico)<\/li>\n<li>suporte para livros e material escolar<\/li>\n<li>Estrutura de A\u00e7o<\/li>\n<\/ul>\n<p><strong>Garantia do Fornecedor: 24 Meses\u00a0<\/strong><\/p>\n<p><strong>Medidas:\u00a0<\/strong><\/p>\n<p>Largura: 1,40<\/p>\n<p><strong>Altura: 0,65m<\/strong><\/p>\n<p><strong>Modelo: Hexagonal Juvenil<\/strong><\/p>\n<ul>\n<li>Refer\u00eancia do Modelo: Conjunto Hexagonal Juvenil<\/li>\n<\/ul>\n","protected":false},"excerpt":{"rendered":"<p>Conjunto HEXAGONAL Mesas e Cadeiras \u2013 06 A 09 anos \u2013 INFANTO JUVENIL 42000 Especifica\u00e7\u00f5es: 06 Conjuntos mesa e cadeira Pl\u00e1stico em polipropileno (n\u00e3o t\u00f3xico) suporte para livros e material escolar Estrutura de A\u00e7o Garantia do Fornecedor: 24 Meses\u00a0 Medidas:\u00a0 Largura: 1,40 Altura: 0,65m Modelo: Hexagonal Juvenil Refer\u00eancia do Modelo: Conjunto Hexagonal Juvenil<\/p>\n","protected":false},"featured_media":1369,"comment_status":"open","ping_status":"closed","template":"","meta":{"_joinchat":[]},"product_cat":[73],"product_tag":[50,54,53,48,55,49,47,51,46],"class_list":{"0":"post-1584","1":"product","2":"type-product","3":"status-publish","4":"has-post-thumbnail","6":"product_cat-moveis-escolar","7":"product_tag-cadeira","8":"product_tag-escola","9":"product_tag-escolar","10":"product_tag-escritorio","11":"product_tag-infantil","12":"product_tag-luxo","13":"product_tag-moveis","14":"product_tag-office","15":"product_tag-poltrona","17":"first","18":"instock","19":"featured","20":"shipping-taxable","21":"product-type-simple"},"_links":{"self":[{"href":"https:\/\/executivaoffice.com.br\/index.php\/wp-json\/wp\/v2\/product\/1584","targetHints":{"allow":["GET"]}}],"collection":[{"href":"https:\/\/executivaoffice.com.br\/index.php\/wp-json\/wp\/v2\/product"}],"about":[{"href":"https:\/\/executivaoffice.com.br\/index.php\/wp-json\/wp\/v2\/types\/product"}],"replies":[{"embeddable":true,"href":"https:\/\/executivaoffice.com.br\/index.php\/wp-json\/wp\/v2\/comments?post=1584"}],"wp:featuredmedia":[{"embeddable":true,"href":"https:\/\/executivaoffice.com.br\/index.php\/wp-json\/wp\/v2\/media\/1369"}],"wp:attachment":[{"href":"https:\/\/executivaoffice.com.br\/index.php\/wp-json\/wp\/v2\/media?parent=1584"}],"wp:term":[{"taxonomy":"product_cat","embeddable":true,"href":"https:\/\/executivaoffice.com.br\/index.php\/wp-json\/wp\/v2\/product_cat?post=1584"},{"taxonomy":"product_tag","embeddable":true,"href":"https:\/\/executivaoffice.com.br\/index.php\/wp-json\/wp\/v2\/product_tag?post=1584"}],"curies":[{"name":"wp","href":"https:\/\/api.w.org\/{rel}","templated":true}]}}