{"id":1676,"date":"2025-02-17T10:53:11","date_gmt":"2025-02-17T13:53:11","guid":{"rendered":"https:\/\/executivaoffice.com.br\/?post_type=product&#038;p=1676"},"modified":"2025-02-17T10:53:11","modified_gmt":"2025-02-17T13:53:11","slug":"poltrona-fixa-atreus-estofada-cor-preto","status":"publish","type":"product","link":"https:\/\/executivaoffice.com.br\/index.php\/produto\/poltrona-fixa-atreus-estofada-cor-preto\/","title":{"rendered":"Poltrona FIXA ATREUS Estofada \u2013 Cor Preto"},"content":{"rendered":"<p><strong>Poltrona para Escrit\u00f3rio Interlocutor ATREUS Estofada \u2013 Cor Preto\u00a0<\/strong><\/p>\n<p><strong>Especifica\u00e7\u00f5es:<\/strong><\/p>\n<ul>\n<li>Cor Preto<\/li>\n<li>Base de A\u00e7o cromado<\/li>\n<li>Base Interlocutor<\/li>\n<li>Assento em Corino<\/li>\n<li>Encosto em Corino<\/li>\n<li>Rod\u00edzio refor\u00e7ado<\/li>\n<\/ul>\n<p>&nbsp;<\/p>\n<ul>\n<li>Peso Suportado (Kg): 110<\/li>\n<\/ul>\n","protected":false},"excerpt":{"rendered":"<p>Poltrona para Escrit\u00f3rio Interlocutor ATREUS Estofada \u2013 Cor Preto\u00a0 Especifica\u00e7\u00f5es: Cor Preto Base de A\u00e7o cromado Base Interlocutor Assento em Corino Encosto em Corino Rod\u00edzio refor\u00e7ado &nbsp; Peso Suportado (Kg): 110<\/p>\n","protected":false},"featured_media":1677,"comment_status":"open","ping_status":"closed","template":"","meta":{"_joinchat":[]},"product_cat":[43],"product_tag":[50,48,49,59,47,51,46],"class_list":{"0":"post-1676","1":"product","2":"type-product","3":"status-publish","4":"has-post-thumbnail","6":"product_cat-cadeira-fixa","7":"product_tag-cadeira","8":"product_tag-escritorio","9":"product_tag-luxo","10":"product_tag-mesa","11":"product_tag-moveis","12":"product_tag-office","13":"product_tag-poltrona","15":"first","16":"instock","17":"shipping-taxable","18":"purchasable","19":"product-type-simple"},"_links":{"self":[{"href":"https:\/\/executivaoffice.com.br\/index.php\/wp-json\/wp\/v2\/product\/1676","targetHints":{"allow":["GET"]}}],"collection":[{"href":"https:\/\/executivaoffice.com.br\/index.php\/wp-json\/wp\/v2\/product"}],"about":[{"href":"https:\/\/executivaoffice.com.br\/index.php\/wp-json\/wp\/v2\/types\/product"}],"replies":[{"embeddable":true,"href":"https:\/\/executivaoffice.com.br\/index.php\/wp-json\/wp\/v2\/comments?post=1676"}],"wp:featuredmedia":[{"embeddable":true,"href":"https:\/\/executivaoffice.com.br\/index.php\/wp-json\/wp\/v2\/media\/1677"}],"wp:attachment":[{"href":"https:\/\/executivaoffice.com.br\/index.php\/wp-json\/wp\/v2\/media?parent=1676"}],"wp:term":[{"taxonomy":"product_cat","embeddable":true,"href":"https:\/\/executivaoffice.com.br\/index.php\/wp-json\/wp\/v2\/product_cat?post=1676"},{"taxonomy":"product_tag","embeddable":true,"href":"https:\/\/executivaoffice.com.br\/index.php\/wp-json\/wp\/v2\/product_tag?post=1676"}],"curies":[{"name":"wp","href":"https:\/\/api.w.org\/{rel}","templated":true}]}}