{"id":1684,"date":"2025-02-24T14:52:25","date_gmt":"2025-02-24T17:52:25","guid":{"rendered":"https:\/\/executivaoffice.com.br\/?post_type=product&#038;p=1684"},"modified":"2025-09-01T13:29:41","modified_gmt":"2025-09-01T16:29:41","slug":"cadeira-executiva-lisa-base-trapezio","status":"publish","type":"product","link":"https:\/\/executivaoffice.com.br\/index.php\/produto\/cadeira-executiva-lisa-base-trapezio\/","title":{"rendered":"Cadeira Executiva LISA Base Trap\u00e9zio"},"content":{"rendered":"<p><strong>Cadeira Executiva LISA Base Trap\u00e9zio Cor Preta\u00a0<\/strong><\/p>\n<p><strong>Ficha T\u00e9cnica:<\/strong><\/p>\n<p>Garantia do Fornecedor: 12 meses<\/p>\n<p><strong>Modelo: Cadeira para Escrit\u00f3rio<\/strong><\/p>\n<p>Refer\u00eancia do Modelo: Cadeira Executiva Interlocutor Trap\u00e9zio<\/p>\n<p>Conte\u00fado da Embalagem: Assento e Encosto Executivo\u00a0 \/ Base Trap\u00e9zio<\/p>\n<p><strong>Peso Suportado (Kg): 110<\/strong><\/p>\n<p>Estofado: Madeira Anat\u00f3mica de 15mm \/ Espuma Injetada \/ Corino Preto<\/p>\n<p>Estrutura: Fixa Modelo Trap\u00e9zio<\/p>\n","protected":false},"excerpt":{"rendered":"<p>Cadeira Executiva LISA Base Trap\u00e9zio Cor Preta\u00a0 Ficha T\u00e9cnica: Garantia do Fornecedor: 12 meses Modelo: Cadeira para Escrit\u00f3rio Refer\u00eancia do Modelo: Cadeira Executiva Interlocutor Trap\u00e9zio Conte\u00fado da Embalagem: Assento e Encosto Executivo\u00a0 \/ Base Trap\u00e9zio Peso Suportado (Kg): 110 Estofado: Madeira Anat\u00f3mica de 15mm \/ Espuma Injetada \/ Corino Preto Estrutura: Fixa Modelo Trap\u00e9zio<\/p>\n","protected":false},"featured_media":1685,"comment_status":"open","ping_status":"closed","template":"","meta":{"_joinchat":[]},"product_cat":[43],"product_tag":[50,54,53,48,47,51,46],"class_list":{"0":"post-1684","1":"product","2":"type-product","3":"status-publish","4":"has-post-thumbnail","6":"product_cat-cadeira-fixa","7":"product_tag-cadeira","8":"product_tag-escola","9":"product_tag-escolar","10":"product_tag-escritorio","11":"product_tag-moveis","12":"product_tag-office","13":"product_tag-poltrona","15":"first","16":"instock","17":"shipping-taxable","18":"purchasable","19":"product-type-simple"},"_links":{"self":[{"href":"https:\/\/executivaoffice.com.br\/index.php\/wp-json\/wp\/v2\/product\/1684","targetHints":{"allow":["GET"]}}],"collection":[{"href":"https:\/\/executivaoffice.com.br\/index.php\/wp-json\/wp\/v2\/product"}],"about":[{"href":"https:\/\/executivaoffice.com.br\/index.php\/wp-json\/wp\/v2\/types\/product"}],"replies":[{"embeddable":true,"href":"https:\/\/executivaoffice.com.br\/index.php\/wp-json\/wp\/v2\/comments?post=1684"}],"wp:featuredmedia":[{"embeddable":true,"href":"https:\/\/executivaoffice.com.br\/index.php\/wp-json\/wp\/v2\/media\/1685"}],"wp:attachment":[{"href":"https:\/\/executivaoffice.com.br\/index.php\/wp-json\/wp\/v2\/media?parent=1684"}],"wp:term":[{"taxonomy":"product_cat","embeddable":true,"href":"https:\/\/executivaoffice.com.br\/index.php\/wp-json\/wp\/v2\/product_cat?post=1684"},{"taxonomy":"product_tag","embeddable":true,"href":"https:\/\/executivaoffice.com.br\/index.php\/wp-json\/wp\/v2\/product_tag?post=1684"}],"curies":[{"name":"wp","href":"https:\/\/api.w.org\/{rel}","templated":true}]}}