{"id":1717,"date":"2025-03-17T13:32:26","date_gmt":"2025-03-17T16:32:26","guid":{"rendered":"https:\/\/executivaoffice.com.br\/?post_type=product&#038;p=1717"},"modified":"2025-03-17T13:32:26","modified_gmt":"2025-03-17T16:32:26","slug":"cadeira-universitaria-plastica-prancheta-mdf-cor-preto","status":"publish","type":"product","link":"https:\/\/executivaoffice.com.br\/index.php\/produto\/cadeira-universitaria-plastica-prancheta-mdf-cor-preto\/","title":{"rendered":"Cadeira Universit\u00e1ria Pl\u00e1stica Prancheta MDF \u2013 COR PRETO"},"content":{"rendered":"<p><strong>Peso Suportado (Kg):<\/strong>\u00a0120<\/p>\n<p><strong>Base:<\/strong>\u00a0de a\u00e7o refor\u00e7ado, base mont\u00e1vel.<\/p>\n<p><strong>Mais informa\u00e7\u00f5es:<\/strong>\u00a0Prancheta em madeira, Assento e encosto em polipropileno, Base de a\u00e7o com pintura eletrost\u00e1tica (mont\u00e1vel), Porta Livros.<\/p>\n","protected":false},"excerpt":{"rendered":"<p>Peso Suportado (Kg):\u00a0120 Base:\u00a0de a\u00e7o refor\u00e7ado, base mont\u00e1vel. Mais informa\u00e7\u00f5es:\u00a0Prancheta em madeira, Assento e encosto em polipropileno, Base de a\u00e7o com pintura eletrost\u00e1tica (mont\u00e1vel), Porta Livros.<\/p>\n","protected":false},"featured_media":1718,"comment_status":"open","ping_status":"closed","template":"","meta":{"_joinchat":[]},"product_cat":[15],"product_tag":[50,60,54,53,48,59,47,58,61,51],"class_list":{"0":"post-1717","1":"product","2":"type-product","3":"status-publish","4":"has-post-thumbnail","6":"product_cat-uncategorized","7":"product_tag-cadeira","8":"product_tag-cadeira-fixa","9":"product_tag-escola","10":"product_tag-escolar","11":"product_tag-escritorio","12":"product_tag-mesa","13":"product_tag-moveis","14":"product_tag-moveis-escolar","15":"product_tag-moveis-escritorio","16":"product_tag-office","18":"first","19":"instock","20":"shipping-taxable","21":"purchasable","22":"product-type-simple"},"_links":{"self":[{"href":"https:\/\/executivaoffice.com.br\/index.php\/wp-json\/wp\/v2\/product\/1717","targetHints":{"allow":["GET"]}}],"collection":[{"href":"https:\/\/executivaoffice.com.br\/index.php\/wp-json\/wp\/v2\/product"}],"about":[{"href":"https:\/\/executivaoffice.com.br\/index.php\/wp-json\/wp\/v2\/types\/product"}],"replies":[{"embeddable":true,"href":"https:\/\/executivaoffice.com.br\/index.php\/wp-json\/wp\/v2\/comments?post=1717"}],"wp:featuredmedia":[{"embeddable":true,"href":"https:\/\/executivaoffice.com.br\/index.php\/wp-json\/wp\/v2\/media\/1718"}],"wp:attachment":[{"href":"https:\/\/executivaoffice.com.br\/index.php\/wp-json\/wp\/v2\/media?parent=1717"}],"wp:term":[{"taxonomy":"product_cat","embeddable":true,"href":"https:\/\/executivaoffice.com.br\/index.php\/wp-json\/wp\/v2\/product_cat?post=1717"},{"taxonomy":"product_tag","embeddable":true,"href":"https:\/\/executivaoffice.com.br\/index.php\/wp-json\/wp\/v2\/product_tag?post=1717"}],"curies":[{"name":"wp","href":"https:\/\/api.w.org\/{rel}","templated":true}]}}