{"id":1733,"date":"2025-03-21T10:56:04","date_gmt":"2025-03-21T13:56:04","guid":{"rendered":"https:\/\/executivaoffice.com.br\/?post_type=product&#038;p=1733"},"modified":"2025-09-01T13:20:54","modified_gmt":"2025-09-01T16:20:54","slug":"cadeira-charles-eames-esteirinha-caramelo","status":"publish","type":"product","link":"https:\/\/executivaoffice.com.br\/index.php\/produto\/cadeira-charles-eames-esteirinha-caramelo\/","title":{"rendered":"POLTRONA PRESIDENTE  Esteirinha CARAMELO"},"content":{"rendered":"<p><strong>Cadeira\u00a0 Esteirinha \u2013 CARAMELO\u00a0<\/strong><\/p>\n<p><strong>Especifica\u00e7\u00f5es:<\/strong><\/p>\n<ul>\n<li>Cor Caramelo<\/li>\n<li>Base de A\u00e7o cromado<\/li>\n<li>Base Girat\u00f3ria<\/li>\n<li>Assento em Corino<\/li>\n<li>Encosto em Corino<\/li>\n<li>Rod\u00edzio refor\u00e7ado<\/li>\n<\/ul>\n<p><strong>Garantia do Fornecedor: 12 Meses<\/strong><\/p>\n<ul>\n<li>Peso Suportado (Kg): 110<\/li>\n<\/ul>\n","protected":false},"excerpt":{"rendered":"<p>Cadeira\u00a0 Esteirinha \u2013 CARAMELO\u00a0 Especifica\u00e7\u00f5es: Cor Caramelo Base de A\u00e7o cromado Base Girat\u00f3ria Assento em Corino Encosto em Corino Rod\u00edzio refor\u00e7ado Garantia do Fornecedor: 12 Meses Peso Suportado (Kg): 110<\/p>\n","protected":false},"featured_media":1734,"comment_status":"open","ping_status":"closed","template":"","meta":{"_joinchat":[]},"product_cat":[31],"product_tag":[],"class_list":{"0":"post-1733","1":"product","2":"type-product","3":"status-publish","4":"has-post-thumbnail","6":"product_cat-cadeira-presidente","8":"first","9":"instock","10":"shipping-taxable","11":"purchasable","12":"product-type-simple"},"_links":{"self":[{"href":"https:\/\/executivaoffice.com.br\/index.php\/wp-json\/wp\/v2\/product\/1733","targetHints":{"allow":["GET"]}}],"collection":[{"href":"https:\/\/executivaoffice.com.br\/index.php\/wp-json\/wp\/v2\/product"}],"about":[{"href":"https:\/\/executivaoffice.com.br\/index.php\/wp-json\/wp\/v2\/types\/product"}],"replies":[{"embeddable":true,"href":"https:\/\/executivaoffice.com.br\/index.php\/wp-json\/wp\/v2\/comments?post=1733"}],"wp:featuredmedia":[{"embeddable":true,"href":"https:\/\/executivaoffice.com.br\/index.php\/wp-json\/wp\/v2\/media\/1734"}],"wp:attachment":[{"href":"https:\/\/executivaoffice.com.br\/index.php\/wp-json\/wp\/v2\/media?parent=1733"}],"wp:term":[{"taxonomy":"product_cat","embeddable":true,"href":"https:\/\/executivaoffice.com.br\/index.php\/wp-json\/wp\/v2\/product_cat?post=1733"},{"taxonomy":"product_tag","embeddable":true,"href":"https:\/\/executivaoffice.com.br\/index.php\/wp-json\/wp\/v2\/product_tag?post=1733"}],"curies":[{"name":"wp","href":"https:\/\/api.w.org\/{rel}","templated":true}]}}