{"id":1752,"date":"2025-06-27T12:54:34","date_gmt":"2025-06-27T15:54:34","guid":{"rendered":"https:\/\/executivaoffice.com.br\/?post_type=product&#038;p=1752"},"modified":"2026-02-24T12:55:26","modified_gmt":"2026-02-24T15:55:26","slug":"cadeira-diretor-shanghai","status":"publish","type":"product","link":"https:\/\/executivaoffice.com.br\/index.php\/produto\/cadeira-diretor-shanghai\/","title":{"rendered":"CADEIRA DIRETOR Shanghai"},"content":{"rendered":"<p>em nylon com borda de PU (poliuretano).<\/p>\n<p><b>Cor Dispon\u00edvel:<\/b>\u00a0Preto<\/p>\n<p><b>Peso Suportado:\u00a0<\/b>150kg<\/p>\n<p><b>Dimens\u00f5es:<\/b>\u00a0C 61 x L 66 x A 88-107 cm | Altura Assento: 42-51 cm<\/p>\n<p><b>Densidade da Espuma:\u00a055 g\/cm<sup>3\u00a0<\/sup><\/b>\u00a0(Espuma Injetada)<\/p>\n<p><b>Caracter\u00edsticas:<\/b>\u00a0Regulagem de altura do assento | Regulagem de altura dos bra\u00e7os | Assento com espuma injetada | Regulagem da inclina\u00e7\u00e3o do encosto | Sistema sincronizado (travamento do encosto em qualquer posi\u00e7\u00e3o) | Apoio de lombar regul\u00e1vel | Ergon\u00f4mica \u2013 Certifica\u00e7\u00e3o NR 17<\/p>\n<p><b>Certifica\u00e7\u00e3o:\u00a0<\/b>Ergonomia \u2013 NR 17<\/p>\n","protected":false},"excerpt":{"rendered":"<p>em nylon com borda de PU (poliuretano). Cor Dispon\u00edvel:\u00a0Preto Peso Suportado:\u00a0150kg Dimens\u00f5es:\u00a0C 61 x L 66 x A 88-107 cm | Altura Assento: 42-51 cm Densidade da Espuma:\u00a055 g\/cm3\u00a0\u00a0(Espuma Injetada) Caracter\u00edsticas:\u00a0Regulagem de altura do assento | Regulagem de altura dos bra\u00e7os | Assento com espuma injetada | Regulagem da inclina\u00e7\u00e3o do encosto | Sistema sincronizado [&hellip;]<\/p>\n","protected":false},"featured_media":1753,"comment_status":"open","ping_status":"closed","template":"","meta":{"_joinchat":[]},"product_cat":[35,32],"product_tag":[],"class_list":{"0":"post-1752","1":"product","2":"type-product","3":"status-publish","4":"has-post-thumbnail","6":"product_cat-cadeira-de-tela","7":"product_cat-cadeira-diretor","9":"first","10":"instock","11":"shipping-taxable","12":"purchasable","13":"product-type-simple"},"_links":{"self":[{"href":"https:\/\/executivaoffice.com.br\/index.php\/wp-json\/wp\/v2\/product\/1752","targetHints":{"allow":["GET"]}}],"collection":[{"href":"https:\/\/executivaoffice.com.br\/index.php\/wp-json\/wp\/v2\/product"}],"about":[{"href":"https:\/\/executivaoffice.com.br\/index.php\/wp-json\/wp\/v2\/types\/product"}],"replies":[{"embeddable":true,"href":"https:\/\/executivaoffice.com.br\/index.php\/wp-json\/wp\/v2\/comments?post=1752"}],"wp:featuredmedia":[{"embeddable":true,"href":"https:\/\/executivaoffice.com.br\/index.php\/wp-json\/wp\/v2\/media\/1753"}],"wp:attachment":[{"href":"https:\/\/executivaoffice.com.br\/index.php\/wp-json\/wp\/v2\/media?parent=1752"}],"wp:term":[{"taxonomy":"product_cat","embeddable":true,"href":"https:\/\/executivaoffice.com.br\/index.php\/wp-json\/wp\/v2\/product_cat?post=1752"},{"taxonomy":"product_tag","embeddable":true,"href":"https:\/\/executivaoffice.com.br\/index.php\/wp-json\/wp\/v2\/product_tag?post=1752"}],"curies":[{"name":"wp","href":"https:\/\/api.w.org\/{rel}","templated":true}]}}