{"id":1765,"date":"2025-07-30T12:38:35","date_gmt":"2025-07-30T15:38:35","guid":{"rendered":"https:\/\/executivaoffice.com.br\/?post_type=product&#038;p=1765"},"modified":"2025-07-30T12:38:35","modified_gmt":"2025-07-30T15:38:35","slug":"cadeira-executiva-lisa-giratoria-sem-braco","status":"publish","type":"product","link":"https:\/\/executivaoffice.com.br\/index.php\/produto\/cadeira-executiva-lisa-giratoria-sem-braco\/","title":{"rendered":"CADEIRA EXECUTIVA LISA GIRATORIA SEM BRA\u00c7O"},"content":{"rendered":"<p>Revestimento<br \/>\nMaterial: Corino sint\u00e9tico preto<\/p>\n<p>Acabamento: Liso, sem costuras aparentes<\/p>\n<p>F\u00e1cil de limpar e resistente a respingos<\/p>\n<p>Estrutura<br \/>\nEncosto: Estrutura interna em madeira compensada com espuma de alta densidade<\/p>\n<p>Assento: Estrutura em madeira compensada, com espuma de poliuretano de alta densidade, densidade aproximada D28<\/p>\n<p>Base: Metalon refor\u00e7ado com 5 hastes de sustenta\u00e7\u00e3o<\/p>\n<p>Regulagens<\/p>\n","protected":false},"excerpt":{"rendered":"<p>Cadeira Executiva LISA Girat\u00f3ria Sem Bra\u00e7os<\/p>\n","protected":false},"featured_media":1768,"comment_status":"open","ping_status":"closed","template":"","meta":{"_joinchat":[]},"product_cat":[33],"product_tag":[],"class_list":{"0":"post-1765","1":"product","2":"type-product","3":"status-publish","4":"has-post-thumbnail","6":"product_cat-cadeira-executiva","8":"first","9":"instock","10":"shipping-taxable","11":"purchasable","12":"product-type-simple"},"_links":{"self":[{"href":"https:\/\/executivaoffice.com.br\/index.php\/wp-json\/wp\/v2\/product\/1765","targetHints":{"allow":["GET"]}}],"collection":[{"href":"https:\/\/executivaoffice.com.br\/index.php\/wp-json\/wp\/v2\/product"}],"about":[{"href":"https:\/\/executivaoffice.com.br\/index.php\/wp-json\/wp\/v2\/types\/product"}],"replies":[{"embeddable":true,"href":"https:\/\/executivaoffice.com.br\/index.php\/wp-json\/wp\/v2\/comments?post=1765"}],"wp:featuredmedia":[{"embeddable":true,"href":"https:\/\/executivaoffice.com.br\/index.php\/wp-json\/wp\/v2\/media\/1768"}],"wp:attachment":[{"href":"https:\/\/executivaoffice.com.br\/index.php\/wp-json\/wp\/v2\/media?parent=1765"}],"wp:term":[{"taxonomy":"product_cat","embeddable":true,"href":"https:\/\/executivaoffice.com.br\/index.php\/wp-json\/wp\/v2\/product_cat?post=1765"},{"taxonomy":"product_tag","embeddable":true,"href":"https:\/\/executivaoffice.com.br\/index.php\/wp-json\/wp\/v2\/product_tag?post=1765"}],"curies":[{"name":"wp","href":"https:\/\/api.w.org\/{rel}","templated":true}]}}