{"id":1772,"date":"2025-08-21T14:49:57","date_gmt":"2025-08-21T17:49:57","guid":{"rendered":"https:\/\/executivaoffice.com.br\/?post_type=product&#038;p=1772"},"modified":"2026-02-05T14:22:59","modified_gmt":"2026-02-05T17:22:59","slug":"poltrona-presidente-luxo-confort-marrom-cafe","status":"publish","type":"product","link":"https:\/\/executivaoffice.com.br\/index.php\/produto\/poltrona-presidente-luxo-confort-marrom-cafe\/","title":{"rendered":"POLTRONA PRESIDENTE LUXO CONFORT MARROM CAF\u00c9"},"content":{"rendered":"<h2>Descri\u00e7\u00e3o<\/h2>\n<p><strong>Ficha T\u00e9cnica:<\/strong><\/p>\n<p>Garantia do Fornecedor: 11 Meses<\/p>\n<p><strong>Modelo:<\/strong>\u00a0Cadeira para Escrit\u00f3rio<\/p>\n<p><strong>Refer\u00eancia do Modelo:<\/strong>\u00a0Cadeira de Escrit\u00f3rio Presidente Luxo<\/p>\n<p><strong>Conte\u00fado da Embalagem:<\/strong>\u00a0Assento e Encosto \/ Estrutura Girat\u00f3ria Syncron<\/p>\n<p><strong>Peso Suportado (Kg):<\/strong>\u00a0150<\/p>\n<p><strong>Estofado:<\/strong> Cour\u00edssimo \/ Espuma Injetada<\/p>\n","protected":false},"excerpt":{"rendered":"<p>Descri\u00e7\u00e3o Ficha T\u00e9cnica: Garantia do Fornecedor: 11 Meses Modelo:\u00a0Cadeira para Escrit\u00f3rio Refer\u00eancia do Modelo:\u00a0Cadeira de Escrit\u00f3rio Presidente Luxo Conte\u00fado da Embalagem:\u00a0Assento e Encosto \/ Estrutura Girat\u00f3ria Syncron Peso Suportado (Kg):\u00a0150 Estofado: Cour\u00edssimo \/ Espuma Injetada<\/p>\n","protected":false},"featured_media":1773,"comment_status":"open","ping_status":"closed","template":"","meta":{"_joinchat":[]},"product_cat":[31,45],"product_tag":[50,62,47,63],"class_list":{"0":"post-1772","1":"product","2":"type-product","3":"status-publish","4":"has-post-thumbnail","6":"product_cat-cadeira-presidente","7":"product_cat-cadeiras","8":"product_tag-cadeira","9":"product_tag-cadeira-para-escritorio","10":"product_tag-moveis","11":"product_tag-moveis-para-escritorio","13":"first","14":"instock","15":"shipping-taxable","16":"purchasable","17":"product-type-simple"},"_links":{"self":[{"href":"https:\/\/executivaoffice.com.br\/index.php\/wp-json\/wp\/v2\/product\/1772","targetHints":{"allow":["GET"]}}],"collection":[{"href":"https:\/\/executivaoffice.com.br\/index.php\/wp-json\/wp\/v2\/product"}],"about":[{"href":"https:\/\/executivaoffice.com.br\/index.php\/wp-json\/wp\/v2\/types\/product"}],"replies":[{"embeddable":true,"href":"https:\/\/executivaoffice.com.br\/index.php\/wp-json\/wp\/v2\/comments?post=1772"}],"wp:featuredmedia":[{"embeddable":true,"href":"https:\/\/executivaoffice.com.br\/index.php\/wp-json\/wp\/v2\/media\/1773"}],"wp:attachment":[{"href":"https:\/\/executivaoffice.com.br\/index.php\/wp-json\/wp\/v2\/media?parent=1772"}],"wp:term":[{"taxonomy":"product_cat","embeddable":true,"href":"https:\/\/executivaoffice.com.br\/index.php\/wp-json\/wp\/v2\/product_cat?post=1772"},{"taxonomy":"product_tag","embeddable":true,"href":"https:\/\/executivaoffice.com.br\/index.php\/wp-json\/wp\/v2\/product_tag?post=1772"}],"curies":[{"name":"wp","href":"https:\/\/api.w.org\/{rel}","templated":true}]}}